{"id":3,"date":"2024-01-02T10:18:24","date_gmt":"2024-01-02T13:18:24","guid":{"rendered":"http:\/\/bitesofpleasure.com\/?page_id=3"},"modified":"2024-01-02T21:38:02","modified_gmt":"2024-01-03T00:38:02","slug":"politica-de-privacidade","status":"publish","type":"page","link":"https:\/\/bitesofpleasure.com\/uk\/politica-de-privacidade\/","title":{"rendered":"\u041f\u043e\u043b\u0456\u0442\u0438\u043a\u0430 \u043a\u043e\u043d\u0444\u0456\u0434\u0435\u043d\u0446\u0456\u0439\u043d\u043e\u0441\u0442\u0456"},"content":{"rendered":"<div class=\"flex-1 overflow-hidden\">\r\n<div class=\"react-scroll-to-bottom--css-oabmi-79elbk h-full\">\r\n<div class=\"react-scroll-to-bottom--css-oabmi-1n7m0yu\">\r\n<div class=\"flex flex-col pb-9 text-sm\">\r\n<div class=\"w-full text-token-text-primary\" data-testid=\"conversation-turn-5\">\r\n<div class=\"px-4 py-2 justify-center text-base md:gap-6 m-auto\">\r\n<div class=\"flex flex-1 text-base mx-auto gap-3 md:px-5 lg:px-1 xl:px-5 md:max-w-3xl lg:max-w-[40rem] xl:max-w-[48rem] group final-completion\">\r\n<div class=\"relative flex w-full flex-col lg:w-[calc(100%-115px)] agent-turn\">\r\n<div class=\"flex-col gap-1 md:gap-3\">\r\n<div class=\"flex flex-grow flex-col max-w-full\">\r\n<div class=\"min-h-[20px] text-message flex flex-col items-start gap-3 whitespace-pre-wrap break-words [.text-message+&amp;]:mt-5 overflow-x-auto\" data-message-author-role=\"assistant\" data-message-id=\"35a68a1c-073e-4aa0-903f-9e246ece482d\">\r\n<div class=\"markdown prose w-full break-words dark:prose-invert light\">\r\n<p>\u0426\u0435 \u041f\u043e\u043b\u0456\u0442\u0438\u043a\u0430 \u043a\u043e\u043d\u0444\u0456\u0434\u0435\u043d\u0446\u0456\u0439\u043d\u043e\u0441\u0442\u0456 BitesofPleasure, \u0434\u043e\u0441\u0442\u0443\u043f\u043d\u0430 \u0437\u0430 \u0430\u0434\u0440\u0435\u0441\u043e\u044e [\u043f\u043e\u0441\u0438\u043b\u0430\u043d\u043d\u044f \u043d\u0430 \u043f\u043e\u043b\u0456\u0442\u0438\u043a\u0443 \u043a\u043e\u043d\u0444\u0456\u0434\u0435\u043d\u0446\u0456\u0439\u043d\u043e\u0441\u0442\u0456]. <a href=\"http:\/\/bitesofpleasure.com\/\" target=\"_new\" rel=\"noopener\">www.bitesofpleasure.com<\/a><\/p>\r\n<p><strong>\u0429\u043e \u0442\u0430\u043a\u0435 \u0444\u0430\u0439\u043b\u0438 cookie?<\/strong> \u042f\u043a \u0456 \u0431\u0456\u043b\u044c\u0448\u0456\u0441\u0442\u044c \u043f\u0440\u043e\u0444\u0435\u0441\u0456\u0439\u043d\u0438\u0445 \u0432\u0435\u0431-\u0441\u0430\u0439\u0442\u0456\u0432, BitesofPleasure \u0432\u0438\u043a\u043e\u0440\u0438\u0441\u0442\u043e\u0432\u0443\u0454 \u0444\u0430\u0439\u043b\u0438 cookie, \u043d\u0435\u0432\u0435\u043b\u0438\u043a\u0456 \u0444\u0430\u0439\u043b\u0438, \u0449\u043e \u043f\u0435\u0440\u0435\u0434\u0430\u044e\u0442\u044c\u0441\u044f \u043d\u0430 \u0432\u0430\u0448 \u043f\u0440\u0438\u0441\u0442\u0440\u0456\u0439, \u0434\u043b\u044f \u043e\u043f\u0442\u0438\u043c\u0456\u0437\u0430\u0446\u0456\u0457 \u0432\u0430\u0448\u043e\u0433\u043e \u0434\u043e\u0441\u0432\u0456\u0434\u0443 \u043f\u0435\u0440\u0435\u0433\u043b\u044f\u0434\u0443. \u0423 \u0446\u044c\u043e\u043c\u0443 \u0440\u043e\u0437\u0434\u0456\u043b\u0456 \u043f\u043e\u044f\u0441\u043d\u044e\u0454\u0442\u044c\u0441\u044f \u0456\u043d\u0444\u043e\u0440\u043c\u0430\u0446\u0456\u044f, \u0437\u0456\u0431\u0440\u0430\u043d\u0430 \u0446\u0438\u043c\u0438 \u0444\u0430\u0439\u043b\u0430\u043c\u0438 cookie, \u044f\u043a \u043c\u0438 \u0457\u0445 \u0432\u0438\u043a\u043e\u0440\u0438\u0441\u0442\u043e\u0432\u0443\u0454\u043c\u043e \u0442\u0430 \u0447\u043e\u043c\u0443 \u043d\u0430\u043c \u0456\u043d\u043e\u0434\u0456 \u043f\u043e\u0442\u0440\u0456\u0431\u043d\u043e \u0457\u0445 \u0437\u0431\u0435\u0440\u0456\u0433\u0430\u0442\u0438. \u041c\u0438 \u0442\u0430\u043a\u043e\u0436 \u043f\u043e\u044f\u0441\u043d\u0438\u043c\u043e, \u044f\u043a \u0432\u0438 \u043c\u043e\u0436\u0435\u0442\u0435 \u0437\u0430\u043f\u043e\u0431\u0456\u0433\u0442\u0438 \u0437\u0431\u0435\u0440\u0456\u0433\u0430\u043d\u043d\u044e \u0446\u0438\u0445 \u0444\u0430\u0439\u043b\u0456\u0432 cookie, \u0449\u043e \u043c\u043e\u0436\u0435 \u0432\u043f\u043b\u0438\u043d\u0443\u0442\u0438 \u043d\u0430 \u0444\u0443\u043d\u043a\u0446\u0456\u043e\u043d\u0430\u043b\u044c\u043d\u0456\u0441\u0442\u044c \u0441\u0430\u0439\u0442\u0443. \u0429\u043e\u0431 \u043e\u0442\u0440\u0438\u043c\u0430\u0442\u0438 \u0434\u043e\u0434\u0430\u0442\u043a\u043e\u0432\u0443 \u0456\u043d\u0444\u043e\u0440\u043c\u0430\u0446\u0456\u044e \u043f\u0440\u043e \u0444\u0430\u0439\u043b\u0438 cookie, \u043f\u0435\u0440\u0435\u0433\u043b\u044f\u043d\u044c\u0442\u0435 \u0441\u0442\u0430\u0442\u0442\u044e \u0412\u0456\u043a\u0456\u043f\u0435\u0434\u0456\u0457 \u043f\u0440\u043e HTTP-\u0444\u0430\u0439\u043b\u0438 cookie.<\/p>\r\n<p><strong>\u0412\u0438\u043a\u043e\u0440\u0438\u0441\u0442\u0430\u043d\u043d\u044f \u0444\u0430\u0439\u043b\u0456\u0432 cookie<\/strong> \u041c\u0438 \u0432\u0438\u043a\u043e\u0440\u0438\u0441\u0442\u043e\u0432\u0443\u0454\u043c\u043e \u0444\u0430\u0439\u043b\u0438 cookie \u0437 \u043a\u0456\u043b\u044c\u043a\u043e\u0445 \u043f\u0440\u0438\u0447\u0438\u043d, \u0434\u0435\u0442\u0430\u043b\u044c\u043d\u043e \u043e\u043f\u0438\u0441\u0430\u043d\u0438\u0445 \u043d\u0438\u0436\u0447\u0435. \u0423 \u0431\u0430\u0433\u0430\u0442\u044c\u043e\u0445 \u0432\u0438\u043f\u0430\u0434\u043a\u0430\u0445 \u043d\u0435 \u0456\u0441\u043d\u0443\u0454 \u0441\u0442\u0430\u043d\u0434\u0430\u0440\u0442\u043d\u0438\u0445 \u0433\u0430\u043b\u0443\u0437\u0435\u0432\u0438\u0445 \u043e\u043f\u0446\u0456\u0439 \u0434\u043b\u044f \u0432\u0438\u043c\u043a\u043d\u0435\u043d\u043d\u044f \u0444\u0430\u0439\u043b\u0456\u0432 cookie \u0431\u0435\u0437 \u0432\u043f\u043b\u0438\u0432\u0443 \u043d\u0430 \u0444\u0443\u043d\u043a\u0446\u0456\u043e\u043d\u0430\u043b\u044c\u043d\u0456\u0441\u0442\u044c, \u0434\u043e\u0434\u0430\u043d\u0443 \u0434\u043e \u0446\u044c\u043e\u0433\u043e \u0441\u0430\u0439\u0442\u0443. \u041c\u0438 \u0440\u0435\u043a\u043e\u043c\u0435\u043d\u0434\u0443\u0454\u043c\u043e \u0437\u0430\u043b\u0438\u0448\u0430\u0442\u0438 \u0432\u0441\u0456 \u0444\u0430\u0439\u043b\u0438 cookie \u0432\u0432\u0456\u043c\u043a\u043d\u0435\u043d\u0438\u043c\u0438, \u044f\u043a\u0449\u043e \u0432\u0438 \u043d\u0435 \u0432\u043f\u0435\u0432\u043d\u0435\u043d\u0456, \u0449\u043e \u0432\u043e\u043d\u0438 \u0432\u0430\u043c \u043d\u0435 \u043f\u043e\u0442\u0440\u0456\u0431\u043d\u0456.<\/p>\r\n<p><strong>\u042f\u043a \u0432\u0438\u043c\u043a\u043d\u0443\u0442\u0438 \u0444\u0430\u0439\u043b\u0438 cookie<\/strong> \u0412\u0438 \u043c\u043e\u0436\u0435\u0442\u0435 \u0437\u0430\u0431\u043b\u043e\u043a\u0443\u0432\u0430\u0442\u0438 \u043d\u0430\u043b\u0430\u0448\u0442\u0443\u0432\u0430\u043d\u043d\u044f \u0444\u0430\u0439\u043b\u0456\u0432 cookie, \u0437\u043c\u0456\u043d\u0438\u0432\u0448\u0438 \u043d\u0430\u043b\u0430\u0448\u0442\u0443\u0432\u0430\u043d\u043d\u044f \u0432\u0430\u0448\u043e\u0433\u043e \u0431\u0440\u0430\u0443\u0437\u0435\u0440\u0430 (\u0434\u0438\u0432. \u0456\u043d\u0441\u0442\u0440\u0443\u043a\u0446\u0456\u0457 \u0432 \u0440\u043e\u0437\u0434\u0456\u043b\u0456 \u043f\u0456\u0434\u0442\u0440\u0438\u043c\u043a\u0438 \u0432\u0430\u0448\u043e\u0433\u043e \u0431\u0440\u0430\u0443\u0437\u0435\u0440\u0430). \u041e\u0434\u043d\u0430\u043a \u0432\u0438\u043c\u043a\u043d\u0435\u043d\u043d\u044f \u0444\u0430\u0439\u043b\u0456\u0432 cookie \u043c\u043e\u0436\u0435 \u0432\u043f\u043b\u0438\u043d\u0443\u0442\u0438 \u043d\u0430 \u0444\u0443\u043d\u043a\u0446\u0456\u043e\u043d\u0430\u043b\u044c\u043d\u0456\u0441\u0442\u044c \u0446\u044c\u043e\u0433\u043e \u0442\u0430 \u0456\u043d\u0448\u0438\u0445 \u0432\u0435\u0431-\u0441\u0430\u0439\u0442\u0456\u0432, \u044f\u043a\u0456 \u0432\u0438 \u0432\u0456\u0434\u0432\u0456\u0434\u0443\u0454\u0442\u0435. \u0422\u043e\u043c\u0443 \u0432\u0438\u043c\u0438\u043a\u0430\u0442\u0438 \u0444\u0430\u0439\u043b\u0438 cookie \u043d\u0435 \u0440\u0435\u043a\u043e\u043c\u0435\u043d\u0434\u0443\u0454\u0442\u044c\u0441\u044f.<\/p>\r\n<p><strong>\u0424\u0430\u0439\u043b\u0438 cookie, \u044f\u043a\u0456 \u043c\u0438 \u0432\u0438\u043a\u043e\u0440\u0438\u0441\u0442\u043e\u0432\u0443\u0454\u043c\u043e<\/strong><\/p>\r\n<ul>\r\n<li><strong>\u0424\u0430\u0439\u043b\u0438 cookie \u043a\u043e\u043d\u0444\u0456\u0433\u0443\u0440\u0430\u0446\u0456\u0457 \u0441\u0430\u0439\u0442\u0443:<\/strong> \u0429\u043e\u0431 \u0437\u0430\u0431\u0435\u0437\u043f\u0435\u0447\u0438\u0442\u0438 \u043f\u0435\u0440\u0441\u043e\u043d\u0430\u043b\u0456\u0437\u043e\u0432\u0430\u043d\u0438\u0439 \u0434\u043e\u0441\u0432\u0456\u0434, \u043c\u0438 \u043f\u0440\u043e\u043f\u043e\u043d\u0443\u0454\u043c\u043e \u043c\u043e\u0436\u043b\u0438\u0432\u0456\u0441\u0442\u044c \u043d\u0430\u043b\u0430\u0448\u0442\u0443\u0432\u0430\u0442\u0438 \u0432\u0430\u0448\u0456 \u043d\u0430\u043b\u0430\u0448\u0442\u0443\u0432\u0430\u043d\u043d\u044f \u043f\u0435\u0440\u0435\u0433\u043b\u044f\u0434\u0443. \u041c\u0438 \u0432\u0438\u043a\u043e\u0440\u0438\u0441\u0442\u043e\u0432\u0443\u0454\u043c\u043e \u0444\u0430\u0439\u043b\u0438 cookie, \u0449\u043e\u0431 \u0437\u0430\u043f\u0430\u043c\u2019\u044f\u0442\u0430\u0442\u0438 \u0432\u0430\u0448 \u0432\u0438\u0431\u0456\u0440 \u0456 \u0437\u0431\u0435\u0440\u0456\u0433\u0430\u0442\u0438 \u0446\u044e \u0456\u043d\u0444\u043e\u0440\u043c\u0430\u0446\u0456\u044e \u0434\u043b\u044f \u043c\u0430\u0439\u0431\u0443\u0442\u043d\u0456\u0445 \u0432\u0456\u0434\u0432\u0456\u0434\u0443\u0432\u0430\u043d\u044c.<\/li>\r\n<li><strong>\u0424\u0430\u0439\u043b\u0438 cookie \u043f\u0430\u0440\u0442\u043d\u0435\u0440\u0456\u0432:<\/strong> \u0423 \u0434\u0435\u044f\u043a\u0438\u0445 \u0432\u0438\u043f\u0430\u0434\u043a\u0430\u0445 \u043c\u0438 \u0432\u0438\u043a\u043e\u0440\u0438\u0441\u0442\u043e\u0432\u0443\u0454\u043c\u043e \u0444\u0430\u0439\u043b\u0438 cookie \u0432\u0456\u0434 \u043a\u043e\u043c\u043f\u0430\u043d\u0456\u0439-\u043f\u0430\u0440\u0442\u043d\u0435\u0440\u0456\u0432. \u041d\u0438\u0436\u0447\u0435 \u043c\u0438 \u0434\u0435\u0442\u0430\u043b\u044c\u043d\u043e \u043e\u043f\u0438\u0441\u0443\u0454\u043c\u043e, \u044f\u043a\u0456 \u0441\u0442\u043e\u0440\u043e\u043d\u043d\u0456 \u0444\u0430\u0439\u043b\u0438 cookie \u0432\u0438 \u043c\u043e\u0436\u0435\u0442\u0435 \u0437\u0443\u0441\u0442\u0440\u0456\u0442\u0438 \u043d\u0430 \u043d\u0430\u0448\u043e\u043c\u0443 \u0432\u0435\u0431-\u0441\u0430\u0439\u0442\u0456.<\/li>\r\n<li><strong>Google \u0410\u043d\u0430\u043b\u0456\u0442\u0438\u043a\u0430:<\/strong> \u041c\u0438 \u0432\u0438\u043a\u043e\u0440\u0438\u0441\u0442\u043e\u0432\u0443\u0454\u043c\u043e \u0446\u0435\u0439 \u0430\u043d\u0430\u043b\u0456\u0442\u0438\u0447\u043d\u0438\u0439 \u0456\u043d\u0441\u0442\u0440\u0443\u043c\u0435\u043d\u0442, \u0449\u043e\u0431 \u0437\u0440\u043e\u0437\u0443\u043c\u0456\u0442\u0438, \u044f\u043a \u0432\u0438 \u0432\u0437\u0430\u0454\u043c\u043e\u0434\u0456\u0454\u0442\u0435 \u0437 \u043d\u0430\u0448\u0438\u043c \u0432\u0435\u0431-\u0441\u0430\u0439\u0442\u043e\u043c, \u0456 \u043f\u043e\u043a\u0440\u0430\u0449\u0438\u0442\u0438 \u0432\u0430\u0448 \u0434\u043e\u0441\u0432\u0456\u0434. \u0426\u0456 \u0444\u0430\u0439\u043b\u0438 cookie \u0432\u0456\u0434\u0441\u0442\u0435\u0436\u0443\u044e\u0442\u044c \u0442\u0430\u043a\u0456 \u0430\u0441\u043f\u0435\u043a\u0442\u0438, \u044f\u043a \u0442\u0440\u0438\u0432\u0430\u043b\u0456\u0441\u0442\u044c \u0432\u0456\u0434\u0432\u0456\u0434\u0443\u0432\u0430\u043d\u043d\u044f \u0442\u0430 \u043f\u0435\u0440\u0435\u0433\u043b\u044f\u043d\u0443\u0442\u0456 \u0441\u0442\u043e\u0440\u0456\u043d\u043a\u0438. \u0414\u043b\u044f \u043e\u0442\u0440\u0438\u043c\u0430\u043d\u043d\u044f \u0434\u043e\u0434\u0430\u0442\u043a\u043e\u0432\u043e\u0457 \u0456\u043d\u0444\u043e\u0440\u043c\u0430\u0446\u0456\u0457 \u0432\u0456\u0434\u0432\u0456\u0434\u0430\u0439\u0442\u0435 \u043e\u0444\u0456\u0446\u0456\u0439\u043d\u0443 \u0441\u0442\u043e\u0440\u0456\u043d\u043a\u0443 Google Analytics.<\/li>\r\n<li><strong>Google AdSense:<\/strong> \u041c\u0438 \u0432\u0438\u043a\u043e\u0440\u0438\u0441\u0442\u043e\u0432\u0443\u0454\u043c\u043e AdSense \u0434\u043b\u044f \u043f\u043e\u043a\u0430\u0437\u0443 \u0440\u0435\u043a\u043b\u0430\u043c\u0438, \u044f\u043a\u0438\u0439 \u0432\u0438\u043a\u043e\u0440\u0438\u0441\u0442\u043e\u0432\u0443\u0454 \u0444\u0430\u0439\u043b cookie DoubleClick, \u0449\u043e\u0431 \u043f\u043e\u043a\u0430\u0437\u0443\u0432\u0430\u0442\u0438 \u0432\u0430\u043c \u0440\u0435\u043b\u0435\u0432\u0430\u043d\u0442\u043d\u0456\u0448\u0443 \u0440\u0435\u043a\u043b\u0430\u043c\u0443 \u0442\u0430 \u043a\u043e\u043d\u0442\u0440\u043e\u043b\u044e\u0432\u0430\u0442\u0438 \u0447\u0430\u0441\u0442\u043e\u0442\u0443 \u043f\u043e\u043a\u0430\u0437\u0443 \u043f\u0435\u0432\u043d\u043e\u0457 \u0440\u0435\u043a\u043b\u0430\u043c\u0438. \u0414\u043e\u043a\u043b\u0430\u0434\u043d\u0456\u0448\u0435 \u0434\u0438\u0432. \u0443 \u0440\u043e\u0437\u0434\u0456\u043b\u0456 \u043f\u043e\u0448\u0438\u0440\u0435\u043d\u0438\u0445 \u0437\u0430\u043f\u0438\u0442\u0430\u043d\u044c \u0449\u043e\u0434\u043e \u043a\u043e\u043d\u0444\u0456\u0434\u0435\u043d\u0446\u0456\u0439\u043d\u043e\u0441\u0442\u0456 Google AdSense.<\/li>\r\n<\/ul>\r\n<p><strong>\u0414\u043e\u0434\u0430\u0442\u043a\u043e\u0432\u0430 \u0456\u043d\u0444\u043e\u0440\u043c\u0430\u0446\u0456\u044f<\/strong> \u0421\u043f\u043e\u0434\u0456\u0432\u0430\u0454\u043c\u043e\u0441\u044f, \u0449\u043e \u043c\u0438 \u0440\u043e\u0437\u2019\u044f\u0441\u043d\u0438\u043b\u0438 \u0432\u0430\u0448\u0456 \u0441\u0443\u043c\u043d\u0456\u0432\u0438. \u042f\u043a \u0443\u0436\u0435 \u0437\u0433\u0430\u0434\u0443\u0432\u0430\u043b\u043e\u0441\u044f, \u0434\u043b\u044f \u043a\u0440\u0430\u0449\u043e\u0433\u043e \u043a\u043e\u0440\u0438\u0441\u0442\u0443\u0432\u0430\u043d\u043d\u044f \u0432\u0435\u0431-\u0441\u0430\u0439\u0442\u043e\u043c \u0440\u0435\u043a\u043e\u043c\u0435\u043d\u0434\u0443\u0454\u0442\u044c\u0441\u044f \u0432\u0432\u0456\u043c\u043a\u043d\u0443\u0442\u0438 \u0444\u0430\u0439\u043b\u0438 cookie. \u042f\u043a\u0449\u043e \u0432\u0430\u043c \u043f\u043e\u0442\u0440\u0456\u0431\u043d\u0430 \u0434\u043e\u0434\u0430\u0442\u043a\u043e\u0432\u0430 \u0456\u043d\u0444\u043e\u0440\u043c\u0430\u0446\u0456\u044f, \u0437\u0432\u2019\u044f\u0436\u0456\u0442\u044c\u0441\u044f \u0437 \u043d\u0430\u043c\u0438 \u0435\u043b\u0435\u043a\u0442\u0440\u043e\u043d\u043d\u043e\u044e \u043f\u043e\u0448\u0442\u043e\u044e: <a target=\"_new\" rel=\"noopener\">contact@bitesofpleasure.com<\/a>.<\/p>\r\n<\/div>\r\n<\/div>\r\n<\/div>\r\n<\/div>\r\n<\/div>\r\n<\/div>\r\n<\/div>\r\n<\/div>\r\n<\/div>\r\n<\/div>\r\n<\/div>\r\n<\/div>","protected":false},"excerpt":{"rendered":"<p>Esta \u00e9 a Pol\u00edtica de Privacidade do BitesofPleasure, acess\u00edvel em www.bitesofpleasure.com O que s\u00e3o Cookies? Como na maioria dos websites profissionais, o BitesofPleasure utiliza cookies,&#8230;<\/p>","protected":false},"author":1,"featured_media":0,"parent":0,"menu_order":0,"comment_status":"closed","ping_status":"open","template":"","meta":{"footnotes":""},"class_list":["post-3","page","type-page","status-publish","hentry"],"_links":{"self":[{"href":"https:\/\/bitesofpleasure.com\/uk\/wp-json\/wp\/v2\/pages\/3","targetHints":{"allow":["GET"]}}],"collection":[{"href":"https:\/\/bitesofpleasure.com\/uk\/wp-json\/wp\/v2\/pages"}],"about":[{"href":"https:\/\/bitesofpleasure.com\/uk\/wp-json\/wp\/v2\/types\/page"}],"author":[{"embeddable":true,"href":"https:\/\/bitesofpleasure.com\/uk\/wp-json\/wp\/v2\/users\/1"}],"replies":[{"embeddable":true,"href":"https:\/\/bitesofpleasure.com\/uk\/wp-json\/wp\/v2\/comments?post=3"}],"version-history":[{"count":2,"href":"https:\/\/bitesofpleasure.com\/uk\/wp-json\/wp\/v2\/pages\/3\/revisions"}],"predecessor-version":[{"id":1233,"href":"https:\/\/bitesofpleasure.com\/uk\/wp-json\/wp\/v2\/pages\/3\/revisions\/1233"}],"wp:attachment":[{"href":"https:\/\/bitesofpleasure.com\/uk\/wp-json\/wp\/v2\/media?parent=3"}],"curies":[{"name":"wp","href":"https:\/\/api.w.org\/{rel}","templated":true}]}}