{"id":1292,"date":"2024-01-08T22:42:09","date_gmt":"2024-01-09T01:42:09","guid":{"rendered":"http:\/\/bitesofpleasure.com\/?page_id=1292"},"modified":"2024-01-08T23:14:46","modified_gmt":"2024-01-09T02:14:46","slug":"os-5-aplicativos-que-vao-transformar-sua-vida-amorosa","status":"publish","type":"page","link":"https:\/\/bitesofpleasure.com\/uk\/os-5-aplicativos-que-vao-transformar-sua-vida-amorosa\/","title":{"rendered":"Os 5 Aplicativos que V\u00e3o Transformar Sua Vida Amorosa!"},"content":{"rendered":"<div class=\"w-full text-token-text-primary\" data-testid=\"conversation-turn-3\">\n<div class=\"px-4 py-2 justify-center text-base md:gap-6 m-auto\">\n<div class=\"flex flex-1 text-base mx-auto gap-3 md:px-5 lg:px-1 xl:px-5 md:max-w-3xl lg:max-w-[40rem] xl:max-w-[48rem] group final-completion\">\n<div class=\"relative flex w-full flex-col lg:w-[calc(100%-115px)] agent-turn\">\n<div class=\"flex-col gap-1 md:gap-3\">\n<div class=\"flex flex-grow flex-col max-w-full\">\n<div class=\"min-h-[20px] text-message flex flex-col items-start gap-3 whitespace-pre-wrap break-words [.text-message+&amp;]:mt-5 overflow-x-auto\" data-message-author-role=\"assistant\" data-message-id=\"7b2263fe-19dd-4a5e-9de6-94cbab094208\">\n<div class=\"markdown prose w-full break-words dark:prose-invert light\">\n<p>Imagine explorar o mundo da tecnologia para enriquecer sua vida amorosa.<\/p>\n<p style=\"text-align: center;\"><a class=\"mb-button mb-style-flat mb-size-default mb-corners-pill mb-text-style-default\" style=\"background-color: #db2c2c;\" href=\"http:\/\/bitesofpleasure.com\/o-mundo-dos-relacionamentos-virtuais-os-melhores-aplicativos-para-conectar-coracoes\/\"> \u00a0<i class=\"fa fa-arrow-right\"><\/i>\u00a0 SAIBA COMO TER ENCONTROS<\/a><\/p>\n<p style=\"text-align: center;\"><a class=\"mb-button mb-style-flat mb-size-default mb-corners-pill mb-text-style-default\" style=\"background-color: #c42b9c;\" href=\"http:\/\/bitesofpleasure.com\/o-mundo-dos-relacionamentos-virtuais-os-melhores-aplicativos-para-conectar-coracoes\/\">\u00a0<i class=\"fa fa-arrow-right\"><\/i>\u00a0 VEJA COMO CONHECER PESSOAS<\/a><\/p>\n<h6 style=\"text-align: center;\">Voc\u00ea permanecer\u00e1 no site atual<\/h6>\n<p>Hoje, temos \u00e0 disposi\u00e7\u00e3o uma variedade de aplicativos de namoro projetados para satisfazer diversas necessidades e prefer\u00eancias. Seja voc\u00ea algu\u00e9m \u00e0 procura de algo casual ou de uma conex\u00e3o mais significativa, esses aplicativos oferecem experi\u00eancias personalizadas.<\/p>\n<p>Para aqueles que desejam come\u00e7ar de maneira leve e descompromissada, esses aplicativos podem ser o ponto de partida ideal. Em particular, alguns deles incentivam as mulheres a darem o primeiro passo, promovendo uma din\u00e2mica mais equilibrada e empoderadora nos relacionamentos online.<\/p>\n<p>Al\u00e9m disso, existem plataformas focadas em criar la\u00e7os mais profundos, utilizando perfis detalhados para sugerir combina\u00e7\u00f5es realmente compat\u00edveis. Para os interessados em transformar encontros casuais em algo mais s\u00e9rio, h\u00e1 aplicativos que se destacam ao utilizar a proximidade geogr\u00e1fica como crit\u00e9rio, abrindo possibilidades para conex\u00f5es surpreendentes.<\/p>\n<p>Est\u00e1 curioso para saber como esses aplicativos podem auxiliar na constru\u00e7\u00e3o de relacionamentos valiosos? Continue lendo para mergulhar no universo dos encontros online.<\/p>\n<p>Vamos guiar voc\u00ea atrav\u00e9s do processo de download e uso desses aplicativos, focando no que \u00e9 essencial para aumentar suas chances de encontrar o amor. Sua aventura rumo a uma vida amorosa mais satisfat\u00f3ria inicia aqui. Prossiga na leitura e descubra o caminho para encontrar sua alma g\u00eamea!<\/p>\n<\/div>\n<\/div>\n<\/div>\n<div class=\"mt-1 flex justify-start gap-3 empty:hidden\">\n<div class=\"text-gray-400 flex self-end lg:self-center justify-center lg:justify-start mt-0 -ml-1 visible\">\n<p>&nbsp;<\/p>\n<div class=\"flex\"><\/div>\n<div class=\"flex items-center gap-1.5 text-xs\"><\/div>\n<\/div>\n<\/div>\n<\/div>\n<\/div>\n<\/div>\n<\/div>\n<\/div>\n<div class=\"mx-auto\">\n<div data-projection-id=\"44\">\n<div class=\"mx-auto mt-2 inline-flex rounded-xl border border-gray-100 dark:border-gray-700\"><\/div>\n<\/div>\n<\/div>","protected":false},"excerpt":{"rendered":"<p>Imagine explorar o mundo da tecnologia para enriquecer sua vida amorosa. \u00a0\u00a0 SAIBA COMO TER ENCONTROS \u00a0\u00a0 VEJA COMO CONHECER PESSOAS Voc\u00ea permanecer\u00e1 no site&#8230;<\/p>","protected":false},"author":1,"featured_media":0,"parent":0,"menu_order":0,"comment_status":"closed","ping_status":"closed","template":"","meta":{"footnotes":""},"class_list":["post-1292","page","type-page","status-publish","hentry"],"_links":{"self":[{"href":"https:\/\/bitesofpleasure.com\/uk\/wp-json\/wp\/v2\/pages\/1292","targetHints":{"allow":["GET"]}}],"collection":[{"href":"https:\/\/bitesofpleasure.com\/uk\/wp-json\/wp\/v2\/pages"}],"about":[{"href":"https:\/\/bitesofpleasure.com\/uk\/wp-json\/wp\/v2\/types\/page"}],"author":[{"embeddable":true,"href":"https:\/\/bitesofpleasure.com\/uk\/wp-json\/wp\/v2\/users\/1"}],"replies":[{"embeddable":true,"href":"https:\/\/bitesofpleasure.com\/uk\/wp-json\/wp\/v2\/comments?post=1292"}],"version-history":[{"count":6,"href":"https:\/\/bitesofpleasure.com\/uk\/wp-json\/wp\/v2\/pages\/1292\/revisions"}],"predecessor-version":[{"id":1302,"href":"https:\/\/bitesofpleasure.com\/uk\/wp-json\/wp\/v2\/pages\/1292\/revisions\/1302"}],"wp:attachment":[{"href":"https:\/\/bitesofpleasure.com\/uk\/wp-json\/wp\/v2\/media?parent=1292"}],"curies":[{"name":"wp","href":"https:\/\/api.w.org\/{rel}","templated":true}]}}