{"id":1234,"date":"2024-01-02T21:34:00","date_gmt":"2024-01-03T00:34:00","guid":{"rendered":"http:\/\/bitesofpleasure.com\/?page_id=1234"},"modified":"2024-01-02T21:34:00","modified_gmt":"2024-01-03T00:34:00","slug":"quem-somos","status":"publish","type":"page","link":"https:\/\/bitesofpleasure.com\/uk\/quem-somos\/","title":{"rendered":"\u0425\u0442\u043e \u043c\u0438"},"content":{"rendered":"<p>\u041b\u0430\u0441\u043a\u0430\u0432\u043e \u043f\u0440\u043e\u0441\u0438\u043c\u043e \u0434\u043e \u0431\u043b\u043e\u0433\u0443 BitesofPleasure, \u0437\u0430\u0441\u043d\u043e\u0432\u0430\u043d\u043e\u0433\u043e \u0443 2023 \u0440\u043e\u0446\u0456, \u043f\u043e\u0440\u0442\u0430\u043b\u0443, \u043f\u0440\u0438\u0441\u0432\u044f\u0447\u0435\u043d\u043e\u0433\u043e \u043d\u0430\u0434\u0430\u043d\u043d\u044e \u0446\u0456\u043d\u043d\u043e\u0457 \u0456\u043d\u0444\u043e\u0440\u043c\u0430\u0446\u0456\u0457 \u0441\u0443\u0441\u043f\u0456\u043b\u044c\u0441\u0442\u0432\u0443. \u041d\u0430\u0448\u0430 \u043c\u0456\u0441\u0456\u044f \u2014 \u0441\u043f\u0440\u0438\u044f\u0442\u0438 \u0434\u0435\u043c\u043e\u043a\u0440\u0430\u0442\u0438\u0437\u0430\u0446\u0456\u0457 \u0437\u043d\u0430\u043d\u044c \u0442\u0430 \u0456\u043d\u0444\u043e\u0440\u043c\u0430\u0446\u0456\u0457.<\/p>\n<p>\u041c\u0438 \u0442\u0432\u0435\u0440\u0434\u043e \u043f\u0435\u0440\u0435\u043a\u043e\u043d\u0430\u043d\u0456, \u0449\u043e \u0434\u043e\u0441\u0442\u0443\u043f \u0434\u043e \u0441\u0442\u0440\u0443\u043a\u0442\u0443\u0440\u043e\u0432\u0430\u043d\u043e\u0457, \u0432\u0438\u0441\u043e\u043a\u043e\u044f\u043a\u0456\u0441\u043d\u043e\u0457 \u0456\u043d\u0444\u043e\u0440\u043c\u0430\u0446\u0456\u0457 \u0454 \u0444\u0443\u043d\u0434\u0430\u043c\u0435\u043d\u0442\u0430\u043b\u044c\u043d\u043e\u044e \u043e\u043f\u043e\u0440\u043e\u044e \u043f\u0440\u043e\u0433\u0440\u0435\u0441\u0443 \u0441\u0443\u0441\u043f\u0456\u043b\u044c\u0441\u0442\u0432\u0430. \u0423 BitesofPleasure \u043c\u0438 \u043f\u0440\u0430\u0433\u043d\u0435\u043c\u043e \u043d\u0430\u0434\u0430\u0432\u0430\u0442\u0438 \u043d\u0430\u0434\u0456\u0439\u043d\u0438\u0439 \u0442\u0430 \u0437\u0431\u0430\u0433\u0430\u0447\u0443\u0432\u0430\u043b\u044c\u043d\u0438\u0439 \u043a\u043e\u043d\u0442\u0435\u043d\u0442, \u044f\u043a\u0438\u0439 \u0441\u043f\u0440\u0438\u044f\u0454 \u043e\u0441\u0432\u0456\u0442\u0456 \u0442\u0430 \u043e\u0441\u043e\u0431\u0438\u0441\u0442\u0456\u0441\u043d\u043e\u043c\u0443 \u0440\u043e\u0437\u0432\u0438\u0442\u043a\u0443 \u043d\u0430\u0448\u0438\u0445 \u0447\u0438\u0442\u0430\u0447\u0456\u0432.<\/p>\n<p>\u041d\u0430\u0448\u0430 \u043a\u043e\u043c\u0430\u043d\u0434\u0430 \u0441\u043a\u043b\u0430\u0434\u0430\u0454\u0442\u044c\u0441\u044f \u0437 \u043f\u0440\u043e\u0444\u0435\u0441\u0456\u043e\u043d\u0430\u043b\u0456\u0432, \u044f\u043a\u0456 \u043f\u0440\u0430\u0433\u043d\u0443\u0442\u044c \u043f\u043e\u0434\u0456\u043b\u0438\u0442\u0438\u0441\u044f \u0437\u043d\u0430\u043d\u043d\u044f\u043c\u0438 \u0442\u0430 \u0456\u0434\u0435\u044f\u043c\u0438 \u0432 \u0440\u0456\u0437\u043d\u0438\u0445 \u0433\u0430\u043b\u0443\u0437\u044f\u0445, \u0433\u0430\u0440\u0430\u043d\u0442\u0443\u044e\u0447\u0438, \u0449\u043e \u043a\u043e\u0436\u043d\u0430 \u0441\u0442\u0430\u0442\u0442\u044f, \u043f\u043e\u0441\u0456\u0431\u043d\u0438\u043a \u0447\u0438 \u0430\u043d\u0430\u043b\u0456\u0437 \u0431\u0443\u0434\u0443\u0442\u044c \u043d\u0435 \u043b\u0438\u0448\u0435 \u0456\u043d\u0444\u043e\u0440\u043c\u0430\u0442\u0438\u0432\u043d\u0438\u043c\u0438, \u0430 \u0439 \u043d\u0430\u0434\u0438\u0445\u0430\u044e\u0447\u0438\u043c\u0438 \u0442\u0430 \u0434\u043e\u0441\u0442\u0443\u043f\u043d\u0438\u043c\u0438 \u0434\u043b\u044f \u043a\u043e\u0436\u043d\u043e\u0433\u043e.<\/p>\n<p>\u0423 BitesofPleasure \u043c\u0438 \u0437\u0430\u0432\u0436\u0434\u0438 \u0448\u0443\u043a\u0430\u0454\u043c\u043e \u043d\u043e\u0432\u0456 \u0441\u043f\u043e\u0441\u043e\u0431\u0438 \u0437\u0440\u043e\u0431\u0438\u0442\u0438 \u0456\u043d\u0444\u043e\u0440\u043c\u0430\u0446\u0456\u044e \u0434\u043e\u0441\u0442\u0443\u043f\u043d\u0456\u0448\u043e\u044e \u0442\u0430 \u043b\u0435\u0433\u0448\u043e\u044e \u0434\u043b\u044f \u0440\u043e\u0437\u0443\u043c\u0456\u043d\u043d\u044f, \u0430\u0434\u0436\u0435 \u043c\u0438 \u0432\u0456\u0440\u0438\u043c\u043e, \u0449\u043e \u043e\u0441\u0432\u0456\u0442\u0430 \u2013 \u0446\u0435 \u043a\u043b\u044e\u0447 \u0434\u043e \u043a\u0440\u0430\u0449\u043e\u0433\u043e \u043c\u0430\u0439\u0431\u0443\u0442\u043d\u044c\u043e\u0433\u043e. \u041f\u0440\u0438\u0454\u0434\u043d\u0443\u0439\u0442\u0435\u0441\u044c \u0434\u043e \u043d\u0430\u0441 \u0443 \u0446\u0456\u0439 \u043f\u043e\u0434\u043e\u0440\u043e\u0436\u0456 \u0432\u0456\u0434\u043a\u0440\u0438\u0442\u0442\u0456\u0432 \u0442\u0430 \u0437\u0440\u043e\u0441\u0442\u0430\u043d\u043d\u044f!<\/p>","protected":false},"excerpt":{"rendered":"<p>Bem-vindo ao BitesofPleasure Blog, fundado em 2023, um portal dedicado a oferecer informa\u00e7\u00f5es valiosas para a sociedade. Nossa miss\u00e3o \u00e9 promover a democratiza\u00e7\u00e3o do conhecimento&#8230;<\/p>","protected":false},"author":1,"featured_media":0,"parent":0,"menu_order":0,"comment_status":"closed","ping_status":"closed","template":"","meta":{"footnotes":""},"class_list":["post-1234","page","type-page","status-publish","hentry"],"_links":{"self":[{"href":"https:\/\/bitesofpleasure.com\/uk\/wp-json\/wp\/v2\/pages\/1234","targetHints":{"allow":["GET"]}}],"collection":[{"href":"https:\/\/bitesofpleasure.com\/uk\/wp-json\/wp\/v2\/pages"}],"about":[{"href":"https:\/\/bitesofpleasure.com\/uk\/wp-json\/wp\/v2\/types\/page"}],"author":[{"embeddable":true,"href":"https:\/\/bitesofpleasure.com\/uk\/wp-json\/wp\/v2\/users\/1"}],"replies":[{"embeddable":true,"href":"https:\/\/bitesofpleasure.com\/uk\/wp-json\/wp\/v2\/comments?post=1234"}],"version-history":[{"count":1,"href":"https:\/\/bitesofpleasure.com\/uk\/wp-json\/wp\/v2\/pages\/1234\/revisions"}],"predecessor-version":[{"id":1235,"href":"https:\/\/bitesofpleasure.com\/uk\/wp-json\/wp\/v2\/pages\/1234\/revisions\/1235"}],"wp:attachment":[{"href":"https:\/\/bitesofpleasure.com\/uk\/wp-json\/wp\/v2\/media?parent=1234"}],"curies":[{"name":"wp","href":"https:\/\/api.w.org\/{rel}","templated":true}]}}