{"id":3,"date":"2024-01-02T10:18:24","date_gmt":"2024-01-02T13:18:24","guid":{"rendered":"http:\/\/bitesofpleasure.com\/?page_id=3"},"modified":"2024-01-02T21:38:02","modified_gmt":"2024-01-03T00:38:02","slug":"politica-de-privacidade","status":"publish","type":"page","link":"https:\/\/bitesofpleasure.com\/tr\/politica-de-privacidade\/","title":{"rendered":"Gizlilik Politikas\u0131"},"content":{"rendered":"<div class=\"flex-1 overflow-hidden\">\r\n<div class=\"react-scroll-to-bottom--css-oabmi-79elbk h-full\">\r\n<div class=\"react-scroll-to-bottom--css-oabmi-1n7m0yu\">\r\n<div class=\"flex flex-col pb-9 text-sm\">\r\n<div class=\"w-full text-token-text-primary\" data-testid=\"conversation-turn-5\">\r\n<div class=\"px-4 py-2 justify-center text-base md:gap-6 m-auto\">\r\n<div class=\"flex flex-1 text-base mx-auto gap-3 md:px-5 lg:px-1 xl:px-5 md:max-w-3xl lg:max-w-[40rem] xl:max-w-[48rem] group final-completion\">\r\n<div class=\"relative flex w-full flex-col lg:w-[calc(100%-115px)] agent-turn\">\r\n<div class=\"flex-col gap-1 md:gap-3\">\r\n<div class=\"flex flex-grow flex-col max-w-full\">\r\n<div class=\"min-h-[20px] text-message flex flex-col items-start gap-3 whitespace-pre-wrap break-words [.text-message+&amp;]:mt-5 overflow-x-auto\" data-message-author-role=\"assistant\" data-message-id=\"35a68a1c-073e-4aa0-903f-9e246ece482d\">\r\n<div class=\"markdown prose w-full break-words dark:prose-invert light\">\r\n<p>Bu, \u015fu adresten eri\u015filebilen BitesofPleasure Gizlilik Politikas\u0131d\u0131r: <a href=\"http:\/\/bitesofpleasure.com\/\" target=\"_new\" rel=\"noopener\">www.bitesofpleasure.com<\/a><\/p>\r\n<p><strong>\u00c7erezler nedir?<\/strong> \u00c7o\u011fu profesyonel web sitesi gibi BitesofPleasure da tarama deneyiminizi optimize etmek i\u00e7in cihaz\u0131n\u0131za aktar\u0131lan k\u00fc\u00e7\u00fck dosyalar olan \u00e7erezleri kullan\u0131r. Bu b\u00f6l\u00fcmde bu \u00e7erezlerin hangi bilgileri toplad\u0131\u011f\u0131, bunlar\u0131 nas\u0131l kulland\u0131\u011f\u0131m\u0131z ve neden bazen bunlar\u0131 saklamam\u0131z gerekti\u011fi a\u00e7\u0131klanmaktad\u0131r. Ayr\u0131ca sitenin i\u015flevselli\u011fini etkileyebilecek bu \u00e7erezlerin saklanmas\u0131n\u0131 nas\u0131l \u00f6nleyebilece\u011finizi de a\u00e7\u0131klayaca\u011f\u0131z. \u00c7erezler hakk\u0131nda daha fazla bilgi i\u00e7in HTTP \u00c7erezleri hakk\u0131ndaki Wikipedia makalesine bak\u0131n.<\/p>\r\n<p><strong>\u00c7erezlerin Kullan\u0131m\u0131<\/strong> \u00c7erezleri a\u015fa\u011f\u0131da ayr\u0131nt\u0131lar\u0131 verilen \u00e7e\u015fitli nedenlerle kullan\u0131yoruz. \u00c7o\u011fu durumda, bu siteye eklenen i\u015flevselli\u011fi etkilemeden \u00e7erezleri devre d\u0131\u015f\u0131 b\u0131rakmaya y\u00f6nelik end\u00fcstri standard\u0131 se\u00e7enekler bulunmamaktad\u0131r. \u0130htiyac\u0131n\u0131z olmad\u0131\u011f\u0131ndan emin olmad\u0131\u011f\u0131n\u0131z s\u00fcrece t\u00fcm \u00e7erezleri etkin tutman\u0131z\u0131 \u00f6neririz.<\/p>\r\n<p><strong>\u00c7erezleri Devre D\u0131\u015f\u0131 B\u0131rakma<\/strong> Taray\u0131c\u0131 ayarlar\u0131n\u0131z\u0131 de\u011fi\u015ftirerek \u00e7erezlerin ayarlanmas\u0131n\u0131 engelleyebilirsiniz (talimatlar i\u00e7in taray\u0131c\u0131n\u0131z\u0131n deste\u011fine bak\u0131n). Ancak \u00e7erezlerin devre d\u0131\u015f\u0131 b\u0131rak\u0131lmas\u0131 bu sitenin ve ziyaret etti\u011finiz di\u011fer web sitelerinin i\u015flevselli\u011fini etkileyebilir. Bu nedenle \u00e7erezlerin devre d\u0131\u015f\u0131 b\u0131rak\u0131lmas\u0131 \u00f6nerilmez.<\/p>\r\n<p><strong>Kulland\u0131\u011f\u0131m\u0131z \u00c7erezler<\/strong><\/p>\r\n<ul>\r\n<li><strong>Site Yap\u0131land\u0131rma \u00c7erezleri:<\/strong> Ki\u015fiselle\u015ftirilmi\u015f bir deneyim sa\u011flamak i\u00e7in tarama tercihlerinizi ayarlama se\u00e7ene\u011fi sunuyoruz. Se\u00e7imlerinizi hat\u0131rlamak ve bu bilgileri gelecekteki ziyaretlerde saklamak i\u00e7in \u00e7erezleri kullan\u0131yoruz.<\/li>\r\n<li><strong>\u0130\u015f Orta\u011f\u0131 \u00c7erezleri:<\/strong> Baz\u0131 durumlarda ortak \u015firketlerin \u00e7erezlerini kullan\u0131r\u0131z. A\u015fa\u011f\u0131da web sitemizde hangi \u00fc\u00e7\u00fcnc\u00fc taraf \u00e7erezleriyle kar\u015f\u0131la\u015fabilece\u011finizi ayr\u0131nt\u0131l\u0131 olarak a\u00e7\u0131kl\u0131yoruz.<\/li>\r\n<li><strong>Google Analytics:<\/strong> Bu analiz arac\u0131n\u0131 web sitemizle nas\u0131l etkile\u015fim kurdu\u011funuzu anlamak ve deneyiminizi geli\u015ftirmek i\u00e7in kullan\u0131yoruz. Bu \u00e7erezler ziyaretin uzunlu\u011fu ve eri\u015filen sayfalar gibi hususlar\u0131 izler. Daha fazla bilgi i\u00e7in resmi Google Analytics sayfas\u0131n\u0131 ziyaret edin.<\/li>\r\n<li><strong>Google AdSense:<\/strong> Reklam sunmak i\u00e7in AdSense&#039;i kullan\u0131r\u0131z; AdSense, daha alakal\u0131 reklamlar g\u00f6stermek ve belirli bir reklam\u0131n s\u0131kl\u0131\u011f\u0131n\u0131 kontrol etmek i\u00e7in DoubleClick \u00e7erezini kullan\u0131r. Daha fazla ayr\u0131nt\u0131 i\u00e7in Google AdSense Gizlilik SSS&#039;lerine bak\u0131n.<\/li>\r\n<\/ul>\r\n<p><strong>Ek Bilgiler<\/strong> Umar\u0131z \u015f\u00fcphelerinizi a\u00e7\u0131kl\u0131\u011fa kavu\u015fturmu\u015fuzdur. Belirtildi\u011fi gibi daha iyi bir web sitesi deneyimi i\u00e7in \u00e7erezlerin aktif tutulmas\u0131 tavsiye edilir. Daha fazla bilgiye ihtiyac\u0131n\u0131z varsa l\u00fctfen e-posta yoluyla bizimle ileti\u015fime ge\u00e7in: <a target=\"_new\" rel=\"noopener\">contato@bitesofpleasure.com<\/a>.<\/p>\r\n<\/div>\r\n<\/div>\r\n<\/div>\r\n<\/div>\r\n<\/div>\r\n<\/div>\r\n<\/div>\r\n<\/div>\r\n<\/div>\r\n<\/div>\r\n<\/div>\r\n<\/div>","protected":false},"excerpt":{"rendered":"<p>Bu, www.bitesofpleasure.com adresinden eri\u015filebilen BitesofPleasure Gizlilik Politikas\u0131d\u0131r. \u00c7erezler Nedir? \u00c7o\u011fu profesyonel web sitesi gibi BitesofPleasure da \u00e7erezleri kullan\u0131r,\u2026<\/p>","protected":false},"author":1,"featured_media":0,"parent":0,"menu_order":0,"comment_status":"closed","ping_status":"open","template":"","meta":{"footnotes":""},"class_list":["post-3","page","type-page","status-publish","hentry"],"_links":{"self":[{"href":"https:\/\/bitesofpleasure.com\/tr\/wp-json\/wp\/v2\/pages\/3","targetHints":{"allow":["GET"]}}],"collection":[{"href":"https:\/\/bitesofpleasure.com\/tr\/wp-json\/wp\/v2\/pages"}],"about":[{"href":"https:\/\/bitesofpleasure.com\/tr\/wp-json\/wp\/v2\/types\/page"}],"author":[{"embeddable":true,"href":"https:\/\/bitesofpleasure.com\/tr\/wp-json\/wp\/v2\/users\/1"}],"replies":[{"embeddable":true,"href":"https:\/\/bitesofpleasure.com\/tr\/wp-json\/wp\/v2\/comments?post=3"}],"version-history":[{"count":2,"href":"https:\/\/bitesofpleasure.com\/tr\/wp-json\/wp\/v2\/pages\/3\/revisions"}],"predecessor-version":[{"id":1233,"href":"https:\/\/bitesofpleasure.com\/tr\/wp-json\/wp\/v2\/pages\/3\/revisions\/1233"}],"wp:attachment":[{"href":"https:\/\/bitesofpleasure.com\/tr\/wp-json\/wp\/v2\/media?parent=3"}],"curies":[{"name":"wp","href":"https:\/\/api.w.org\/{rel}","templated":true}]}}