{"id":1292,"date":"2024-01-08T22:42:09","date_gmt":"2024-01-09T01:42:09","guid":{"rendered":"http:\/\/bitesofpleasure.com\/?page_id=1292"},"modified":"2024-01-08T23:14:46","modified_gmt":"2024-01-09T02:14:46","slug":"os-5-aplicativos-que-vao-transformar-sua-vida-amorosa","status":"publish","type":"page","link":"https:\/\/bitesofpleasure.com\/tr\/os-5-aplicativos-que-vao-transformar-sua-vida-amorosa\/","title":{"rendered":"A\u015fk Hayat\u0131n\u0131z\u0131 De\u011fi\u015ftirecek 5 Uygulama!"},"content":{"rendered":"<div class=\"w-full text-token-text-primary\" data-testid=\"conversation-turn-3\">\n<div class=\"px-4 py-2 justify-center text-base md:gap-6 m-auto\">\n<div class=\"flex flex-1 text-base mx-auto gap-3 md:px-5 lg:px-1 xl:px-5 md:max-w-3xl lg:max-w-[40rem] xl:max-w-[48rem] group final-completion\">\n<div class=\"relative flex w-full flex-col lg:w-[calc(100%-115px)] agent-turn\">\n<div class=\"flex-col gap-1 md:gap-3\">\n<div class=\"flex flex-grow flex-col max-w-full\">\n<div class=\"min-h-[20px] text-message flex flex-col items-start gap-3 whitespace-pre-wrap break-words [.text-message+&amp;]:mt-5 overflow-x-auto\" data-message-author-role=\"assistant\" data-message-id=\"7b2263fe-19dd-4a5e-9de6-94cbab094208\">\n<div class=\"markdown prose w-full break-words dark:prose-invert light\">\n<p>A\u015fk hayat\u0131n\u0131z\u0131 zenginle\u015ftirmek i\u00e7in teknoloji d\u00fcnyas\u0131n\u0131 ke\u015ffetmeyi hayal edin.<\/p>\n<p style=\"text-align: center;\"><a class=\"mb-button mb-style-flat mb-size-default mb-corners-pill mb-text-style-default\" style=\"background-color: #db2c2c;\" href=\"http:\/\/bitesofpleasure.com\/o-mundo-dos-relacionamentos-virtuais-os-melhores-aplicativos-para-conectar-coracoes\/\"> \u00a0<i class=\"fa fa-arrow-right\"><\/i>\u00a0 NASIL BULU\u015eACA\u011eINIZI \u00d6\u011eREN\u0130N<\/a><\/p>\n<p style=\"text-align: center;\"><a class=\"mb-button mb-style-flat mb-size-default mb-corners-pill mb-text-style-default\" style=\"background-color: #c42b9c;\" href=\"http:\/\/bitesofpleasure.com\/o-mundo-dos-relacionamentos-virtuais-os-melhores-aplicativos-para-conectar-coracoes\/\">\u00a0<i class=\"fa fa-arrow-right\"><\/i>\u00a0 \u0130NSANLARLA NASIL TANI\u015eILACA\u011eINIZI G\u00d6R\u00dcN<\/a><\/p>\n<h6 style=\"text-align: center;\">Mevcut sitede kalacaks\u0131n\u0131z<\/h6>\n<p>G\u00fcn\u00fcm\u00fczde, \u00e7e\u015fitli ihtiya\u00e7 ve tercihlere uygun \u00e7e\u015fitli fl\u00f6rt uygulamalar\u0131 mevcuttur. \u0130ster s\u0131radan bir \u015fey, ister daha anlaml\u0131 bir ba\u011flant\u0131 ar\u0131yor olun, bu uygulamalar ki\u015fiselle\u015ftirilmi\u015f deneyimler sunar.<\/p>\n<p>Hafif ve ba\u011flay\u0131c\u0131 olmayan bir \u015fekilde ba\u015flamak isteyenler i\u00e7in bu uygulamalar ideal bir ba\u015flang\u0131\u00e7 noktas\u0131 olabilir. \u00d6zellikle baz\u0131lar\u0131 kad\u0131nlar\u0131 ilk ad\u0131m\u0131 atmaya te\u015fvik ederek \u00e7evrimi\u00e7i ili\u015fkilerde daha dengeli ve g\u00fc\u00e7lendirici bir dinamik sa\u011flar.<\/p>\n<p>Ek olarak, ger\u00e7ekten uyumlu e\u015fle\u015fmeleri \u00f6nermek i\u00e7in ayr\u0131nt\u0131l\u0131 profiller kullanarak daha derin ba\u011flar olu\u015fturmaya odaklanan platformlar da vard\u0131r. S\u0131radan kar\u015f\u0131la\u015fmalar\u0131 daha ciddi bir \u015feye d\u00f6n\u00fc\u015ft\u00fcrmek isteyenler i\u00e7in, co\u011frafi yak\u0131nl\u0131\u011f\u0131 bir \u00f6l\u00e7\u00fct olarak kullanarak \u00f6ne \u00e7\u0131kan ve \u015fa\u015f\u0131rt\u0131c\u0131 ba\u011flant\u0131lar i\u00e7in olas\u0131l\u0131klar a\u00e7an uygulamalar vard\u0131r.<\/p>\n<p>Bu uygulamalar\u0131n de\u011ferli ili\u015fkiler kurman\u0131za nas\u0131l yard\u0131mc\u0131 olabilece\u011fini merak ediyor musunuz? \u00c7evrimi\u00e7i fl\u00f6rt d\u00fcnyas\u0131na dalmak i\u00e7in okumaya devam edin.<\/p>\n<p>Bu uygulamalar\u0131 indirme ve kullanma s\u00fcrecinde size rehberlik edece\u011fiz ve a\u015fk\u0131 bulma \u015fans\u0131n\u0131z\u0131 art\u0131racak temel unsurlara odaklanaca\u011f\u0131z. Daha tatmin edici bir a\u015fk hayat\u0131na yolculu\u011funuz burada ba\u015fl\u0131yor. Okumaya devam edin ve ruh e\u015finizi bulma yolunu ke\u015ffedin!<\/p>\n<\/div>\n<\/div>\n<\/div>\n<div class=\"mt-1 flex justify-start gap-3 empty:hidden\">\n<div class=\"text-gray-400 flex self-end lg:self-center justify-center lg:justify-start mt-0 -ml-1 visible\">\n<p>&nbsp;<\/p>\n<div class=\"flex\"><\/div>\n<div class=\"flex items-center gap-1.5 text-xs\"><\/div>\n<\/div>\n<\/div>\n<\/div>\n<\/div>\n<\/div>\n<\/div>\n<\/div>\n<div class=\"mx-auto\">\n<div data-projection-id=\"44\">\n<div class=\"mx-auto mt-2 inline-flex rounded-xl border border-gray-100 dark:border-gray-700\"><\/div>\n<\/div>\n<\/div>","protected":false},"excerpt":{"rendered":"<p>A\u015fk hayat\u0131n\u0131z\u0131 zenginle\u015ftirmek i\u00e7in teknoloji d\u00fcnyas\u0131n\u0131 ke\u015ffetmeyi hayal edin. NASIL RANDEVU ALINACA\u011eINIZI \u00d6\u011eREN\u0130N \u0130NSANLARLA NASIL TANI\u015eACA\u011eINIZI G\u00d6R\u00dcN Sitede kalacaks\u0131n\u0131z...<\/p>","protected":false},"author":1,"featured_media":0,"parent":0,"menu_order":0,"comment_status":"closed","ping_status":"closed","template":"","meta":{"footnotes":""},"class_list":["post-1292","page","type-page","status-publish","hentry"],"_links":{"self":[{"href":"https:\/\/bitesofpleasure.com\/tr\/wp-json\/wp\/v2\/pages\/1292","targetHints":{"allow":["GET"]}}],"collection":[{"href":"https:\/\/bitesofpleasure.com\/tr\/wp-json\/wp\/v2\/pages"}],"about":[{"href":"https:\/\/bitesofpleasure.com\/tr\/wp-json\/wp\/v2\/types\/page"}],"author":[{"embeddable":true,"href":"https:\/\/bitesofpleasure.com\/tr\/wp-json\/wp\/v2\/users\/1"}],"replies":[{"embeddable":true,"href":"https:\/\/bitesofpleasure.com\/tr\/wp-json\/wp\/v2\/comments?post=1292"}],"version-history":[{"count":6,"href":"https:\/\/bitesofpleasure.com\/tr\/wp-json\/wp\/v2\/pages\/1292\/revisions"}],"predecessor-version":[{"id":1302,"href":"https:\/\/bitesofpleasure.com\/tr\/wp-json\/wp\/v2\/pages\/1292\/revisions\/1302"}],"wp:attachment":[{"href":"https:\/\/bitesofpleasure.com\/tr\/wp-json\/wp\/v2\/media?parent=1292"}],"curies":[{"name":"wp","href":"https:\/\/api.w.org\/{rel}","templated":true}]}}