{"id":1234,"date":"2024-01-02T21:34:00","date_gmt":"2024-01-03T00:34:00","guid":{"rendered":"http:\/\/bitesofpleasure.com\/?page_id=1234"},"modified":"2024-01-02T21:34:00","modified_gmt":"2024-01-03T00:34:00","slug":"quem-somos","status":"publish","type":"page","link":"https:\/\/bitesofpleasure.com\/tr\/quem-somos\/","title":{"rendered":"Biz Kimiz"},"content":{"rendered":"<p>2023 y\u0131l\u0131nda kurulan, topluma de\u011ferli bilgiler sunmaya adanm\u0131\u015f bir portal olan BitesofPleasure Blog&#039;a ho\u015f geldiniz. Misyonumuz bilgi ve enformasyonun demokratikle\u015fmesini te\u015fvik etmektir.<\/p>\n<p>Yap\u0131land\u0131r\u0131lm\u0131\u015f, y\u00fcksek kaliteli bilgiye eri\u015fimin toplumun ilerlemesi i\u00e7in temel bir dayanak oldu\u011funa inan\u0131yoruz. BitesofPleasure olarak okuyucular\u0131m\u0131z\u0131n e\u011fitimine ve ki\u015fisel geli\u015fimine katk\u0131da bulunan g\u00fcvenilir ve zenginle\u015ftirici i\u00e7erikler sunmaya kendimizi adad\u0131k.<\/p>\n<p>Ekibimiz, farkl\u0131 alanlardaki bilgi ve i\u00e7g\u00f6r\u00fcleri payla\u015fma konusunda tutkulu olan, her makalenin, k\u0131lavuzun veya analizin yaln\u0131zca bilgilendirici de\u011fil ayn\u0131 zamanda ilham verici ve herkes i\u00e7in eri\u015filebilir olmas\u0131n\u0131 sa\u011flayan profesyonellerden olu\u015fur.<\/p>\n<p>BitesofPleasure olarak, e\u011fitimin daha iyi bir gelece\u011fin anahtar\u0131 oldu\u011funa inand\u0131\u011f\u0131m\u0131zdan, bilgiyi daha eri\u015filebilir ve anla\u015f\u0131l\u0131r hale getirmenin her zaman yeni yollar\u0131n\u0131 ar\u0131yoruz. Bu ke\u015fif ve b\u00fcy\u00fcme yolculu\u011fumuzda bize kat\u0131l\u0131n!<\/p>","protected":false},"excerpt":{"rendered":"<p>2023 y\u0131l\u0131nda kurulan, topluma de\u011ferli bilgiler sunmaya adanm\u0131\u015f bir portal olan BitesofPleasure Blog&#039;a ho\u015f geldiniz. Misyonumuz bilginin demokratikle\u015fmesini te\u015fvik etmektir\u2026<\/p>","protected":false},"author":1,"featured_media":0,"parent":0,"menu_order":0,"comment_status":"closed","ping_status":"closed","template":"","meta":{"footnotes":""},"class_list":["post-1234","page","type-page","status-publish","hentry"],"_links":{"self":[{"href":"https:\/\/bitesofpleasure.com\/tr\/wp-json\/wp\/v2\/pages\/1234","targetHints":{"allow":["GET"]}}],"collection":[{"href":"https:\/\/bitesofpleasure.com\/tr\/wp-json\/wp\/v2\/pages"}],"about":[{"href":"https:\/\/bitesofpleasure.com\/tr\/wp-json\/wp\/v2\/types\/page"}],"author":[{"embeddable":true,"href":"https:\/\/bitesofpleasure.com\/tr\/wp-json\/wp\/v2\/users\/1"}],"replies":[{"embeddable":true,"href":"https:\/\/bitesofpleasure.com\/tr\/wp-json\/wp\/v2\/comments?post=1234"}],"version-history":[{"count":1,"href":"https:\/\/bitesofpleasure.com\/tr\/wp-json\/wp\/v2\/pages\/1234\/revisions"}],"predecessor-version":[{"id":1235,"href":"https:\/\/bitesofpleasure.com\/tr\/wp-json\/wp\/v2\/pages\/1234\/revisions\/1235"}],"wp:attachment":[{"href":"https:\/\/bitesofpleasure.com\/tr\/wp-json\/wp\/v2\/media?parent=1234"}],"curies":[{"name":"wp","href":"https:\/\/api.w.org\/{rel}","templated":true}]}}