{"id":1214,"date":"2024-01-02T21:30:35","date_gmt":"2024-01-03T00:30:35","guid":{"rendered":"http:\/\/bitesofpleasure.com\/?page_id=1214"},"modified":"2024-01-02T21:32:32","modified_gmt":"2024-01-03T00:32:32","slug":"termos-de-uso","status":"publish","type":"page","link":"https:\/\/bitesofpleasure.com\/tr\/termos-de-uso\/","title":{"rendered":"Kullan\u0131m \u015eartlar\u0131"},"content":{"rendered":"<p>adresinden eri\u015filebilen BitesofPleasure \u00c7erez Politikas\u0131na ho\u015f geldiniz. <a href=\"http:\/\/bitesofpleasure.com\/\" target=\"_new\" rel=\"noopener\">www.bitesofpleasure.com<\/a><\/p>\n<p><strong>\u00c7erezler nedir?<\/strong> \u00c7o\u011fu profesyonel web sitesi gibi BitesofPleasure da tarama deneyiminizi optimize etmek i\u00e7in cihaz\u0131n\u0131za aktar\u0131lan k\u00fc\u00e7\u00fck dosyalar olan \u00e7erezleri kullan\u0131r. Bu b\u00f6l\u00fcm, \u00e7erezlerin hangi bilgileri toplad\u0131\u011f\u0131n\u0131, bunlar\u0131 nas\u0131l kulland\u0131\u011f\u0131m\u0131z\u0131 ve baz\u0131 durumlarda bunlar\u0131 neden saklamam\u0131z gerekti\u011fini ayr\u0131nt\u0131lar\u0131yla a\u00e7\u0131klamaktad\u0131r. Ayr\u0131ca sitenin i\u015flevselli\u011fini etkileyebilecek olsa da, bu \u00e7erezlerin saklanmas\u0131n\u0131 nas\u0131l \u00f6nleyebilece\u011finizi de a\u00e7\u0131klayaca\u011f\u0131z. \u00c7erezler hakk\u0131nda daha fazla bilgi i\u00e7in HTTP \u00c7erezleri hakk\u0131ndaki Wikipedia makalesine bak\u0131n.<\/p>\n<p><strong>\u00c7erez Politikam\u0131z<\/strong> \u00c7erezleri a\u015fa\u011f\u0131da ayr\u0131nt\u0131lar\u0131 verilen \u00e7e\u015fitli nedenlerle kullan\u0131yoruz. \u00c7o\u011fu durumda, bu siteye eklenen i\u015flevselli\u011fi etkilemeden \u00e7erezleri devre d\u0131\u015f\u0131 b\u0131rakmaya y\u00f6nelik end\u00fcstri standard\u0131 se\u00e7enekler bulunmamaktad\u0131r. \u0130htiyac\u0131n\u0131z olmad\u0131\u011f\u0131ndan emin olmad\u0131\u011f\u0131n\u0131z s\u00fcrece t\u00fcm \u00e7erezleri etkin tutman\u0131z\u0131 \u00f6neririz.<\/p>\n<p><strong>\u00c7erezler Nas\u0131l Engellenir<\/strong> Taray\u0131c\u0131 ayarlar\u0131n\u0131z\u0131 de\u011fi\u015ftirerek \u00e7erezlerin ayarlanmas\u0131n\u0131 engelleyebilirsiniz (talimatlar i\u00e7in taray\u0131c\u0131n\u0131z\u0131n deste\u011fine bak\u0131n). Ancak \u00e7erezleri devre d\u0131\u015f\u0131 b\u0131rakman\u0131n bu sitenin ve ziyaret etti\u011finiz di\u011fer web sitelerinin i\u015flevselli\u011fini etkileyebilece\u011fini l\u00fctfen unutmay\u0131n. Bu nedenle \u00e7erezlerin devre d\u0131\u015f\u0131 b\u0131rak\u0131lmas\u0131 \u00f6nerilmez.<\/p>\n<p><strong>Kulland\u0131\u011f\u0131m\u0131z \u00c7erezler<\/strong><\/p>\n<ul>\n<li><strong>Site Yap\u0131land\u0131rma \u00c7erezleri:<\/strong> Web sitemizde size ki\u015fiselle\u015ftirilmi\u015f bir deneyim sunmak i\u00e7in tarama tercihlerinizi ayarlama se\u00e7ene\u011fi sunuyoruz. Se\u00e7imlerinizi hat\u0131rlamak ve bu bilgileri gelecekteki ziyaretlerde saklamak i\u00e7in \u00e7erezleri kullan\u0131yoruz.<\/li>\n<li><strong>\u0130\u015f Orta\u011f\u0131 \u00c7erezleri:<\/strong> Baz\u0131 durumlarda ortak \u015firketlerin \u00e7erezlerini kullan\u0131r\u0131z. Web sitemizde hangi \u00fc\u00e7\u00fcnc\u00fc taraf \u00e7erezleriyle kar\u015f\u0131la\u015fabilece\u011finize ili\u015fkin ayr\u0131nt\u0131lar bir sonraki b\u00f6l\u00fcmde verilecektir.<\/li>\n<\/ul>\n<p><strong>Analiz ve Reklam Ara\u00e7lar\u0131<\/strong><\/p>\n<ul>\n<li><strong>Google Analytics:<\/strong> Sitemizle nas\u0131l etkile\u015fim kurdu\u011funuzu anlamak ve deneyiminizi geli\u015ftirmek i\u00e7in bu pop\u00fcler analiz arac\u0131n\u0131 kullan\u0131yoruz. Bu \u00e7erezler ziyaretinizin zaman\u0131 ve eri\u015filen sayfalar gibi hususlar\u0131 izler. Google Analytics hakk\u0131nda daha fazla bilgi i\u00e7in resmi sayfay\u0131 ziyaret edin.<\/li>\n<li><strong>Google AdSense:<\/strong> Reklam sunmak i\u00e7in AdSense&#039;i kullan\u0131yoruz. Daha alakal\u0131 reklamlar sunmak ve bir reklam\u0131n s\u0131kl\u0131\u011f\u0131n\u0131 s\u0131n\u0131rlamak i\u00e7in bir DoubleClick \u00e7erezi kullan\u0131r. Google AdSense hakk\u0131nda ek bilgi i\u00e7in Google AdSense Gizlilik SSS&#039;sine bak\u0131n.<\/li>\n<\/ul>\n<p><strong>Ek Bilgiler<\/strong> Bu bilginin faydal\u0131 oldu\u011funu umuyoruz. Daha \u00f6nce de belirtildi\u011fi gibi, daha iyi bir web sitesi deneyimi sa\u011flamak i\u00e7in \u00e7erezleri aktif tutman\u0131z tavsiye edilir. Daha fazla bilgiye ihtiya\u00e7 duyarsan\u0131z l\u00fctfen bizimle ileti\u015fime ge\u00e7mekten \u00e7ekinmeyin: <a target=\"_new\" rel=\"noopener\">contato@bitesofpleasure.com<\/a>.<\/p>","protected":false},"excerpt":{"rendered":"<p>www.bitesofpleasure.com adresinden eri\u015filebilen BitesofPleasure \u00c7erez Politikas\u0131na ho\u015f geldiniz. \u00c7erezler nelerdir? \u00c7o\u011fu profesyonel web sitesi gibi BitesofPleasure da \u00e7erezleri kullan\u0131r,\u2026<\/p>","protected":false},"author":1,"featured_media":0,"parent":0,"menu_order":0,"comment_status":"closed","ping_status":"closed","template":"","meta":{"footnotes":""},"class_list":["post-1214","page","type-page","status-publish","hentry"],"_links":{"self":[{"href":"https:\/\/bitesofpleasure.com\/tr\/wp-json\/wp\/v2\/pages\/1214","targetHints":{"allow":["GET"]}}],"collection":[{"href":"https:\/\/bitesofpleasure.com\/tr\/wp-json\/wp\/v2\/pages"}],"about":[{"href":"https:\/\/bitesofpleasure.com\/tr\/wp-json\/wp\/v2\/types\/page"}],"author":[{"embeddable":true,"href":"https:\/\/bitesofpleasure.com\/tr\/wp-json\/wp\/v2\/users\/1"}],"replies":[{"embeddable":true,"href":"https:\/\/bitesofpleasure.com\/tr\/wp-json\/wp\/v2\/comments?post=1214"}],"version-history":[{"count":1,"href":"https:\/\/bitesofpleasure.com\/tr\/wp-json\/wp\/v2\/pages\/1214\/revisions"}],"predecessor-version":[{"id":1215,"href":"https:\/\/bitesofpleasure.com\/tr\/wp-json\/wp\/v2\/pages\/1214\/revisions\/1215"}],"wp:attachment":[{"href":"https:\/\/bitesofpleasure.com\/tr\/wp-json\/wp\/v2\/media?parent=1214"}],"curies":[{"name":"wp","href":"https:\/\/api.w.org\/{rel}","templated":true}]}}