{"id":3,"date":"2024-01-02T10:18:24","date_gmt":"2024-01-02T13:18:24","guid":{"rendered":"http:\/\/bitesofpleasure.com\/?page_id=3"},"modified":"2024-01-02T21:38:02","modified_gmt":"2024-01-03T00:38:02","slug":"politica-de-privacidade","status":"publish","type":"page","link":"https:\/\/bitesofpleasure.com\/sr\/politica-de-privacidade\/","title":{"rendered":"\u041f\u043e\u043b\u0438\u0442\u0438\u043a\u0430 \u043f\u0440\u0438\u0432\u0430\u0442\u043d\u043e\u0441\u0442\u0438"},"content":{"rendered":"<div class=\"flex-1 overflow-hidden\">\r\n<div class=\"react-scroll-to-bottom--css-oabmi-79elbk h-full\">\r\n<div class=\"react-scroll-to-bottom--css-oabmi-1n7m0yu\">\r\n<div class=\"flex flex-col pb-9 text-sm\">\r\n<div class=\"w-full text-token-text-primary\" data-testid=\"conversation-turn-5\">\r\n<div class=\"px-4 py-2 justify-center text-base md:gap-6 m-auto\">\r\n<div class=\"flex flex-1 text-base mx-auto gap-3 md:px-5 lg:px-1 xl:px-5 md:max-w-3xl lg:max-w-[40rem] xl:max-w-[48rem] group final-completion\">\r\n<div class=\"relative flex w-full flex-col lg:w-[calc(100%-115px)] agent-turn\">\r\n<div class=\"flex-col gap-1 md:gap-3\">\r\n<div class=\"flex flex-grow flex-col max-w-full\">\r\n<div class=\"min-h-[20px] text-message flex flex-col items-start gap-3 whitespace-pre-wrap break-words [.text-message+&amp;]:mt-5 overflow-x-auto\" data-message-author-role=\"assistant\" data-message-id=\"35a68a1c-073e-4aa0-903f-9e246ece482d\">\r\n<div class=\"markdown prose w-full break-words dark:prose-invert light\">\r\n<p>\u041e\u0432\u043e \u0458\u0435 \u041f\u043e\u043b\u0438\u0442\u0438\u043a\u0430 \u043f\u0440\u0438\u0432\u0430\u0442\u043d\u043e\u0441\u0442\u0438 \u043a\u043e\u043c\u043f\u0430\u043d\u0438\u0458\u0435 BitesofPleasure, \u0434\u043e\u0441\u0442\u0443\u043f\u043d\u0430 \u043d\u0430 <a href=\"http:\/\/bitesofpleasure.com\/\" target=\"_new\" rel=\"noopener\">www.bitesofpleasure.com<\/a><\/p>\r\n<p><strong>\u0428\u0442\u0430 \u0441\u0443 \u043a\u043e\u043b\u0430\u0447\u0438\u045b\u0438?<\/strong> \u041a\u0430\u043e \u0438 \u0432\u0435\u045b\u0438\u043d\u0430 \u043f\u0440\u043e\u0444\u0435\u0441\u0438\u043e\u043d\u0430\u043b\u043d\u0438\u0445 \u0432\u0435\u0431-\u0441\u0430\u0458\u0442\u043e\u0432\u0430, BitesofPleasure \u043a\u043e\u0440\u0438\u0441\u0442\u0438 \u043a\u043e\u043b\u0430\u0447\u0438\u045b\u0435, \u043c\u0430\u043b\u0435 \u0434\u0430\u0442\u043e\u0442\u0435\u043a\u0435 \u043a\u043e\u0458\u0435 \u0441\u0435 \u043f\u0440\u0435\u0443\u0437\u0438\u043c\u0430\u0458\u0443 \u043d\u0430 \u0432\u0430\u0448 \u0443\u0440\u0435\u0452\u0430\u0458, \u043a\u0430\u043a\u043e \u0431\u0438 \u043e\u043f\u0442\u0438\u043c\u0438\u0437\u043e\u0432\u0430\u043e \u0432\u0430\u0448\u0435 \u0438\u0441\u043a\u0443\u0441\u0442\u0432\u043e \u043f\u0440\u0435\u0433\u043b\u0435\u0434\u0430\u045a\u0430. \u041e\u0432\u0430\u0458 \u043e\u0434\u0435\u0459\u0430\u043a \u043e\u0431\u0458\u0430\u0448\u045a\u0430\u0432\u0430 \u0438\u043d\u0444\u043e\u0440\u043c\u0430\u0446\u0438\u0458\u0435 \u043a\u043e\u0458\u0435 \u043e\u0432\u0438 \u043a\u043e\u043b\u0430\u0447\u0438\u045b\u0438 \u043f\u0440\u0438\u043a\u0443\u043f\u0459\u0430\u0458\u0443, \u043a\u0430\u043a\u043e \u0438\u0445 \u043a\u043e\u0440\u0438\u0441\u0442\u0438\u043c\u043e \u0438 \u0437\u0430\u0448\u0442\u043e \u0438\u0445 \u043f\u043e\u043d\u0435\u043a\u0430\u0434 \u043c\u043e\u0440\u0430\u043c\u043e \u0447\u0443\u0432\u0430\u0442\u0438. \u0422\u0430\u043a\u043e\u0452\u0435 \u045b\u0435\u043c\u043e \u043e\u0431\u0458\u0430\u0441\u043d\u0438\u0442\u0438 \u043a\u0430\u043a\u043e \u043c\u043e\u0436\u0435\u0442\u0435 \u0441\u043f\u0440\u0435\u0447\u0438\u0442\u0438 \u0447\u0443\u0432\u0430\u045a\u0435 \u043e\u0432\u0438\u0445 \u043a\u043e\u043b\u0430\u0447\u0438\u045b\u0430, \u0448\u0442\u043e \u043c\u043e\u0436\u0435 \u0443\u0442\u0438\u0446\u0430\u0442\u0438 \u043d\u0430 \u0444\u0443\u043d\u043a\u0446\u0438\u043e\u043d\u0430\u043b\u043d\u043e\u0441\u0442 \u0441\u0430\u0458\u0442\u0430. \u0417\u0430 \u0432\u0438\u0448\u0435 \u0438\u043d\u0444\u043e\u0440\u043c\u0430\u0446\u0438\u0458\u0430 \u043e \u043a\u043e\u043b\u0430\u0447\u0438\u045b\u0438\u043c\u0430, \u043f\u043e\u0433\u043b\u0435\u0434\u0430\u0458\u0442\u0435 \u0447\u043b\u0430\u043d\u0430\u043a \u043d\u0430 \u0412\u0438\u043a\u0438\u043f\u0435\u0434\u0438\u0458\u0438 \u043e HTTP \u043a\u043e\u043b\u0430\u0447\u0438\u045b\u0438\u043c\u0430.<\/p>\r\n<p><strong>\u0423\u043f\u043e\u0442\u0440\u0435\u0431\u0430 \u043a\u043e\u043b\u0430\u0447\u0438\u045b\u0430<\/strong> \u041a\u043e\u043b\u0430\u0447\u0438\u045b\u0435 \u043a\u043e\u0440\u0438\u0441\u0442\u0438\u043c\u043e \u0438\u0437 \u0432\u0438\u0448\u0435 \u0440\u0430\u0437\u043b\u043e\u0433\u0430, \u0434\u0435\u0442\u0430\u0459\u043d\u043e \u043e\u043f\u0438\u0441\u0430\u043d\u0438\u0445 \u0443 \u043d\u0430\u0441\u0442\u0430\u0432\u043a\u0443. \u0423 \u043c\u043d\u043e\u0433\u0438\u043c \u0441\u043b\u0443\u0447\u0430\u0458\u0435\u0432\u0438\u043c\u0430, \u043d\u0435 \u043f\u043e\u0441\u0442\u043e\u0458\u0435 \u0441\u0442\u0430\u043d\u0434\u0430\u0440\u0434\u043d\u0435 \u043e\u043f\u0446\u0438\u0458\u0435 \u0443 \u0438\u043d\u0434\u0443\u0441\u0442\u0440\u0438\u0458\u0438 \u0437\u0430 \u043e\u043d\u0435\u043c\u043e\u0433\u0443\u045b\u0430\u0432\u0430\u045a\u0435 \u043a\u043e\u043b\u0430\u0447\u0438\u045b\u0430 \u0431\u0435\u0437 \u0443\u0442\u0438\u0446\u0430\u0458\u0430 \u043d\u0430 \u0444\u0443\u043d\u043a\u0446\u0438\u043e\u043d\u0430\u043b\u043d\u043e\u0441\u0442 \u043e\u0432\u0435 \u0441\u0442\u0440\u0430\u043d\u0438\u0446\u0435. \u041f\u0440\u0435\u043f\u043e\u0440\u0443\u0447\u0443\u0458\u0435\u043c\u043e \u0434\u0430 \u0441\u0432\u0435 \u043a\u043e\u043b\u0430\u0447\u0438\u045b\u0435 \u043e\u0441\u0442\u0430\u0432\u0438\u0442\u0435 \u043e\u043c\u043e\u0433\u0443\u045b\u0435\u043d\u0435 \u043e\u0441\u0438\u043c \u0430\u043a\u043e \u043d\u0438\u0441\u0442\u0435 \u0441\u0438\u0433\u0443\u0440\u043d\u0438 \u0434\u0430 \u0432\u0430\u043c \u043d\u0438\u0441\u0443 \u043f\u043e\u0442\u0440\u0435\u0431\u043d\u0438.<\/p>\r\n<p><strong>\u041a\u0430\u043a\u043e \u043e\u043d\u0435\u043c\u043e\u0433\u0443\u045b\u0438\u0442\u0438 \u043a\u043e\u043b\u0430\u0447\u0438\u045b\u0435<\/strong> \u041c\u043e\u0436\u0435\u0442\u0435 \u0431\u043b\u043e\u043a\u0438\u0440\u0430\u0442\u0438 \u043f\u043e\u0441\u0442\u0430\u0432\u0459\u0430\u045a\u0435 \u043a\u043e\u043b\u0430\u0447\u0438\u045b\u0430 \u043f\u043e\u0434\u0435\u0448\u0430\u0432\u0430\u045a\u0435\u043c \u043f\u043e\u0434\u0435\u0448\u0430\u0432\u0430\u045a\u0430 \u0432\u0430\u0448\u0435\u0433 \u043f\u0440\u0435\u0433\u043b\u0435\u0434\u0430\u0447\u0430 (\u043f\u043e\u0433\u043b\u0435\u0434\u0430\u0458\u0442\u0435 \u0443\u043f\u0443\u0442\u0441\u0442\u0432\u0430 \u0443 \u043f\u043e\u0434\u0440\u0448\u0446\u0438 \u0437\u0430 \u0432\u0430\u0448 \u043f\u0440\u0435\u0433\u043b\u0435\u0434\u0430\u0447). \u041c\u0435\u0452\u0443\u0442\u0438\u043c, \u043e\u043d\u0435\u043c\u043e\u0433\u0443\u045b\u0430\u0432\u0430\u045a\u0435 \u043a\u043e\u043b\u0430\u0447\u0438\u045b\u0430 \u043c\u043e\u0436\u0435 \u0443\u0442\u0438\u0446\u0430\u0442\u0438 \u043d\u0430 \u0444\u0443\u043d\u043a\u0446\u0438\u043e\u043d\u0430\u043b\u043d\u043e\u0441\u0442 \u043e\u0432\u0435 \u0438 \u0434\u0440\u0443\u0433\u0438\u0445 \u0432\u0435\u0431 \u043b\u043e\u043a\u0430\u0446\u0438\u0458\u0430 \u043a\u043e\u0458\u0435 \u043f\u043e\u0441\u0435\u045b\u0443\u0458\u0435\u0442\u0435. \u0421\u0442\u043e\u0433\u0430 \u0441\u0435 \u043e\u043d\u0435\u043c\u043e\u0433\u0443\u045b\u0430\u0432\u0430\u045a\u0435 \u043a\u043e\u043b\u0430\u0447\u0438\u045b\u0430 \u043d\u0435 \u043f\u0440\u0435\u043f\u043e\u0440\u0443\u0447\u0443\u0458\u0435.<\/p>\r\n<p><strong>\u041a\u043e\u043b\u0430\u0447\u0438\u045b\u0438 \u043a\u043e\u0458\u0435 \u043a\u043e\u0440\u0438\u0441\u0442\u0438\u043c\u043e<\/strong><\/p>\r\n<ul>\r\n<li><strong>\u041a\u043e\u043b\u0430\u0447\u0438\u045b\u0438 \u0437\u0430 \u043a\u043e\u043d\u0444\u0438\u0433\u0443\u0440\u0430\u0446\u0438\u0458\u0443 \u0441\u0430\u0458\u0442\u0430:<\/strong> \u0414\u0430 \u0431\u0438\u0441\u043c\u043e \u0432\u0430\u043c \u043f\u0440\u0443\u0436\u0438\u043b\u0438 \u043f\u0435\u0440\u0441\u043e\u043d\u0430\u043b\u0438\u0437\u043e\u0432\u0430\u043d\u043e \u0438\u0441\u043a\u0443\u0441\u0442\u0432\u043e, \u043d\u0443\u0434\u0438\u043c\u043e \u0432\u0430\u043c \u043c\u043e\u0433\u0443\u045b\u043d\u043e\u0441\u0442 \u043f\u0440\u0438\u043b\u0430\u0433\u043e\u0452\u0430\u0432\u0430\u045a\u0430 \u0432\u0430\u0448\u0438\u0445 \u043f\u0440\u0435\u0444\u0435\u0440\u0435\u043d\u0446\u0438\u0458\u0430 \u043f\u0440\u0435\u0433\u043b\u0435\u0434\u0430\u045a\u0430. \u041a\u043e\u0440\u0438\u0441\u0442\u0438\u043c\u043e \u043a\u043e\u043b\u0430\u0447\u0438\u045b\u0435 \u0434\u0430 \u0431\u0438\u0441\u043c\u043e \u0437\u0430\u043f\u0430\u043c\u0442\u0438\u043b\u0438 \u0432\u0430\u0448\u0435 \u0438\u0437\u0431\u043e\u0440\u0435 \u0438 \u0441\u0430\u0447\u0443\u0432\u0430\u043b\u0438 \u043e\u0432\u0435 \u0438\u043d\u0444\u043e\u0440\u043c\u0430\u0446\u0438\u0458\u0435 \u0437\u0430 \u0431\u0443\u0434\u0443\u045b\u0435 \u043f\u043e\u0441\u0435\u0442\u0435.<\/li>\r\n<li><strong>\u041f\u0430\u0440\u0442\u043d\u0435\u0440\u0441\u043a\u0438 \u043a\u043e\u043b\u0430\u0447\u0438\u045b\u0438:<\/strong> \u0423 \u043d\u0435\u043a\u0438\u043c \u0441\u0438\u0442\u0443\u0430\u0446\u0438\u0458\u0430\u043c\u0430 \u043a\u043e\u0440\u0438\u0441\u0442\u0438\u043c\u043e \u043a\u043e\u043b\u0430\u0447\u0438\u045b\u0435 \u043f\u0430\u0440\u0442\u043d\u0435\u0440\u0441\u043a\u0438\u0445 \u043a\u043e\u043c\u043f\u0430\u043d\u0438\u0458\u0430. \u0423 \u043d\u0430\u0441\u0442\u0430\u0432\u043a\u0443 \u0434\u0435\u0442\u0430\u0459\u043d\u043e \u043e\u043f\u0438\u0441\u0443\u0458\u0435\u043c\u043e \u043a\u043e\u0458\u0435 \u043a\u043e\u043b\u0430\u0447\u0438\u045b\u0435 \u0442\u0440\u0435\u045b\u0438\u0445 \u0441\u0442\u0440\u0430\u043d\u0430 \u043c\u043e\u0436\u0435\u0442\u0435 \u043f\u0440\u043e\u043d\u0430\u045b\u0438 \u043d\u0430 \u043d\u0430\u0448\u043e\u0458 \u0432\u0435\u0431 \u0441\u0442\u0440\u0430\u043d\u0438\u0446\u0438.<\/li>\r\n<li><strong>\u0413\u0443\u0433\u043b \u0430\u043d\u0430\u043b\u0438\u0442\u0438\u043a\u0430:<\/strong> \u041a\u043e\u0440\u0438\u0441\u0442\u0438\u043c\u043e \u043e\u0432\u0430\u0458 \u0430\u043b\u0430\u0442 \u0437\u0430 \u0430\u043d\u0430\u043b\u0438\u0442\u0438\u043a\u0443 \u0434\u0430 \u0431\u0438\u0441\u043c\u043e \u0440\u0430\u0437\u0443\u043c\u0435\u043b\u0438 \u043a\u0430\u043a\u043e \u043a\u043e\u043c\u0443\u043d\u0438\u0446\u0438\u0440\u0430\u0442\u0435 \u0441\u0430 \u043d\u0430\u0448\u043e\u043c \u0432\u0435\u0431 \u0441\u0442\u0440\u0430\u043d\u0438\u0446\u043e\u043c \u0438 \u043f\u043e\u0431\u043e\u0459\u0448\u0430\u043b\u0438 \u0432\u0430\u0448\u0435 \u0438\u0441\u043a\u0443\u0441\u0442\u0432\u043e. \u041e\u0432\u0438 \u043a\u043e\u043b\u0430\u0447\u0438\u045b\u0438 \u043f\u0440\u0430\u0442\u0435 \u0430\u0441\u043f\u0435\u043a\u0442\u0435 \u043a\u0430\u043e \u0448\u0442\u043e \u0441\u0443 \u0442\u0440\u0430\u0458\u0430\u045a\u0435 \u043f\u043e\u0441\u0435\u0442\u0435 \u0438 \u043f\u043e\u0441\u0435\u045b\u0435\u043d\u0435 \u0441\u0442\u0440\u0430\u043d\u0438\u0446\u0435. \u0417\u0430 \u0432\u0438\u0448\u0435 \u0438\u043d\u0444\u043e\u0440\u043c\u0430\u0446\u0438\u0458\u0430 \u043f\u043e\u0441\u0435\u0442\u0438\u0442\u0435 \u0437\u0432\u0430\u043d\u0438\u0447\u043d\u0443 \u0441\u0442\u0440\u0430\u043d\u0438\u0446\u0443 Google Analytics-\u0430.<\/li>\r\n<li><strong>\u0413\u0443\u0433\u043b \u0410\u0434\u0421\u0435\u043d\u0441\u0435:<\/strong> \u041a\u043e\u0440\u0438\u0441\u0442\u0438\u043c\u043e AdSense \u0437\u0430 \u043f\u0440\u0438\u043a\u0430\u0437\u0438\u0432\u0430\u045a\u0435 \u043e\u0433\u043b\u0430\u0441\u0430, \u043a\u043e\u0458\u0438 \u043a\u043e\u0440\u0438\u0441\u0442\u0438 DoubleClick \u043a\u043e\u043b\u0430\u0447\u0438\u045b \u0437\u0430 \u043f\u0440\u0438\u043a\u0430\u0437\u0438\u0432\u0430\u045a\u0435 \u0440\u0435\u043b\u0435\u0432\u0430\u043d\u0442\u043d\u0438\u0458\u0438\u0445 \u043e\u0433\u043b\u0430\u0441\u0430 \u0438 \u043a\u043e\u043d\u0442\u0440\u043e\u043b\u0443 \u0443\u0447\u0435\u0441\u0442\u0430\u043b\u043e\u0441\u0442\u0438 \u043e\u0434\u0440\u0435\u0452\u0435\u043d\u043e\u0433 \u043e\u0433\u043b\u0430\u0441\u0430. \u0417\u0430 \u0432\u0438\u0448\u0435 \u0434\u0435\u0442\u0430\u0459\u0430 \u043f\u043e\u0433\u043b\u0435\u0434\u0430\u0458\u0442\u0435 \u0447\u0435\u0441\u0442\u0430 \u043f\u0438\u0442\u0430\u045a\u0430 \u043e \u043f\u0440\u0438\u0432\u0430\u0442\u043d\u043e\u0441\u0442\u0438 Google AdSense-\u0430.<\/li>\r\n<\/ul>\r\n<p><strong>\u0414\u043e\u0434\u0430\u0442\u043d\u0435 \u0438\u043d\u0444\u043e\u0440\u043c\u0430\u0446\u0438\u0458\u0435<\/strong> \u041d\u0430\u0434\u0430\u043c\u043e \u0441\u0435 \u0434\u0430 \u0441\u043c\u043e \u043e\u0434\u0433\u043e\u0432\u043e\u0440\u0438\u043b\u0438 \u043d\u0430 \u0432\u0430\u0448\u0430 \u043f\u0438\u0442\u0430\u045a\u0430. \u041a\u0430\u043e \u0448\u0442\u043e \u0458\u0435 \u0432\u0435\u045b \u043f\u043e\u043c\u0435\u043d\u0443\u0442\u043e, \u043f\u0440\u0435\u043f\u043e\u0440\u0443\u0447\u0443\u0458\u0435 \u0441\u0435 \u0434\u0430 \u043e\u0441\u0442\u0430\u0432\u0438\u0442\u0435 \u043a\u043e\u043b\u0430\u0447\u0438\u045b\u0435 \u043e\u043c\u043e\u0433\u0443\u045b\u0435\u043d\u0435 \u0440\u0430\u0434\u0438 \u0431\u043e\u0459\u0435\u0433 \u0438\u0441\u043a\u0443\u0441\u0442\u0432\u0430 \u043d\u0430 \u0432\u0435\u0431-\u0441\u0430\u0458\u0442\u0443. \u0423\u043a\u043e\u043b\u0438\u043a\u043e \u0432\u0430\u043c \u0458\u0435 \u043f\u043e\u0442\u0440\u0435\u0431\u043d\u0430 \u0434\u043e\u0434\u0430\u0442\u043d\u0430 \u0438\u043d\u0444\u043e\u0440\u043c\u0430\u0446\u0438\u0458\u0430, \u043a\u043e\u043d\u0442\u0430\u043a\u0442\u0438\u0440\u0430\u0458\u0442\u0435 \u043d\u0430\u0441 \u043d\u0430: <a target=\"_new\" rel=\"noopener\">contato@bitesofpleasure.com<\/a>.<\/p>\r\n<\/div>\r\n<\/div>\r\n<\/div>\r\n<\/div>\r\n<\/div>\r\n<\/div>\r\n<\/div>\r\n<\/div>\r\n<\/div>\r\n<\/div>\r\n<\/div>\r\n<\/div>","protected":false},"excerpt":{"rendered":"<p>Esta \u00e9 a Pol\u00edtica de Privacidade do BitesofPleasure, acess\u00edvel em www.bitesofpleasure.com O que s\u00e3o Cookies? Como na maioria dos websites profissionais, o BitesofPleasure utiliza cookies,&#8230;<\/p>","protected":false},"author":1,"featured_media":0,"parent":0,"menu_order":0,"comment_status":"closed","ping_status":"open","template":"","meta":{"footnotes":""},"class_list":["post-3","page","type-page","status-publish","hentry"],"_links":{"self":[{"href":"https:\/\/bitesofpleasure.com\/sr\/wp-json\/wp\/v2\/pages\/3","targetHints":{"allow":["GET"]}}],"collection":[{"href":"https:\/\/bitesofpleasure.com\/sr\/wp-json\/wp\/v2\/pages"}],"about":[{"href":"https:\/\/bitesofpleasure.com\/sr\/wp-json\/wp\/v2\/types\/page"}],"author":[{"embeddable":true,"href":"https:\/\/bitesofpleasure.com\/sr\/wp-json\/wp\/v2\/users\/1"}],"replies":[{"embeddable":true,"href":"https:\/\/bitesofpleasure.com\/sr\/wp-json\/wp\/v2\/comments?post=3"}],"version-history":[{"count":2,"href":"https:\/\/bitesofpleasure.com\/sr\/wp-json\/wp\/v2\/pages\/3\/revisions"}],"predecessor-version":[{"id":1233,"href":"https:\/\/bitesofpleasure.com\/sr\/wp-json\/wp\/v2\/pages\/3\/revisions\/1233"}],"wp:attachment":[{"href":"https:\/\/bitesofpleasure.com\/sr\/wp-json\/wp\/v2\/media?parent=3"}],"curies":[{"name":"wp","href":"https:\/\/api.w.org\/{rel}","templated":true}]}}