{"id":1214,"date":"2024-01-02T21:30:35","date_gmt":"2024-01-03T00:30:35","guid":{"rendered":"http:\/\/bitesofpleasure.com\/?page_id=1214"},"modified":"2024-01-02T21:32:32","modified_gmt":"2024-01-03T00:32:32","slug":"termos-de-uso","status":"publish","type":"page","link":"https:\/\/bitesofpleasure.com\/sr\/termos-de-uso\/","title":{"rendered":"\u0423\u0441\u043b\u043e\u0432\u0438 \u043a\u043e\u0440\u0438\u0448\u045b\u0435\u045a\u0430"},"content":{"rendered":"<p>\u0414\u043e\u0431\u0440\u043e\u0434\u043e\u0448\u043b\u0438 \u0443 \u041f\u043e\u043b\u0438\u0442\u0438\u043a\u0443 \u043a\u043e\u043b\u0430\u0447\u0438\u045b\u0430 BitesofPleasure, \u0434\u043e\u0441\u0442\u0443\u043f\u043d\u0443 \u043d\u0430 <a href=\"http:\/\/bitesofpleasure.com\/\" target=\"_new\" rel=\"noopener\">www.bitesofpleasure.com<\/a><\/p>\n<p><strong>\u0428\u0442\u0430 \u0441\u0443 \u043a\u043e\u043b\u0430\u0447\u0438\u045b\u0438?<\/strong> \u041a\u0430\u043e \u0438 \u0432\u0435\u045b\u0438\u043d\u0430 \u043f\u0440\u043e\u0444\u0435\u0441\u0438\u043e\u043d\u0430\u043b\u043d\u0438\u0445 \u0432\u0435\u0431-\u0441\u0430\u0458\u0442\u043e\u0432\u0430, BitesofPleasure \u043a\u043e\u0440\u0438\u0441\u0442\u0438 \u043a\u043e\u043b\u0430\u0447\u0438\u045b\u0435, \u043c\u0430\u043b\u0435 \u0434\u0430\u0442\u043e\u0442\u0435\u043a\u0435 \u043a\u043e\u0458\u0435 \u0441\u0435 \u043f\u0440\u0435\u0443\u0437\u0438\u043c\u0430\u0458\u0443 \u043d\u0430 \u0432\u0430\u0448 \u0443\u0440\u0435\u0452\u0430\u0458, \u043a\u0430\u043a\u043e \u0431\u0438 \u043e\u043f\u0442\u0438\u043c\u0438\u0437\u043e\u0432\u0430\u043e \u0432\u0430\u0448\u0435 \u0438\u0441\u043a\u0443\u0441\u0442\u0432\u043e \u043f\u0440\u0435\u0433\u043b\u0435\u0434\u0430\u045a\u0430. \u041e\u0432\u0430\u0458 \u043e\u0434\u0435\u0459\u0430\u043a \u0434\u0435\u0442\u0430\u0459\u043d\u043e \u043e\u043f\u0438\u0441\u0443\u0458\u0435 \u0438\u043d\u0444\u043e\u0440\u043c\u0430\u0446\u0438\u0458\u0435 \u043a\u043e\u0458\u0435 \u043e\u0432\u0438 \u043a\u043e\u043b\u0430\u0447\u0438\u045b\u0438 \u043f\u0440\u0438\u043a\u0443\u043f\u0459\u0430\u0458\u0443, \u043a\u0430\u043a\u043e \u0438\u0445 \u043a\u043e\u0440\u0438\u0441\u0442\u0438\u043c\u043e \u0438 \u0437\u0430\u0448\u0442\u043e \u0438\u0445 \u043f\u043e\u043d\u0435\u043a\u0430\u0434 \u043c\u043e\u0440\u0430\u043c\u043e \u0447\u0443\u0432\u0430\u0442\u0438. \u0422\u0430\u043a\u043e\u0452\u0435 \u045b\u0435\u043c\u043e \u043e\u0431\u0458\u0430\u0441\u043d\u0438\u0442\u0438 \u043a\u0430\u043a\u043e \u043c\u043e\u0436\u0435\u0442\u0435 \u0441\u043f\u0440\u0435\u0447\u0438\u0442\u0438 \u0447\u0443\u0432\u0430\u045a\u0435 \u043e\u0432\u0438\u0445 \u043a\u043e\u043b\u0430\u0447\u0438\u045b\u0430, \u0438\u0430\u043a\u043e \u0442\u043e \u043c\u043e\u0436\u0435 \u0443\u0442\u0438\u0446\u0430\u0442\u0438 \u043d\u0430 \u0444\u0443\u043d\u043a\u0446\u0438\u043e\u043d\u0430\u043b\u043d\u043e\u0441\u0442 \u0432\u0435\u0431-\u0441\u0430\u0458\u0442\u0430. \u0417\u0430 \u0432\u0438\u0448\u0435 \u0438\u043d\u0444\u043e\u0440\u043c\u0430\u0446\u0438\u0458\u0430 \u043e \u043a\u043e\u043b\u0430\u0447\u0438\u045b\u0438\u043c\u0430, \u043f\u043e\u0433\u043b\u0435\u0434\u0430\u0458\u0442\u0435 \u0447\u043b\u0430\u043d\u0430\u043a \u043d\u0430 \u0412\u0438\u043a\u0438\u043f\u0435\u0434\u0438\u0458\u0438 \u043e HTTP \u043a\u043e\u043b\u0430\u0447\u0438\u045b\u0438\u043c\u0430.<\/p>\n<p><strong>\u041d\u0430\u0448\u0430 \u043f\u043e\u043b\u0438\u0442\u0438\u043a\u0430 \u043a\u043e\u043b\u0430\u0447\u0438\u045b\u0430<\/strong> \u041a\u043e\u043b\u0430\u0447\u0438\u045b\u0435 \u043a\u043e\u0440\u0438\u0441\u0442\u0438\u043c\u043e \u0438\u0437 \u0432\u0438\u0448\u0435 \u0440\u0430\u0437\u043b\u043e\u0433\u0430, \u0434\u0435\u0442\u0430\u0459\u043d\u043e \u043e\u043f\u0438\u0441\u0430\u043d\u0438\u0445 \u0443 \u043d\u0430\u0441\u0442\u0430\u0432\u043a\u0443. \u0423 \u043c\u043d\u043e\u0433\u0438\u043c \u0441\u043b\u0443\u0447\u0430\u0458\u0435\u0432\u0438\u043c\u0430, \u043d\u0435 \u043f\u043e\u0441\u0442\u043e\u0458\u0435 \u0441\u0442\u0430\u043d\u0434\u0430\u0440\u0434\u043d\u0435 \u043e\u043f\u0446\u0438\u0458\u0435 \u0437\u0430 \u043e\u043d\u0435\u043c\u043e\u0433\u0443\u045b\u0430\u0432\u0430\u045a\u0435 \u043a\u043e\u043b\u0430\u0447\u0438\u045b\u0430 \u0431\u0435\u0437 \u0443\u0442\u0438\u0446\u0430\u0458\u0430 \u043d\u0430 \u0444\u0443\u043d\u043a\u0446\u0438\u043e\u043d\u0430\u043b\u043d\u043e\u0441\u0442 \u043e\u0432\u0435 \u0441\u0442\u0440\u0430\u043d\u0438\u0446\u0435. \u041f\u0440\u0435\u043f\u043e\u0440\u0443\u0447\u0443\u0458\u0435\u043c\u043e \u0434\u0430 \u0441\u0432\u0435 \u043a\u043e\u043b\u0430\u0447\u0438\u045b\u0435 \u043e\u0441\u0442\u0430\u0432\u0438\u0442\u0435 \u043e\u043c\u043e\u0433\u0443\u045b\u0435\u043d\u0435 \u043e\u0441\u0438\u043c \u0430\u043a\u043e \u043d\u0438\u0441\u0442\u0435 \u0441\u0438\u0433\u0443\u0440\u043d\u0438 \u0434\u0430 \u0432\u0430\u043c \u043d\u0438\u0441\u0443 \u043f\u043e\u0442\u0440\u0435\u0431\u043d\u0438.<\/p>\n<p><strong>\u041a\u0430\u043a\u043e \u0431\u043b\u043e\u043a\u0438\u0440\u0430\u0442\u0438 \u043a\u043e\u043b\u0430\u0447\u0438\u045b\u0435<\/strong> \u041c\u043e\u0436\u0435\u0442\u0435 \u0431\u043b\u043e\u043a\u0438\u0440\u0430\u0442\u0438 \u043f\u043e\u0441\u0442\u0430\u0432\u0459\u0430\u045a\u0435 \u043a\u043e\u043b\u0430\u0447\u0438\u045b\u0430 \u043f\u043e\u0434\u0435\u0448\u0430\u0432\u0430\u045a\u0435\u043c \u043f\u043e\u0434\u0435\u0448\u0430\u0432\u0430\u045a\u0430 \u0432\u0430\u0448\u0435\u0433 \u043f\u0440\u0435\u0433\u043b\u0435\u0434\u0430\u0447\u0430 (\u043f\u043e\u0433\u043b\u0435\u0434\u0430\u0458\u0442\u0435 \u0443\u043f\u0443\u0442\u0441\u0442\u0432\u0430 \u0443 \u043f\u043e\u0434\u0440\u0448\u0446\u0438 \u0437\u0430 \u0432\u0430\u0448 \u043f\u0440\u0435\u0433\u043b\u0435\u0434\u0430\u0447). \u041c\u0435\u0452\u0443\u0442\u0438\u043c, \u0438\u043c\u0430\u0458\u0442\u0435 \u043d\u0430 \u0443\u043c\u0443 \u0434\u0430 \u043e\u043d\u0435\u043c\u043e\u0433\u0443\u045b\u0430\u0432\u0430\u045a\u0435 \u043a\u043e\u043b\u0430\u0447\u0438\u045b\u0430 \u043c\u043e\u0436\u0435 \u0443\u0442\u0438\u0446\u0430\u0442\u0438 \u043d\u0430 \u0444\u0443\u043d\u043a\u0446\u0438\u043e\u043d\u0430\u043b\u043d\u043e\u0441\u0442 \u043e\u0432\u0435 \u0438 \u0434\u0440\u0443\u0433\u0438\u0445 \u0432\u0435\u0431 \u043b\u043e\u043a\u0430\u0446\u0438\u0458\u0430 \u043a\u043e\u0458\u0435 \u043f\u043e\u0441\u0435\u045b\u0443\u0458\u0435\u0442\u0435. \u0421\u0442\u043e\u0433\u0430 \u0441\u0435 \u043e\u043d\u0435\u043c\u043e\u0433\u0443\u045b\u0430\u0432\u0430\u045a\u0435 \u043a\u043e\u043b\u0430\u0447\u0438\u045b\u0430 \u043d\u0435 \u043f\u0440\u0435\u043f\u043e\u0440\u0443\u0447\u0443\u0458\u0435.<\/p>\n<p><strong>\u041a\u043e\u043b\u0430\u0447\u0438\u045b\u0438 \u043a\u043e\u0458\u0435 \u043a\u043e\u0440\u0438\u0441\u0442\u0438\u043c\u043e<\/strong><\/p>\n<ul>\n<li><strong>\u041a\u043e\u043b\u0430\u0447\u0438\u045b\u0438 \u0437\u0430 \u043a\u043e\u043d\u0444\u0438\u0433\u0443\u0440\u0430\u0446\u0438\u0458\u0443 \u0441\u0430\u0458\u0442\u0430:<\/strong> \u0414\u0430 \u0431\u0438\u0441\u043c\u043e \u0432\u0430\u043c \u043f\u0440\u0443\u0436\u0438\u043b\u0438 \u043f\u0435\u0440\u0441\u043e\u043d\u0430\u043b\u0438\u0437\u043e\u0432\u0430\u043d\u043e \u0438\u0441\u043a\u0443\u0441\u0442\u0432\u043e \u043d\u0430 \u043d\u0430\u0448\u043e\u0458 \u0432\u0435\u0431 \u0441\u0442\u0440\u0430\u043d\u0438\u0446\u0438, \u043d\u0443\u0434\u0438\u043c\u043e \u0432\u0430\u043c \u043c\u043e\u0433\u0443\u045b\u043d\u043e\u0441\u0442 \u043f\u0440\u0438\u043b\u0430\u0433\u043e\u0452\u0430\u0432\u0430\u045a\u0430 \u0432\u0430\u0448\u0438\u0445 \u043f\u0440\u0435\u0444\u0435\u0440\u0435\u043d\u0446\u0438\u0458\u0430 \u043f\u0440\u0435\u0433\u043b\u0435\u0434\u0430\u045a\u0430. \u041a\u043e\u0440\u0438\u0441\u0442\u0438\u043c\u043e \u043a\u043e\u043b\u0430\u0447\u0438\u045b\u0435 \u0434\u0430 \u0431\u0438\u0441\u043c\u043e \u0437\u0430\u043f\u0430\u043c\u0442\u0438\u043b\u0438 \u0432\u0430\u0448\u0435 \u0438\u0437\u0431\u043e\u0440\u0435 \u0438 \u0441\u0430\u0447\u0443\u0432\u0430\u043b\u0438 \u043e\u0432\u0435 \u0438\u043d\u0444\u043e\u0440\u043c\u0430\u0446\u0438\u0458\u0435 \u0437\u0430 \u0431\u0443\u0434\u0443\u045b\u0435 \u043f\u043e\u0441\u0435\u0442\u0435.<\/li>\n<li><strong>\u041f\u0430\u0440\u0442\u043d\u0435\u0440\u0441\u043a\u0438 \u043a\u043e\u043b\u0430\u0447\u0438\u045b\u0438:<\/strong> \u0423 \u043e\u0434\u0440\u0435\u0452\u0435\u043d\u0438\u043c \u0441\u0438\u0442\u0443\u0430\u0446\u0438\u0458\u0430\u043c\u0430 \u043a\u043e\u0440\u0438\u0441\u0442\u0438\u043c\u043e \u043a\u043e\u043b\u0430\u0447\u0438\u045b\u0435 \u043f\u0430\u0440\u0442\u043d\u0435\u0440\u0441\u043a\u0438\u0445 \u043a\u043e\u043c\u043f\u0430\u043d\u0438\u0458\u0430. \u0414\u0435\u0442\u0430\u0459\u0438 \u043e \u0442\u043e\u043c\u0435 \u043a\u043e\u0458\u0435 \u043a\u043e\u043b\u0430\u0447\u0438\u045b\u0435 \u0442\u0440\u0435\u045b\u0438\u0445 \u0441\u0442\u0440\u0430\u043d\u0430 \u043c\u043e\u0436\u0435\u0442\u0435 \u043d\u0430\u0438\u045b\u0438 \u043d\u0430 \u043d\u0430\u0448\u043e\u0458 \u0432\u0435\u0431 \u0441\u0442\u0440\u0430\u043d\u0438\u0446\u0438 \u0434\u0430\u0442\u0438 \u0441\u0443 \u0443 \u0441\u043b\u0435\u0434\u0435\u045b\u0435\u043c \u043e\u0434\u0435\u0459\u043a\u0443.<\/li>\n<\/ul>\n<p><strong>\u0410\u043b\u0430\u0442\u0438 \u0437\u0430 \u0430\u043d\u0430\u043b\u0438\u0442\u0438\u043a\u0443 \u0438 \u043e\u0433\u043b\u0430\u0448\u0430\u0432\u0430\u045a\u0435<\/strong><\/p>\n<ul>\n<li><strong>\u0413\u0443\u0433\u043b \u0430\u043d\u0430\u043b\u0438\u0442\u0438\u043a\u0430:<\/strong> \u041a\u043e\u0440\u0438\u0441\u0442\u0438\u043c\u043e \u043e\u0432\u0430\u0458 \u043f\u043e\u043f\u0443\u043b\u0430\u0440\u043d\u0438 \u0430\u043b\u0430\u0442 \u0437\u0430 \u0430\u043d\u0430\u043b\u0438\u0442\u0438\u043a\u0443 \u043a\u0430\u043a\u043e \u0431\u0438\u0441\u043c\u043e \u0440\u0430\u0437\u0443\u043c\u0435\u043b\u0438 \u043a\u0430\u043a\u043e \u043a\u043e\u043c\u0443\u043d\u0438\u0446\u0438\u0440\u0430\u0442\u0435 \u0441\u0430 \u043d\u0430\u0448\u043e\u043c \u0432\u0435\u0431 \u0441\u0442\u0440\u0430\u043d\u0438\u0446\u043e\u043c \u0438 \u043f\u043e\u0431\u043e\u0459\u0448\u0430\u043b\u0438 \u0432\u0430\u0448\u0435 \u0438\u0441\u043a\u0443\u0441\u0442\u0432\u043e. \u041e\u0432\u0438 \u043a\u043e\u043b\u0430\u0447\u0438\u045b\u0438 \u043f\u0440\u0430\u0442\u0435 \u0430\u0441\u043f\u0435\u043a\u0442\u0435 \u043a\u0430\u043e \u0448\u0442\u043e \u0441\u0443 \u0434\u0443\u0436\u0438\u043d\u0430 \u0432\u0430\u0448\u0435 \u043f\u043e\u0441\u0435\u0442\u0435 \u0438 \u0441\u0442\u0440\u0430\u043d\u0438\u0446\u0435 \u043a\u043e\u0458\u0435 \u043f\u043e\u0441\u0435\u045b\u0443\u0458\u0435\u0442\u0435. \u0417\u0430 \u0432\u0438\u0448\u0435 \u0438\u043d\u0444\u043e\u0440\u043c\u0430\u0446\u0438\u0458\u0430 \u043e Google \u0430\u043d\u0430\u043b\u0438\u0442\u0438\u0446\u0438, \u043f\u043e\u0441\u0435\u0442\u0438\u0442\u0435 \u0437\u0432\u0430\u043d\u0438\u0447\u043d\u0443 \u0441\u0442\u0440\u0430\u043d\u0438\u0446\u0443.<\/li>\n<li><strong>\u0413\u0443\u0433\u043b \u0410\u0434\u0421\u0435\u043d\u0441\u0435:<\/strong> \u041a\u043e\u0440\u0438\u0441\u0442\u0438\u043c\u043e AdSense \u0437\u0430 \u043f\u0440\u0438\u043a\u0430\u0437\u0438\u0432\u0430\u045a\u0435 \u043e\u0433\u043b\u0430\u0441\u0430. \u041a\u043e\u0440\u0438\u0441\u0442\u0438 DoubleClick \u043a\u043e\u043b\u0430\u0447\u0438\u045b \u043a\u0430\u043a\u043e \u0431\u0438 \u043f\u0440\u0438\u043a\u0430\u0437\u0438\u0432\u0430\u043e \u0440\u0435\u043b\u0435\u0432\u0430\u043d\u0442\u043d\u0438\u0458\u0435 \u043e\u0433\u043b\u0430\u0441\u0435 \u0438 \u043e\u0433\u0440\u0430\u043d\u0438\u0447\u0438\u043e \u0443\u0447\u0435\u0441\u0442\u0430\u043b\u043e\u0441\u0442 \u043f\u0440\u0438\u043a\u0430\u0437\u0438\u0432\u0430\u045a\u0430 \u043e\u0433\u043b\u0430\u0441\u0430. \u0417\u0430 \u0434\u043e\u0434\u0430\u0442\u043d\u0435 \u0438\u043d\u0444\u043e\u0440\u043c\u0430\u0446\u0438\u0458\u0435 \u043e Google AdSense-\u0443, \u043f\u043e\u0433\u043b\u0435\u0434\u0430\u0458\u0442\u0435 \u0447\u0435\u0441\u0442\u0430 \u043f\u0438\u0442\u0430\u045a\u0430 \u043e \u043f\u0440\u0438\u0432\u0430\u0442\u043d\u043e\u0441\u0442\u0438 Google AdSense-\u0430.<\/li>\n<\/ul>\n<p><strong>\u0414\u043e\u0434\u0430\u0442\u043d\u0435 \u0438\u043d\u0444\u043e\u0440\u043c\u0430\u0446\u0438\u0458\u0435<\/strong> \u041d\u0430\u0434\u0430\u043c\u043e \u0441\u0435 \u0434\u0430 \u0441\u0443 \u0432\u0430\u043c \u043e\u0432\u0435 \u0438\u043d\u0444\u043e\u0440\u043c\u0430\u0446\u0438\u0458\u0435 \u0431\u0438\u043b\u0435 \u043a\u043e\u0440\u0438\u0441\u043d\u0435. \u041a\u0430\u043e \u0448\u0442\u043e \u0458\u0435 \u0432\u0435\u045b \u043f\u043e\u043c\u0435\u043d\u0443\u0442\u043e, \u043f\u0440\u0435\u043f\u043e\u0440\u0443\u0447\u0443\u0458\u0435 \u0441\u0435 \u0434\u0430 \u043e\u0441\u0442\u0430\u0432\u0438\u0442\u0435 \u043a\u043e\u043b\u0430\u0447\u0438\u045b\u0435 \u043e\u043c\u043e\u0433\u0443\u045b\u0435\u043d\u0435 \u043a\u0430\u043a\u043e \u0431\u0438\u0441\u0442\u0435 \u043e\u0441\u0438\u0433\u0443\u0440\u0430\u043b\u0438 \u043d\u0430\u0458\u0431\u043e\u0459\u0435 \u0438\u0441\u043a\u0443\u0441\u0442\u0432\u043e \u043d\u0430 \u0432\u0435\u0431-\u0441\u0430\u0458\u0442\u0443. \u0423\u043a\u043e\u043b\u0438\u043a\u043e \u0432\u0430\u043c \u0458\u0435 \u043f\u043e\u0442\u0440\u0435\u0431\u043d\u0430 \u0434\u043e\u0434\u0430\u0442\u043d\u0430 \u0438\u043d\u0444\u043e\u0440\u043c\u0430\u0446\u0438\u0458\u0430, \u043a\u043e\u043d\u0442\u0430\u043a\u0442\u0438\u0440\u0430\u0458\u0442\u0435 \u043d\u0430\u0441 \u043d\u0430: <a target=\"_new\" rel=\"noopener\">contato@bitesofpleasure.com<\/a>.<\/p>","protected":false},"excerpt":{"rendered":"<p>Bem-vindo \u00e0 Pol\u00edtica de Cookies do BitesofPleasure, acess\u00edvel em www.bitesofpleasure.com O que s\u00e3o cookies? Assim como a maioria dos sites profissionais, o BitesofPleasure utiliza cookies,&#8230;<\/p>","protected":false},"author":1,"featured_media":0,"parent":0,"menu_order":0,"comment_status":"closed","ping_status":"closed","template":"","meta":{"footnotes":""},"class_list":["post-1214","page","type-page","status-publish","hentry"],"_links":{"self":[{"href":"https:\/\/bitesofpleasure.com\/sr\/wp-json\/wp\/v2\/pages\/1214","targetHints":{"allow":["GET"]}}],"collection":[{"href":"https:\/\/bitesofpleasure.com\/sr\/wp-json\/wp\/v2\/pages"}],"about":[{"href":"https:\/\/bitesofpleasure.com\/sr\/wp-json\/wp\/v2\/types\/page"}],"author":[{"embeddable":true,"href":"https:\/\/bitesofpleasure.com\/sr\/wp-json\/wp\/v2\/users\/1"}],"replies":[{"embeddable":true,"href":"https:\/\/bitesofpleasure.com\/sr\/wp-json\/wp\/v2\/comments?post=1214"}],"version-history":[{"count":1,"href":"https:\/\/bitesofpleasure.com\/sr\/wp-json\/wp\/v2\/pages\/1214\/revisions"}],"predecessor-version":[{"id":1215,"href":"https:\/\/bitesofpleasure.com\/sr\/wp-json\/wp\/v2\/pages\/1214\/revisions\/1215"}],"wp:attachment":[{"href":"https:\/\/bitesofpleasure.com\/sr\/wp-json\/wp\/v2\/media?parent=1214"}],"curies":[{"name":"wp","href":"https:\/\/api.w.org\/{rel}","templated":true}]}}