{"id":3,"date":"2024-01-02T10:18:24","date_gmt":"2024-01-02T13:18:24","guid":{"rendered":"http:\/\/bitesofpleasure.com\/?page_id=3"},"modified":"2024-01-02T21:38:02","modified_gmt":"2024-01-03T00:38:02","slug":"politica-de-privacidade","status":"publish","type":"page","link":"https:\/\/bitesofpleasure.com\/ro\/politica-de-privacidade\/","title":{"rendered":"Politica de confiden\u021bialitate"},"content":{"rendered":"<div class=\"flex-1 overflow-hidden\">\r\n<div class=\"react-scroll-to-bottom--css-oabmi-79elbk h-full\">\r\n<div class=\"react-scroll-to-bottom--css-oabmi-1n7m0yu\">\r\n<div class=\"flex flex-col pb-9 text-sm\">\r\n<div class=\"w-full text-token-text-primary\" data-testid=\"conversation-turn-5\">\r\n<div class=\"px-4 py-2 justify-center text-base md:gap-6 m-auto\">\r\n<div class=\"flex flex-1 text-base mx-auto gap-3 md:px-5 lg:px-1 xl:px-5 md:max-w-3xl lg:max-w-[40rem] xl:max-w-[48rem] group final-completion\">\r\n<div class=\"relative flex w-full flex-col lg:w-[calc(100%-115px)] agent-turn\">\r\n<div class=\"flex-col gap-1 md:gap-3\">\r\n<div class=\"flex flex-grow flex-col max-w-full\">\r\n<div class=\"min-h-[20px] text-message flex flex-col items-start gap-3 whitespace-pre-wrap break-words [.text-message+&amp;]:mt-5 overflow-x-auto\" data-message-author-role=\"assistant\" data-message-id=\"35a68a1c-073e-4aa0-903f-9e246ece482d\">\r\n<div class=\"markdown prose w-full break-words dark:prose-invert light\">\r\n<p>Aceasta este Politica de confiden\u021bialitate BitesofPleasure, accesibil\u0103 la <a href=\"http:\/\/bitesofpleasure.com\/\" target=\"_new\" rel=\"noopener\">www.bitesofpleasure.com<\/a><\/p>\r\n<p><strong>Ce sunt cookie-urile?<\/strong> La fel ca majoritatea site-urilor web profesionale, BitesofPleasure folose\u0219te cookie-uri, fi\u0219iere mici transferate pe dispozitivul dvs., pentru a v\u0103 optimiza experien\u021ba de navigare. Aceast\u0103 sec\u021biune explic\u0103 ce informa\u021bii colecteaz\u0103 aceste cookie-uri, cum le folosim \u0219i de ce uneori trebuie s\u0103 le stoc\u0103m. De asemenea, v\u0103 vom explica cum pute\u021bi \u00eempiedica stocarea acestor cookie-uri, ceea ce poate afecta func\u021bionalitatea site-ului. Pentru mai multe informa\u021bii despre cookie-uri, consulta\u021bi articolul Wikipedia despre cookie-urile HTTP.<\/p>\r\n<p><strong>Utilizarea cookie-urilor<\/strong> Folosim cookie-uri din mai multe motive, detaliate mai jos. \u00cen multe cazuri, nu exist\u0103 op\u021biuni standard \u00een industrie pentru dezactivarea cookie-urilor f\u0103r\u0103 a afecta func\u021bionalitatea ad\u0103ugat\u0103 acestui site. V\u0103 recomand\u0103m s\u0103 p\u0103stra\u021bi toate modulele cookie activate, cu excep\u021bia cazului \u00een care sunte\u021bi sigur c\u0103 nu ave\u021bi nevoie de ele.<\/p>\r\n<p><strong>Cum s\u0103 dezactivezi modulele cookie<\/strong> Pute\u021bi bloca setarea cookie-urilor ajust\u00e2nd set\u0103rile browserului (consulta\u021bi asisten\u021ba pentru browser pentru instruc\u021biuni). Cu toate acestea, dezactivarea cookie-urilor poate afecta func\u021bionalitatea acestui site \u0219i a altor site-uri web pe care le vizita\u021bi. Prin urmare, nu este recomandat s\u0103 dezactiva\u021bi cookie-urile.<\/p>\r\n<p><strong>Cookie-uri pe care le folosim<\/strong><\/p>\r\n<ul>\r\n<li><strong>Cookie-uri de configurare a site-ului:<\/strong> Pentru a oferi o experien\u021b\u0103 personalizat\u0103, v\u0103 oferim op\u021biunea de a v\u0103 ajusta preferin\u021bele de navigare. Folosim cookie-uri pentru a re\u021bine alegerile dvs. \u0219i pentru a stoca aceste informa\u021bii pentru vizite viitoare.<\/li>\r\n<li><strong>Cookie-uri pentru parteneri:<\/strong> \u00cen unele situa\u021bii, folosim cookie-uri de la companii partenere. Mai jos detaliem ce cookie-uri ter\u021b\u0103 parte pute\u021bi \u00eent\u00e2lni pe site-ul nostru web.<\/li>\r\n<li><strong>Google Analytics:<\/strong> Folosim acest instrument de analiz\u0103 pentru a \u00een\u021belege cum interac\u021biona\u021bi cu site-ul nostru web \u0219i pentru a v\u0103 \u00eembun\u0103t\u0103\u021bi experien\u021ba. Aceste cookie-uri urm\u0103resc aspecte precum durata vizitei \u0219i paginile accesate. Pentru mai multe informa\u021bii, vizita\u021bi pagina oficial\u0103 Google Analytics.<\/li>\r\n<li><strong>Google AdSense:<\/strong> Folosim AdSense pentru a difuza publicitate, care folose\u0219te un cookie DoubleClick pentru a afi\u0219a anun\u021buri mai relevante \u0219i pentru a controla frecven\u021ba unui anumit anun\u021b. Pentru mai multe detalii, consulta\u021bi \u00centreb\u0103rile frecvente privind confiden\u021bialitatea Google AdSense.<\/li>\r\n<\/ul>\r\n<p><strong>Informa\u021bii suplimentare<\/strong> Sper\u0103m c\u0103 v-am clarificat \u00eendoielile. Dup\u0103 cum am men\u021bionat, este recomandabil s\u0103 p\u0103stra\u021bi cookie-urile active pentru o experien\u021b\u0103 mai bun\u0103 pe site. Dac\u0103 ave\u021bi nevoie de mai multe informa\u021bii, v\u0103 rug\u0103m s\u0103 ne contacta\u021bi prin e-mail: <a target=\"_new\" rel=\"noopener\">contato@bitesofpleasure.com<\/a>.<\/p>\r\n<\/div>\r\n<\/div>\r\n<\/div>\r\n<\/div>\r\n<\/div>\r\n<\/div>\r\n<\/div>\r\n<\/div>\r\n<\/div>\r\n<\/div>\r\n<\/div>\r\n<\/div>","protected":false},"excerpt":{"rendered":"<p>Aceasta este Politica de confiden\u021bialitate BitesofPleasure, accesibil\u0103 la www.bitesofpleasure.com Ce sunt cookie-urile? La fel ca majoritatea site-urilor web profesionale, BitesofPleasure folose\u0219te cookie-uri,...<\/p>","protected":false},"author":1,"featured_media":0,"parent":0,"menu_order":0,"comment_status":"closed","ping_status":"open","template":"","meta":{"footnotes":""},"class_list":["post-3","page","type-page","status-publish","hentry"],"_links":{"self":[{"href":"https:\/\/bitesofpleasure.com\/ro\/wp-json\/wp\/v2\/pages\/3","targetHints":{"allow":["GET"]}}],"collection":[{"href":"https:\/\/bitesofpleasure.com\/ro\/wp-json\/wp\/v2\/pages"}],"about":[{"href":"https:\/\/bitesofpleasure.com\/ro\/wp-json\/wp\/v2\/types\/page"}],"author":[{"embeddable":true,"href":"https:\/\/bitesofpleasure.com\/ro\/wp-json\/wp\/v2\/users\/1"}],"replies":[{"embeddable":true,"href":"https:\/\/bitesofpleasure.com\/ro\/wp-json\/wp\/v2\/comments?post=3"}],"version-history":[{"count":2,"href":"https:\/\/bitesofpleasure.com\/ro\/wp-json\/wp\/v2\/pages\/3\/revisions"}],"predecessor-version":[{"id":1233,"href":"https:\/\/bitesofpleasure.com\/ro\/wp-json\/wp\/v2\/pages\/3\/revisions\/1233"}],"wp:attachment":[{"href":"https:\/\/bitesofpleasure.com\/ro\/wp-json\/wp\/v2\/media?parent=3"}],"curies":[{"name":"wp","href":"https:\/\/api.w.org\/{rel}","templated":true}]}}