{"id":1292,"date":"2024-01-08T22:42:09","date_gmt":"2024-01-09T01:42:09","guid":{"rendered":"http:\/\/bitesofpleasure.com\/?page_id=1292"},"modified":"2024-01-08T23:14:46","modified_gmt":"2024-01-09T02:14:46","slug":"os-5-aplicativos-que-vao-transformar-sua-vida-amorosa","status":"publish","type":"page","link":"https:\/\/bitesofpleasure.com\/ro\/os-5-aplicativos-que-vao-transformar-sua-vida-amorosa\/","title":{"rendered":"Cele 5 aplica\u021bii care \u00ee\u021bi vor transforma via\u021ba amoroas\u0103!"},"content":{"rendered":"<div class=\"w-full text-token-text-primary\" data-testid=\"conversation-turn-3\">\n<div class=\"px-4 py-2 justify-center text-base md:gap-6 m-auto\">\n<div class=\"flex flex-1 text-base mx-auto gap-3 md:px-5 lg:px-1 xl:px-5 md:max-w-3xl lg:max-w-[40rem] xl:max-w-[48rem] group final-completion\">\n<div class=\"relative flex w-full flex-col lg:w-[calc(100%-115px)] agent-turn\">\n<div class=\"flex-col gap-1 md:gap-3\">\n<div class=\"flex flex-grow flex-col max-w-full\">\n<div class=\"min-h-[20px] text-message flex flex-col items-start gap-3 whitespace-pre-wrap break-words [.text-message+&amp;]:mt-5 overflow-x-auto\" data-message-author-role=\"assistant\" data-message-id=\"7b2263fe-19dd-4a5e-9de6-94cbab094208\">\n<div class=\"markdown prose w-full break-words dark:prose-invert light\">\n<p>Imagineaz\u0103-\u021bi c\u0103 explorezi lumea tehnologiei pentru a-\u021bi \u00eembog\u0103\u021bi via\u021ba amoroas\u0103.<\/p>\n<p style=\"text-align: center;\"><a class=\"mb-button mb-style-flat mb-size-default mb-corners-pill mb-text-style-default\" style=\"background-color: #db2c2c;\" href=\"http:\/\/bitesofpleasure.com\/o-mundo-dos-relacionamentos-virtuais-os-melhores-aplicativos-para-conectar-coracoes\/\"> \u00a0<i class=\"fa fa-arrow-right\"><\/i>\u00a0 \u00ceNVA\u021a\u0102 CUM S\u0102 AI \u00ceNT\u00c2LNIRE<\/a><\/p>\n<p style=\"text-align: center;\"><a class=\"mb-button mb-style-flat mb-size-default mb-corners-pill mb-text-style-default\" style=\"background-color: #c42b9c;\" href=\"http:\/\/bitesofpleasure.com\/o-mundo-dos-relacionamentos-virtuais-os-melhores-aplicativos-para-conectar-coracoes\/\">\u00a0<i class=\"fa fa-arrow-right\"><\/i>\u00a0 VEZI CUM S\u0102 CUNO\u0218TI OAMENI<\/a><\/p>\n<h6 style=\"text-align: center;\">Vei r\u0103m\u00e2ne pe site-ul curent<\/h6>\n<p>Ast\u0103zi, avem o varietate de aplica\u021bii de dating disponibile pentru a satisface o varietate de nevoi \u0219i preferin\u021be. Indiferent dac\u0103 sunte\u021bi \u00een c\u0103utarea a ceva casual sau a unei conexiuni mai semnificative, aceste aplica\u021bii ofer\u0103 experien\u021be personalizate.<\/p>\n<p>Pentru cei care vor s\u0103 \u00eenceap\u0103 \u00eentr-un mod u\u0219or \u0219i neimplicat, aceste aplica\u021bii pot fi punctul de plecare ideal. \u00cen special, unele dintre ele \u00eencurajeaz\u0103 femeile s\u0103 fac\u0103 primul pas, promov\u00e2nd o dinamic\u0103 mai echilibrat\u0103 \u0219i mai responsabil\u0103 \u00een rela\u021biile online.<\/p>\n<p>\u00cen plus, exist\u0103 platforme axate pe crearea de leg\u0103turi mai profunde, folosind profiluri detaliate pentru a sugera potriviri cu adev\u0103rat compatibile. Pentru cei interesa\u021bi s\u0103 transforme \u00eent\u00e2lnirile ocazionale \u00een ceva mai serios, exist\u0103 aplica\u021bii care se remarc\u0103 prin utilizarea proximit\u0103\u021bii geografice ca criteriu, deschiz\u00e2nd posibilit\u0103\u021bi pentru conexiuni surprinz\u0103toare.<\/p>\n<p>Curios s\u0103 afli cum te pot ajuta aceste aplica\u021bii s\u0103 construie\u0219ti rela\u021bii valoroase? Cite\u0219te mai departe pentru a te cufunda \u00een lumea \u00eent\u00e2lnirilor online.<\/p>\n<p>Te vom ghida prin procesul de desc\u0103rcare \u0219i utilizare a acestor aplica\u021bii, concentr\u00e2ndu-ne pe elementele esen\u021biale pentru a-\u021bi cre\u0219te \u0219ansele de a g\u0103si dragostea. C\u0103l\u0103toria ta c\u0103tre o via\u021b\u0103 amoroas\u0103 mai \u00eemplinit\u0103 \u00eencepe aici. Cite\u0219te mai departe \u0219i descoper\u0103 calea c\u0103tre g\u0103sirea sufletului pereche!<\/p>\n<\/div>\n<\/div>\n<\/div>\n<div class=\"mt-1 flex justify-start gap-3 empty:hidden\">\n<div class=\"text-gray-400 flex self-end lg:self-center justify-center lg:justify-start mt-0 -ml-1 visible\">\n<p>&nbsp;<\/p>\n<div class=\"flex\"><\/div>\n<div class=\"flex items-center gap-1.5 text-xs\"><\/div>\n<\/div>\n<\/div>\n<\/div>\n<\/div>\n<\/div>\n<\/div>\n<\/div>\n<div class=\"mx-auto\">\n<div data-projection-id=\"44\">\n<div class=\"mx-auto mt-2 inline-flex rounded-xl border border-gray-100 dark:border-gray-700\"><\/div>\n<\/div>\n<\/div>","protected":false},"excerpt":{"rendered":"<p>Imagineaz\u0103-\u021bi c\u0103 explorezi lumea tehnologiei pentru a-\u021bi \u00eembog\u0103\u021bi via\u021ba amoroas\u0103. \u00ceNVA\u021a\u0102 CUM S\u0102 IE\u0218E\u0218TI CU PERSOANE VEZI CUM S\u0102 CUNO\u0218TI OAMENI Vei r\u0103m\u00e2ne pe site...<\/p>","protected":false},"author":1,"featured_media":0,"parent":0,"menu_order":0,"comment_status":"closed","ping_status":"closed","template":"","meta":{"footnotes":""},"class_list":["post-1292","page","type-page","status-publish","hentry"],"_links":{"self":[{"href":"https:\/\/bitesofpleasure.com\/ro\/wp-json\/wp\/v2\/pages\/1292","targetHints":{"allow":["GET"]}}],"collection":[{"href":"https:\/\/bitesofpleasure.com\/ro\/wp-json\/wp\/v2\/pages"}],"about":[{"href":"https:\/\/bitesofpleasure.com\/ro\/wp-json\/wp\/v2\/types\/page"}],"author":[{"embeddable":true,"href":"https:\/\/bitesofpleasure.com\/ro\/wp-json\/wp\/v2\/users\/1"}],"replies":[{"embeddable":true,"href":"https:\/\/bitesofpleasure.com\/ro\/wp-json\/wp\/v2\/comments?post=1292"}],"version-history":[{"count":6,"href":"https:\/\/bitesofpleasure.com\/ro\/wp-json\/wp\/v2\/pages\/1292\/revisions"}],"predecessor-version":[{"id":1302,"href":"https:\/\/bitesofpleasure.com\/ro\/wp-json\/wp\/v2\/pages\/1292\/revisions\/1302"}],"wp:attachment":[{"href":"https:\/\/bitesofpleasure.com\/ro\/wp-json\/wp\/v2\/media?parent=1292"}],"curies":[{"name":"wp","href":"https:\/\/api.w.org\/{rel}","templated":true}]}}