{"id":1234,"date":"2024-01-02T21:34:00","date_gmt":"2024-01-03T00:34:00","guid":{"rendered":"http:\/\/bitesofpleasure.com\/?page_id=1234"},"modified":"2024-01-02T21:34:00","modified_gmt":"2024-01-03T00:34:00","slug":"quem-somos","status":"publish","type":"page","link":"https:\/\/bitesofpleasure.com\/ro\/quem-somos\/","title":{"rendered":"Cine suntem noi"},"content":{"rendered":"<p>Bine a\u021bi venit la BitesofPleasure Blog, fondat \u00een 2023, un portal dedicat oferirii de informa\u021bii valoroase societ\u0103\u021bii. Misiunea noastr\u0103 este de a promova democratizarea cuno\u0219tin\u021belor \u0219i a informa\u021biilor.<\/p>\n<p>Credem cu t\u0103rie c\u0103 accesul la informa\u021bii structurate \u0219i de \u00eenalt\u0103 calitate este un pilon fundamental pentru progresul societ\u0103\u021bii. La BitesofPleasure, ne angaj\u0103m s\u0103 oferim con\u021binut de \u00eencredere \u0219i \u00eembog\u0103\u021bitor care contribuie la educa\u021bia \u0219i dezvoltarea personal\u0103 a cititorilor no\u0219tri.<\/p>\n<p>Echipa noastr\u0103 este format\u0103 din profesioni\u0219ti pasiona\u021bi de \u00eemp\u0103rt\u0103\u0219irea cuno\u0219tin\u021belor \u0219i perspectivelor \u00een diverse domenii, asigur\u00e2ndu-se c\u0103 fiecare articol, ghid sau analiz\u0103 nu este doar informativ, ci \u0219i inspirator \u0219i accesibil tuturor.<\/p>\n<p>La BitesofPleasure, c\u0103ut\u0103m mereu noi modalit\u0103\u021bi de a face informa\u021biile mai accesibile \u0219i mai u\u0219or de \u00een\u021beles, deoarece credem c\u0103 educa\u021bia este cheia pentru un viitor mai bun. Al\u0103tura\u021bi-v\u0103 nou\u0103 \u00een aceast\u0103 c\u0103l\u0103torie de descoperire \u0219i cre\u0219tere!<\/p>","protected":false},"excerpt":{"rendered":"<p>Bine a\u021bi venit la BitesofPleasure Blog, fondat \u00een 2023, un portal dedicat oferirii de informa\u021bii valoroase societ\u0103\u021bii. Misiunea noastr\u0103 este de a promova democratizarea cunoa\u0219terii...<\/p>","protected":false},"author":1,"featured_media":0,"parent":0,"menu_order":0,"comment_status":"closed","ping_status":"closed","template":"","meta":{"footnotes":""},"class_list":["post-1234","page","type-page","status-publish","hentry"],"_links":{"self":[{"href":"https:\/\/bitesofpleasure.com\/ro\/wp-json\/wp\/v2\/pages\/1234","targetHints":{"allow":["GET"]}}],"collection":[{"href":"https:\/\/bitesofpleasure.com\/ro\/wp-json\/wp\/v2\/pages"}],"about":[{"href":"https:\/\/bitesofpleasure.com\/ro\/wp-json\/wp\/v2\/types\/page"}],"author":[{"embeddable":true,"href":"https:\/\/bitesofpleasure.com\/ro\/wp-json\/wp\/v2\/users\/1"}],"replies":[{"embeddable":true,"href":"https:\/\/bitesofpleasure.com\/ro\/wp-json\/wp\/v2\/comments?post=1234"}],"version-history":[{"count":1,"href":"https:\/\/bitesofpleasure.com\/ro\/wp-json\/wp\/v2\/pages\/1234\/revisions"}],"predecessor-version":[{"id":1235,"href":"https:\/\/bitesofpleasure.com\/ro\/wp-json\/wp\/v2\/pages\/1234\/revisions\/1235"}],"wp:attachment":[{"href":"https:\/\/bitesofpleasure.com\/ro\/wp-json\/wp\/v2\/media?parent=1234"}],"curies":[{"name":"wp","href":"https:\/\/api.w.org\/{rel}","templated":true}]}}