{"id":1214,"date":"2024-01-02T21:30:35","date_gmt":"2024-01-03T00:30:35","guid":{"rendered":"http:\/\/bitesofpleasure.com\/?page_id=1214"},"modified":"2024-01-02T21:32:32","modified_gmt":"2024-01-03T00:32:32","slug":"termos-de-uso","status":"publish","type":"page","link":"https:\/\/bitesofpleasure.com\/ro\/termos-de-uso\/","title":{"rendered":"Termeni de utilizare"},"content":{"rendered":"<p>Bine a\u021bi venit la Politica de cookie-uri BitesofPleasure, accesibil\u0103 la <a href=\"http:\/\/bitesofpleasure.com\/\" target=\"_new\" rel=\"noopener\">www.bitesofpleasure.com<\/a><\/p>\n<p><strong>Ce sunt cookie-urile?<\/strong> La fel ca majoritatea site-urilor web profesionale, BitesofPleasure folose\u0219te cookie-uri, fi\u0219iere mici transferate pe dispozitivul dvs., pentru a v\u0103 optimiza experien\u021ba de navigare. Aceast\u0103 sec\u021biune detaliaz\u0103 ce informa\u021bii colecteaz\u0103 cookie-urile, cum le folosim \u0219i de ce, \u00een unele ocazii, trebuie s\u0103 le stoc\u0103m. De asemenea, v\u0103 vom explica cum pute\u021bi \u00eempiedica stocarea acestor cookie-uri, de\u0219i acest lucru poate afecta func\u021bionalitatea site-ului. Pentru mai multe informa\u021bii despre cookie-uri, consulta\u021bi articolul Wikipedia despre cookie-urile HTTP.<\/p>\n<p><strong>Politica noastr\u0103 privind cookie-urile<\/strong> Folosim cookie-uri din mai multe motive, detaliate mai jos. \u00cen multe cazuri, nu exist\u0103 op\u021biuni standard \u00een industrie pentru dezactivarea cookie-urilor f\u0103r\u0103 a afecta func\u021bionalitatea ad\u0103ugat\u0103 acestui site. V\u0103 recomand\u0103m s\u0103 p\u0103stra\u021bi toate modulele cookie activate, cu excep\u021bia cazului \u00een care sunte\u021bi sigur c\u0103 nu ave\u021bi nevoie de ele.<\/p>\n<p><strong>Cum s\u0103 bloca\u021bi cookie-urile<\/strong> Pute\u021bi bloca setarea cookie-urilor ajust\u00e2nd set\u0103rile browserului (consulta\u021bi asisten\u021ba pentru browser pentru instruc\u021biuni). Cu toate acestea, v\u0103 rug\u0103m s\u0103 re\u021bine\u021bi c\u0103 dezactivarea cookie-urilor poate afecta func\u021bionalitatea acestui site \u0219i a altor site-uri web pe care le vizita\u021bi. Prin urmare, nu este recomandat s\u0103 dezactiva\u021bi cookie-urile.<\/p>\n<p><strong>Cookie-uri pe care le folosim<\/strong><\/p>\n<ul>\n<li><strong>Cookie-uri de configurare a site-ului:<\/strong> Pentru a v\u0103 oferi o experien\u021b\u0103 personalizat\u0103 pe site-ul nostru web, v\u0103 oferim op\u021biunea de a v\u0103 ajusta preferin\u021bele de navigare. Folosim cookie-uri pentru a re\u021bine alegerile dvs. \u0219i pentru a stoca aceste informa\u021bii pentru vizite viitoare.<\/li>\n<li><strong>Cookie-uri pentru parteneri:<\/strong> \u00cen anumite situa\u021bii, folosim cookie-uri de la companii partenere. Detalii despre cookie-urile ter\u021belor p\u0103r\u021bi pe care le pute\u021bi \u00eent\u00e2lni pe site-ul nostru web vor fi furnizate \u00een sec\u021biunea urm\u0103toare.<\/li>\n<\/ul>\n<p><strong>Instrumente de analiz\u0103 \u0219i publicitate<\/strong><\/p>\n<ul>\n<li><strong>Google Analytics:<\/strong> Folosim acest instrument de analiz\u0103 popular pentru a \u00een\u021belege cum interac\u021biona\u021bi cu site-ul nostru \u0219i pentru a v\u0103 \u00eembun\u0103t\u0103\u021bi experien\u021ba. Aceste cookie-uri urm\u0103resc aspecte precum timpul vizitei dumneavoastr\u0103 \u0219i paginile accesate. Pentru mai multe informa\u021bii despre Google Analytics, vizita\u021bi pagina oficial\u0103.<\/li>\n<li><strong>Google AdSense:<\/strong> Folosim AdSense pentru a difuza publicitate. Utilizeaz\u0103 un cookie DoubleClick pentru a difuza reclame mai relevante \u0219i pentru a limita frecven\u021ba unui anun\u021b. Pentru informa\u021bii suplimentare despre Google AdSense, consulta\u021bi \u00centreb\u0103rile frecvente privind confiden\u021bialitatea Google AdSense.<\/li>\n<\/ul>\n<p><strong>Informa\u021bii suplimentare<\/strong> Sper\u0103m c\u0103 aceste informa\u021bii au fost utile. Dup\u0103 cum am men\u021bionat, este recomandabil s\u0103 p\u0103stra\u021bi cookie-urile active pentru a asigura o experien\u021b\u0103 mai bun\u0103 pe site. Dac\u0103 ave\u021bi nevoie de informa\u021bii suplimentare, nu ezita\u021bi s\u0103 ne contacta\u021bi la: <a target=\"_new\" rel=\"noopener\">contato@bitesofpleasure.com<\/a>.<\/p>","protected":false},"excerpt":{"rendered":"<p>Bine a\u021bi venit la Politica de cookie-uri BitesofPleasure, accesibil\u0103 la www.bitesofpleasure.com Ce sunt cookie-urile? La fel ca majoritatea site-urilor web profesionale, BitesofPleasure folose\u0219te cookie-uri,...<\/p>","protected":false},"author":1,"featured_media":0,"parent":0,"menu_order":0,"comment_status":"closed","ping_status":"closed","template":"","meta":{"footnotes":""},"class_list":["post-1214","page","type-page","status-publish","hentry"],"_links":{"self":[{"href":"https:\/\/bitesofpleasure.com\/ro\/wp-json\/wp\/v2\/pages\/1214","targetHints":{"allow":["GET"]}}],"collection":[{"href":"https:\/\/bitesofpleasure.com\/ro\/wp-json\/wp\/v2\/pages"}],"about":[{"href":"https:\/\/bitesofpleasure.com\/ro\/wp-json\/wp\/v2\/types\/page"}],"author":[{"embeddable":true,"href":"https:\/\/bitesofpleasure.com\/ro\/wp-json\/wp\/v2\/users\/1"}],"replies":[{"embeddable":true,"href":"https:\/\/bitesofpleasure.com\/ro\/wp-json\/wp\/v2\/comments?post=1214"}],"version-history":[{"count":1,"href":"https:\/\/bitesofpleasure.com\/ro\/wp-json\/wp\/v2\/pages\/1214\/revisions"}],"predecessor-version":[{"id":1215,"href":"https:\/\/bitesofpleasure.com\/ro\/wp-json\/wp\/v2\/pages\/1214\/revisions\/1215"}],"wp:attachment":[{"href":"https:\/\/bitesofpleasure.com\/ro\/wp-json\/wp\/v2\/media?parent=1214"}],"curies":[{"name":"wp","href":"https:\/\/api.w.org\/{rel}","templated":true}]}}