{"id":3,"date":"2024-01-02T10:18:24","date_gmt":"2024-01-02T13:18:24","guid":{"rendered":"http:\/\/bitesofpleasure.com\/?page_id=3"},"modified":"2024-01-02T21:38:02","modified_gmt":"2024-01-03T00:38:02","slug":"politica-de-privacidade","status":"publish","type":"page","link":"https:\/\/bitesofpleasure.com\/pl\/politica-de-privacidade\/","title":{"rendered":"Polityka prywatno\u015bci"},"content":{"rendered":"<div class=\"flex-1 overflow-hidden\">\r\n<div class=\"react-scroll-to-bottom--css-oabmi-79elbk h-full\">\r\n<div class=\"react-scroll-to-bottom--css-oabmi-1n7m0yu\">\r\n<div class=\"flex flex-col pb-9 text-sm\">\r\n<div class=\"w-full text-token-text-primary\" data-testid=\"conversation-turn-5\">\r\n<div class=\"px-4 py-2 justify-center text-base md:gap-6 m-auto\">\r\n<div class=\"flex flex-1 text-base mx-auto gap-3 md:px-5 lg:px-1 xl:px-5 md:max-w-3xl lg:max-w-[40rem] xl:max-w-[48rem] group final-completion\">\r\n<div class=\"relative flex w-full flex-col lg:w-[calc(100%-115px)] agent-turn\">\r\n<div class=\"flex-col gap-1 md:gap-3\">\r\n<div class=\"flex flex-grow flex-col max-w-full\">\r\n<div class=\"min-h-[20px] text-message flex flex-col items-start gap-3 whitespace-pre-wrap break-words [.text-message+&amp;]:mt-5 overflow-x-auto\" data-message-author-role=\"assistant\" data-message-id=\"35a68a1c-073e-4aa0-903f-9e246ece482d\">\r\n<div class=\"markdown prose w-full break-words dark:prose-invert light\">\r\n<p>To jest Polityka prywatno\u015bci BitesofPleasure, dost\u0119pna pod adresem <a href=\"http:\/\/bitesofpleasure.com\/\" target=\"_new\" rel=\"noopener\">www.bitesofpleasure.com<\/a><\/p>\r\n<p><strong>Co to s\u0105 pliki cookie?<\/strong> Podobnie jak wi\u0119kszo\u015b\u0107 profesjonalnych stron internetowych, BitesofPleasure wykorzystuje pliki cookie, ma\u0142e pliki przesy\u0142ane na Twoje urz\u0105dzenie, aby zoptymalizowa\u0107 przegl\u0105danie. W tej sekcji wyja\u015bniono, jakie informacje gromadz\u0105 te pliki cookie, w jaki spos\u00f3b z nich korzystamy i dlaczego czasami musimy je przechowywa\u0107. Wyja\u015bnimy r\u00f3wnie\u017c, w jaki spos\u00f3b mo\u017cna zapobiec przechowywaniu tych plik\u00f3w cookie, co mo\u017ce mie\u0107 wp\u0142yw na funkcjonalno\u015b\u0107 witryny. Wi\u0119cej informacji na temat plik\u00f3w cookie mo\u017cna znale\u017a\u0107 w artykule w Wikipedii na temat plik\u00f3w cookie HTTP.<\/p>\r\n<p><strong>Korzystanie z plik\u00f3w cookie<\/strong> U\u017cywamy plik\u00f3w cookie z wielu powod\u00f3w opisanych szczeg\u00f3\u0142owo poni\u017cej. W wielu przypadkach nie ma standardowych opcji wy\u0142\u0105czania plik\u00f3w cookie bez wp\u0142ywu na funkcjonalno\u015b\u0107 dodan\u0105 do tej witryny. Zalecamy pozostawienie w\u0142\u0105czonej obs\u0142ugi wszystkich plik\u00f3w cookie, chyba \u017ce masz pewno\u015b\u0107, \u017ce ich nie potrzebujesz.<\/p>\r\n<p><strong>Jak wy\u0142\u0105czy\u0107 pliki cookie<\/strong> Mo\u017cesz zablokowa\u0107 zapisywanie plik\u00f3w cookie, dostosowuj\u0105c ustawienia swojej przegl\u0105darki (instrukcje znajdziesz w obs\u0142udze przegl\u0105darki). Jednak\u017ce wy\u0142\u0105czenie plik\u00f3w cookie mo\u017ce mie\u0107 wp\u0142yw na funkcjonalno\u015b\u0107 tej i innych odwiedzanych stron internetowych. Dlatego nie zaleca si\u0119 wy\u0142\u0105czania plik\u00f3w cookie.<\/p>\r\n<p><strong>Pliki cookie, kt\u00f3rych u\u017cywamy<\/strong><\/p>\r\n<ul>\r\n<li><strong>Pliki cookie dotycz\u0105ce konfiguracji witryny:<\/strong> Aby zapewni\u0107 spersonalizowane do\u015bwiadczenia, oferujemy mo\u017cliwo\u015b\u0107 dostosowania preferencji przegl\u0105dania. U\u017cywamy plik\u00f3w cookie, aby zapami\u0119ta\u0107 Twoje wybory i przechowywa\u0107 te informacje na potrzeby przysz\u0142ych wizyt.<\/li>\r\n<li><strong>Partnerskie pliki cookie:<\/strong> W niekt\u00f3rych sytuacjach u\u017cywamy plik\u00f3w cookies firm partnerskich. Poni\u017cej szczeg\u00f3\u0142owo opisujemy, kt\u00f3re pliki cookie stron trzecich mo\u017cesz napotka\u0107 na naszej stronie internetowej.<\/li>\r\n<li><strong>Google Analytics:<\/strong> U\u017cywamy tego narz\u0119dzia analitycznego, aby zrozumie\u0107, w jaki spos\u00f3b wchodzisz w interakcj\u0119 z nasz\u0105 witryn\u0105 i poprawi\u0107 Twoje do\u015bwiadczenia. Te pliki cookie \u015bledz\u0105 takie aspekty, jak d\u0142ugo\u015b\u0107 wizyty i odwiedzane strony. Aby uzyska\u0107 wi\u0119cej informacji, odwied\u017a oficjaln\u0105 stron\u0119 Google Analytics.<\/li>\r\n<li><strong>Google AdSense:<\/strong> Do wy\u015bwietlania reklam wykorzystujemy AdSense, kt\u00f3re wykorzystuje plik cookie DoubleClick w celu wy\u015bwietlania trafniejszych reklam i kontrolowania cz\u0119stotliwo\u015bci wy\u015bwietlania okre\u015blonej reklamy. Aby uzyska\u0107 wi\u0119cej informacji, zobacz cz\u0119sto zadawane pytania dotycz\u0105ce prywatno\u015bci w Google AdSense.<\/li>\r\n<\/ul>\r\n<p><strong>Dodatkowe informacje<\/strong> Mamy nadziej\u0119, \u017ce wyja\u015bnili\u015bmy Twoje w\u0105tpliwo\u015bci. Jak ju\u017c wspomniano, zaleca si\u0119 pozostawienie aktywnych plik\u00f3w cookie, aby zapewni\u0107 lepsz\u0105 jako\u015b\u0107 korzystania ze strony internetowej. Je\u015bli potrzebujesz wi\u0119cej informacji, skontaktuj si\u0119 z nami poprzez e-mail: <a target=\"_new\" rel=\"noopener\">kontakt@bitesofpleasure.com<\/a>.<\/p>\r\n<\/div>\r\n<\/div>\r\n<\/div>\r\n<\/div>\r\n<\/div>\r\n<\/div>\r\n<\/div>\r\n<\/div>\r\n<\/div>\r\n<\/div>\r\n<\/div>\r\n<\/div>","protected":false},"excerpt":{"rendered":"<p>To jest Polityka prywatno\u015bci BitesofPleasure, dost\u0119pna pod adresem www.bitesofpleasure.com Czym s\u0105 pliki cookie? Podobnie jak wi\u0119kszo\u015b\u0107 profesjonalnych stron internetowych, BitesofPleasure wykorzystuje pliki cookie,\u2026<\/p>","protected":false},"author":1,"featured_media":0,"parent":0,"menu_order":0,"comment_status":"closed","ping_status":"open","template":"","meta":{"footnotes":""},"class_list":["post-3","page","type-page","status-publish","hentry"],"_links":{"self":[{"href":"https:\/\/bitesofpleasure.com\/pl\/wp-json\/wp\/v2\/pages\/3","targetHints":{"allow":["GET"]}}],"collection":[{"href":"https:\/\/bitesofpleasure.com\/pl\/wp-json\/wp\/v2\/pages"}],"about":[{"href":"https:\/\/bitesofpleasure.com\/pl\/wp-json\/wp\/v2\/types\/page"}],"author":[{"embeddable":true,"href":"https:\/\/bitesofpleasure.com\/pl\/wp-json\/wp\/v2\/users\/1"}],"replies":[{"embeddable":true,"href":"https:\/\/bitesofpleasure.com\/pl\/wp-json\/wp\/v2\/comments?post=3"}],"version-history":[{"count":2,"href":"https:\/\/bitesofpleasure.com\/pl\/wp-json\/wp\/v2\/pages\/3\/revisions"}],"predecessor-version":[{"id":1233,"href":"https:\/\/bitesofpleasure.com\/pl\/wp-json\/wp\/v2\/pages\/3\/revisions\/1233"}],"wp:attachment":[{"href":"https:\/\/bitesofpleasure.com\/pl\/wp-json\/wp\/v2\/media?parent=3"}],"curies":[{"name":"wp","href":"https:\/\/api.w.org\/{rel}","templated":true}]}}