{"id":1292,"date":"2024-01-08T22:42:09","date_gmt":"2024-01-09T01:42:09","guid":{"rendered":"http:\/\/bitesofpleasure.com\/?page_id=1292"},"modified":"2024-01-08T23:14:46","modified_gmt":"2024-01-09T02:14:46","slug":"os-5-aplicativos-que-vao-transformar-sua-vida-amorosa","status":"publish","type":"page","link":"https:\/\/bitesofpleasure.com\/pl\/os-5-aplicativos-que-vao-transformar-sua-vida-amorosa\/","title":{"rendered":"5 aplikacji, kt\u00f3re odmieni\u0105 Twoje \u017cycie mi\u0142osne!"},"content":{"rendered":"<div class=\"w-full text-token-text-primary\" data-testid=\"conversation-turn-3\">\n<div class=\"px-4 py-2 justify-center text-base md:gap-6 m-auto\">\n<div class=\"flex flex-1 text-base mx-auto gap-3 md:px-5 lg:px-1 xl:px-5 md:max-w-3xl lg:max-w-[40rem] xl:max-w-[48rem] group final-completion\">\n<div class=\"relative flex w-full flex-col lg:w-[calc(100%-115px)] agent-turn\">\n<div class=\"flex-col gap-1 md:gap-3\">\n<div class=\"flex flex-grow flex-col max-w-full\">\n<div class=\"min-h-[20px] text-message flex flex-col items-start gap-3 whitespace-pre-wrap break-words [.text-message+&amp;]:mt-5 overflow-x-auto\" data-message-author-role=\"assistant\" data-message-id=\"7b2263fe-19dd-4a5e-9de6-94cbab094208\">\n<div class=\"markdown prose w-full break-words dark:prose-invert light\">\n<p>Wyobra\u017a sobie, \u017ce odkrywasz \u015bwiat technologii, aby wzbogaci\u0107 swoje \u017cycie mi\u0142osne.<\/p>\n<p style=\"text-align: center;\"><a class=\"mb-button mb-style-flat mb-size-default mb-corners-pill mb-text-style-default\" style=\"background-color: #db2c2c;\" href=\"http:\/\/bitesofpleasure.com\/o-mundo-dos-relacionamentos-virtuais-os-melhores-aplicativos-para-conectar-coracoes\/\"> \u00a0<i class=\"fa fa-arrow-right\"><\/i>\u00a0 DOWIEDZ SI\u0118, JAK MIE\u0106 RANDK\u0118<\/a><\/p>\n<p style=\"text-align: center;\"><a class=\"mb-button mb-style-flat mb-size-default mb-corners-pill mb-text-style-default\" style=\"background-color: #c42b9c;\" href=\"http:\/\/bitesofpleasure.com\/o-mundo-dos-relacionamentos-virtuais-os-melhores-aplicativos-para-conectar-coracoes\/\">\u00a0<i class=\"fa fa-arrow-right\"><\/i>\u00a0 ZOBACZ JAK POZNAWA\u0106 LUDZI<\/a><\/p>\n<h6 style=\"text-align: center;\">Pozostaniesz na obecnej stronie<\/h6>\n<p>Dzisiaj mamy dost\u0119p do wielu aplikacji randkowych, kt\u00f3re odpowiadaj\u0105 r\u00f3\u017cnym potrzebom i preferencjom. Niezale\u017cnie od tego, czy szukasz czego\u015b niezobowi\u0105zuj\u0105cego, czy bardziej znacz\u0105cego zwi\u0105zku, te aplikacje oferuj\u0105 spersonalizowane do\u015bwiadczenia.<\/p>\n<p>Dla tych, kt\u00f3rzy chc\u0105 zacz\u0105\u0107 w spos\u00f3b lekki i niezobowi\u0105zuj\u0105cy, te aplikacje mog\u0105 by\u0107 idealnym punktem wyj\u015bcia. W szczeg\u00f3lno\u015bci niekt\u00f3re z nich zach\u0119caj\u0105 kobiety do zrobienia pierwszego kroku, promuj\u0105c bardziej zr\u00f3wnowa\u017con\u0105 i wzmacniaj\u0105c\u0105 dynamik\u0119 w relacjach online.<\/p>\n<p>Ponadto istniej\u0105 platformy skupiaj\u0105ce si\u0119 na tworzeniu g\u0142\u0119bszych wi\u0119zi, wykorzystuj\u0105ce szczeg\u00f3\u0142owe profile do sugerowania prawdziwie zgodnych dopasowa\u0144. Dla tych, kt\u00f3rzy chc\u0105 zamieni\u0107 przypadkowe spotkania w co\u015b powa\u017cniejszego, istniej\u0105 aplikacje, kt\u00f3re wyr\u00f3\u017cniaj\u0105 si\u0119, wykorzystuj\u0105c blisko\u015b\u0107 geograficzn\u0105 jako kryterium, otwieraj\u0105c mo\u017cliwo\u015bci zaskakuj\u0105cych po\u0142\u0105cze\u0144.<\/p>\n<p>Ciekawi Ci\u0119, jak te aplikacje mog\u0105 pom\u00f3c Ci budowa\u0107 warto\u015bciowe relacje? Czytaj dalej, aby zanurzy\u0107 si\u0119 w \u015bwiecie randek online.<\/p>\n<p>Poprowadzimy Ci\u0119 przez proces pobierania i u\u017cywania tych aplikacji, skupiaj\u0105c si\u0119 na podstawowych kwestiach, aby zwi\u0119kszy\u0107 Twoje szanse na znalezienie mi\u0142o\u015bci. Twoja podr\u00f3\u017c do bardziej satysfakcjonuj\u0105cego \u017cycia mi\u0142osnego zaczyna si\u0119 tutaj. Czytaj dalej i odkryj \u015bcie\u017ck\u0119 do znalezienia swojej bratniej duszy!<\/p>\n<\/div>\n<\/div>\n<\/div>\n<div class=\"mt-1 flex justify-start gap-3 empty:hidden\">\n<div class=\"text-gray-400 flex self-end lg:self-center justify-center lg:justify-start mt-0 -ml-1 visible\">\n<p>&nbsp;<\/p>\n<div class=\"flex\"><\/div>\n<div class=\"flex items-center gap-1.5 text-xs\"><\/div>\n<\/div>\n<\/div>\n<\/div>\n<\/div>\n<\/div>\n<\/div>\n<\/div>\n<div class=\"mx-auto\">\n<div data-projection-id=\"44\">\n<div class=\"mx-auto mt-2 inline-flex rounded-xl border border-gray-100 dark:border-gray-700\"><\/div>\n<\/div>\n<\/div>","protected":false},"excerpt":{"rendered":"<p>Imagine explorar o mundo da tecnologia para enriquecer sua vida amorosa. \u00a0\u00a0 SAIBA COMO TER ENCONTROS \u00a0\u00a0 VEJA COMO CONHECER PESSOAS Voc\u00ea permanecer\u00e1 no site&#8230;<\/p>","protected":false},"author":1,"featured_media":0,"parent":0,"menu_order":0,"comment_status":"closed","ping_status":"closed","template":"","meta":{"footnotes":""},"class_list":["post-1292","page","type-page","status-publish","hentry"],"_links":{"self":[{"href":"https:\/\/bitesofpleasure.com\/pl\/wp-json\/wp\/v2\/pages\/1292","targetHints":{"allow":["GET"]}}],"collection":[{"href":"https:\/\/bitesofpleasure.com\/pl\/wp-json\/wp\/v2\/pages"}],"about":[{"href":"https:\/\/bitesofpleasure.com\/pl\/wp-json\/wp\/v2\/types\/page"}],"author":[{"embeddable":true,"href":"https:\/\/bitesofpleasure.com\/pl\/wp-json\/wp\/v2\/users\/1"}],"replies":[{"embeddable":true,"href":"https:\/\/bitesofpleasure.com\/pl\/wp-json\/wp\/v2\/comments?post=1292"}],"version-history":[{"count":6,"href":"https:\/\/bitesofpleasure.com\/pl\/wp-json\/wp\/v2\/pages\/1292\/revisions"}],"predecessor-version":[{"id":1302,"href":"https:\/\/bitesofpleasure.com\/pl\/wp-json\/wp\/v2\/pages\/1292\/revisions\/1302"}],"wp:attachment":[{"href":"https:\/\/bitesofpleasure.com\/pl\/wp-json\/wp\/v2\/media?parent=1292"}],"curies":[{"name":"wp","href":"https:\/\/api.w.org\/{rel}","templated":true}]}}