{"id":1234,"date":"2024-01-02T21:34:00","date_gmt":"2024-01-03T00:34:00","guid":{"rendered":"http:\/\/bitesofpleasure.com\/?page_id=1234"},"modified":"2024-01-02T21:34:00","modified_gmt":"2024-01-03T00:34:00","slug":"quem-somos","status":"publish","type":"page","link":"https:\/\/bitesofpleasure.com\/pl\/quem-somos\/","title":{"rendered":"Kim jeste\u015bmy"},"content":{"rendered":"<p>Witamy na blogu BitesofPleasure, za\u0142o\u017conym w 2023 roku, portalu po\u015bwi\u0119conym udost\u0119pnianiu spo\u0142ecze\u0144stwu cennych informacji. Nasz\u0105 misj\u0105 jest wspieranie demokratyzacji wiedzy i informacji.<\/p>\n<p>Jeste\u015bmy g\u0142\u0119boko przekonani, \u017ce dost\u0119p do ustrukturyzowanych informacji wysokiej jako\u015bci jest podstawowym filarem post\u0119pu spo\u0142ecze\u0144stwa. W BitesofPleasure anga\u017cujemy si\u0119 w dostarczanie godnych zaufania i wzbogacaj\u0105cych tre\u015bci, kt\u00f3re przyczyniaj\u0105 si\u0119 do edukacji i rozwoju osobistego naszych czytelnik\u00f3w.<\/p>\n<p>Nasz zesp\u00f3\u0142 sk\u0142ada si\u0119 z profesjonalist\u00f3w, kt\u00f3rych pasj\u0105 jest dzielenie si\u0119 wiedz\u0105 i spostrze\u017ceniami z r\u00f3\u017cnych dziedzin, dzi\u0119ki czemu ka\u017cdy artyku\u0142, przewodnik lub analiza ma charakter nie tylko informacyjny, ale tak\u017ce inspiruj\u0105cy i dost\u0119pny dla ka\u017cdego.<\/p>\n<p>W BitesofPleasure zawsze szukamy nowych sposob\u00f3w, aby informacje by\u0142y bardziej dost\u0119pne i \u0142atwiejsze do zrozumienia, poniewa\u017c wierzymy, \u017ce edukacja jest kluczem do lepszej przysz\u0142o\u015bci. Do\u0142\u0105cz do nas w tej podr\u00f3\u017cy odkrywania i rozwoju!<\/p>","protected":false},"excerpt":{"rendered":"<p>Witamy na blogu BitesofPleasure, za\u0142o\u017conym w 2023 roku, portalu po\u015bwi\u0119conym udost\u0119pnianiu spo\u0142ecze\u0144stwu cennych informacji. Nasz\u0105 misj\u0105 jest promowanie demokratyzacji wiedzy\u2026<\/p>","protected":false},"author":1,"featured_media":0,"parent":0,"menu_order":0,"comment_status":"closed","ping_status":"closed","template":"","meta":{"footnotes":""},"class_list":["post-1234","page","type-page","status-publish","hentry"],"_links":{"self":[{"href":"https:\/\/bitesofpleasure.com\/pl\/wp-json\/wp\/v2\/pages\/1234","targetHints":{"allow":["GET"]}}],"collection":[{"href":"https:\/\/bitesofpleasure.com\/pl\/wp-json\/wp\/v2\/pages"}],"about":[{"href":"https:\/\/bitesofpleasure.com\/pl\/wp-json\/wp\/v2\/types\/page"}],"author":[{"embeddable":true,"href":"https:\/\/bitesofpleasure.com\/pl\/wp-json\/wp\/v2\/users\/1"}],"replies":[{"embeddable":true,"href":"https:\/\/bitesofpleasure.com\/pl\/wp-json\/wp\/v2\/comments?post=1234"}],"version-history":[{"count":1,"href":"https:\/\/bitesofpleasure.com\/pl\/wp-json\/wp\/v2\/pages\/1234\/revisions"}],"predecessor-version":[{"id":1235,"href":"https:\/\/bitesofpleasure.com\/pl\/wp-json\/wp\/v2\/pages\/1234\/revisions\/1235"}],"wp:attachment":[{"href":"https:\/\/bitesofpleasure.com\/pl\/wp-json\/wp\/v2\/media?parent=1234"}],"curies":[{"name":"wp","href":"https:\/\/api.w.org\/{rel}","templated":true}]}}