{"id":1214,"date":"2024-01-02T21:30:35","date_gmt":"2024-01-03T00:30:35","guid":{"rendered":"http:\/\/bitesofpleasure.com\/?page_id=1214"},"modified":"2024-01-02T21:32:32","modified_gmt":"2024-01-03T00:32:32","slug":"termos-de-uso","status":"publish","type":"page","link":"https:\/\/bitesofpleasure.com\/pl\/termos-de-uso\/","title":{"rendered":"Warunki korzystania"},"content":{"rendered":"<p>Witamy w Polityce plik\u00f3w cookie BitesofPleasure, dost\u0119pnej pod adresem <a href=\"http:\/\/bitesofpleasure.com\/\" target=\"_new\" rel=\"noopener\">www.bitesofpleasure.com<\/a><\/p>\n<p><strong>Co to s\u0105 pliki cookie?<\/strong> Podobnie jak wi\u0119kszo\u015b\u0107 profesjonalnych stron internetowych, BitesofPleasure wykorzystuje pliki cookie, ma\u0142e pliki przesy\u0142ane na Twoje urz\u0105dzenie, aby zoptymalizowa\u0107 przegl\u0105danie. W tej sekcji szczeg\u00f3\u0142owo opisano, jakie informacje gromadz\u0105 pliki cookie, w jaki spos\u00f3b z nich korzystamy i dlaczego w niekt\u00f3rych przypadkach musimy je przechowywa\u0107. Wyja\u015bnimy r\u00f3wnie\u017c, w jaki spos\u00f3b mo\u017cna zapobiec przechowywaniu tych plik\u00f3w cookie, chocia\u017c mo\u017ce to mie\u0107 wp\u0142yw na funkcjonalno\u015b\u0107 witryny. Wi\u0119cej informacji na temat plik\u00f3w cookie mo\u017cna znale\u017a\u0107 w artykule w Wikipedii na temat plik\u00f3w cookie HTTP.<\/p>\n<p><strong>Nasza polityka dotycz\u0105ca plik\u00f3w cookie<\/strong> U\u017cywamy plik\u00f3w cookie z wielu powod\u00f3w opisanych szczeg\u00f3\u0142owo poni\u017cej. W wielu przypadkach nie ma standardowych opcji wy\u0142\u0105czania plik\u00f3w cookie bez wp\u0142ywu na funkcjonalno\u015b\u0107 dodan\u0105 do tej witryny. Zalecamy pozostawienie w\u0142\u0105czonej obs\u0142ugi wszystkich plik\u00f3w cookie, chyba \u017ce masz pewno\u015b\u0107, \u017ce ich nie potrzebujesz.<\/p>\n<p><strong>Jak blokowa\u0107 pliki cookie<\/strong> Mo\u017cesz zablokowa\u0107 zapisywanie plik\u00f3w cookie, dostosowuj\u0105c ustawienia swojej przegl\u0105darki (instrukcje znajdziesz w obs\u0142udze przegl\u0105darki). Nale\u017cy jednak pami\u0119ta\u0107, \u017ce wy\u0142\u0105czenie plik\u00f3w cookie mo\u017ce mie\u0107 wp\u0142yw na funkcjonalno\u015b\u0107 tej i innych odwiedzanych stron internetowych. Dlatego nie zaleca si\u0119 wy\u0142\u0105czania plik\u00f3w cookie.<\/p>\n<p><strong>Pliki cookie, kt\u00f3rych u\u017cywamy<\/strong><\/p>\n<ul>\n<li><strong>Pliki cookie dotycz\u0105ce konfiguracji witryny:<\/strong> Aby zapewni\u0107 Ci spersonalizowane korzystanie z naszej witryny, oferujemy mo\u017cliwo\u015b\u0107 dostosowania Twoich preferencji przegl\u0105dania. U\u017cywamy plik\u00f3w cookie, aby zapami\u0119ta\u0107 Twoje wybory i przechowywa\u0107 te informacje na potrzeby przysz\u0142ych wizyt.<\/li>\n<li><strong>Partnerskie pliki cookie:<\/strong> W niekt\u00f3rych sytuacjach u\u017cywamy plik\u00f3w cookies firm partnerskich. Szczeg\u00f3\u0142owe informacje na temat plik\u00f3w cookie stron trzecich, kt\u00f3re mo\u017cesz napotka\u0107 na naszej stronie internetowej, zostan\u0105 podane w nast\u0119pnej sekcji.<\/li>\n<\/ul>\n<p><strong>Narz\u0119dzia analityczne i reklamowe<\/strong><\/p>\n<ul>\n<li><strong>Google Analytics:<\/strong> U\u017cywamy tego popularnego narz\u0119dzia analitycznego, aby zrozumie\u0107, w jaki spos\u00f3b wchodzisz w interakcj\u0119 z nasz\u0105 witryn\u0105 i poprawi\u0107 Twoje do\u015bwiadczenia. Te pliki cookie \u015bledz\u0105 takie aspekty, jak czas Twojej wizyty i odwiedzane strony. Wi\u0119cej informacji o Google Analytics znajdziesz na oficjalnej stronie.<\/li>\n<li><strong>Google AdSense:<\/strong> U\u017cywamy AdSense do wy\u015bwietlania reklam. Wykorzystuje plik cookie DoubleClick do wy\u015bwietlania trafniejszych reklam i ograniczania cz\u0119stotliwo\u015bci reklam. Dodatkowe informacje na temat Google AdSense mo\u017cna znale\u017a\u0107 w cz\u0119sto zadawanych pytaniach na temat prywatno\u015bci w Google AdSense.<\/li>\n<\/ul>\n<p><strong>Dodatkowe informacje<\/strong> Mamy nadziej\u0119, \u017ce te informacje okaza\u0142y si\u0119 przydatne. Jak ju\u017c wspomniano, zaleca si\u0119 pozostawienie aktywnych plik\u00f3w cookie, aby zapewni\u0107 lepsz\u0105 jako\u015b\u0107 korzystania ze strony internetowej. Je\u015bli potrzebujesz dodatkowych informacji, nie wahaj si\u0119 z nami skontaktowa\u0107 pod adresem: <a target=\"_new\" rel=\"noopener\">kontakt@bitesofpleasure.com<\/a>.<\/p>","protected":false},"excerpt":{"rendered":"<p>Witamy w Polityce plik\u00f3w cookie BitesofPleasure, dost\u0119pnej na stronie www.bitesofpleasure.com Czym s\u0105 pliki cookie? Podobnie jak wi\u0119kszo\u015b\u0107 profesjonalnych stron internetowych, BitesofPleasure wykorzystuje pliki cookie,\u2026<\/p>","protected":false},"author":1,"featured_media":0,"parent":0,"menu_order":0,"comment_status":"closed","ping_status":"closed","template":"","meta":{"footnotes":""},"class_list":["post-1214","page","type-page","status-publish","hentry"],"_links":{"self":[{"href":"https:\/\/bitesofpleasure.com\/pl\/wp-json\/wp\/v2\/pages\/1214","targetHints":{"allow":["GET"]}}],"collection":[{"href":"https:\/\/bitesofpleasure.com\/pl\/wp-json\/wp\/v2\/pages"}],"about":[{"href":"https:\/\/bitesofpleasure.com\/pl\/wp-json\/wp\/v2\/types\/page"}],"author":[{"embeddable":true,"href":"https:\/\/bitesofpleasure.com\/pl\/wp-json\/wp\/v2\/users\/1"}],"replies":[{"embeddable":true,"href":"https:\/\/bitesofpleasure.com\/pl\/wp-json\/wp\/v2\/comments?post=1214"}],"version-history":[{"count":1,"href":"https:\/\/bitesofpleasure.com\/pl\/wp-json\/wp\/v2\/pages\/1214\/revisions"}],"predecessor-version":[{"id":1215,"href":"https:\/\/bitesofpleasure.com\/pl\/wp-json\/wp\/v2\/pages\/1214\/revisions\/1215"}],"wp:attachment":[{"href":"https:\/\/bitesofpleasure.com\/pl\/wp-json\/wp\/v2\/media?parent=1214"}],"curies":[{"name":"wp","href":"https:\/\/api.w.org\/{rel}","templated":true}]}}