{"id":1214,"date":"2024-01-02T21:30:35","date_gmt":"2024-01-03T00:30:35","guid":{"rendered":"http:\/\/bitesofpleasure.com\/?page_id=1214"},"modified":"2024-01-02T21:32:32","modified_gmt":"2024-01-03T00:32:32","slug":"termos-de-uso","status":"publish","type":"page","link":"https:\/\/bitesofpleasure.com\/nl_be\/termos-de-uso\/","title":{"rendered":"Gebruiksvoorwaarden"},"content":{"rendered":"<p>Welkom bij het BitesofPleasure Cookiebeleid, toegankelijk via <a href=\"http:\/\/bitesofpleasure.com\/\" target=\"_new\" rel=\"noopener\">www.bitesofpleasure.com<\/a><\/p>\n<p><strong>Wat zijn cookies?<\/strong> Net als de meeste professionele websites gebruikt BitesofPleasure cookies, kleine bestanden die op uw apparaat worden gedownload, om uw surfervaring te optimaliseren. In dit gedeelte wordt beschreven welke informatie deze cookies verzamelen, hoe we ze gebruiken en waarom we ze soms moeten opslaan. We leggen ook uit hoe u kunt voorkomen dat deze cookies worden opgeslagen, hoewel dit de functionaliteit van de website kan be\u00efnvloeden. Zie het Wikipedia-artikel over HTTP-cookies voor meer informatie over cookies.<\/p>\n<p><strong>Ons cookiebeleid<\/strong> We gebruiken cookies om verschillende redenen, die hieronder worden beschreven. In veel gevallen zijn er geen standaardopties voor het uitschakelen van cookies zonder de functionaliteit van deze site te be\u00efnvloeden. We raden u aan alle cookies ingeschakeld te laten, tenzij u zeker weet dat u ze niet nodig hebt.<\/p>\n<p><strong>Hoe cookies te blokkeren<\/strong> U kunt het plaatsen van cookies blokkeren door uw browserinstellingen aan te passen (zie de ondersteuning van uw browser voor instructies). Houd er echter rekening mee dat het uitschakelen van cookies de functionaliteit van deze en andere websites die u bezoekt, kan be\u00efnvloeden. Het uitschakelen van cookies wordt daarom afgeraden.<\/p>\n<p><strong>Cookies die wij gebruiken<\/strong><\/p>\n<ul>\n<li><strong>Siteconfiguratiecookies:<\/strong> Om een gepersonaliseerde ervaring op onze website te bieden, bieden we de mogelijkheid om uw browservoorkeuren aan te passen. We gebruiken cookies om uw keuzes te onthouden en deze informatie op te slaan voor toekomstige bezoeken.<\/li>\n<li><strong>Partnercookies:<\/strong> In bepaalde situaties gebruiken we cookies van partnerbedrijven. In de volgende sectie vindt u meer informatie over welke cookies van derden u op onze website kunt tegenkomen.<\/li>\n<\/ul>\n<p><strong>Analyse- en advertentietools<\/strong><\/p>\n<ul>\n<li><strong>Google Analytics:<\/strong> We gebruiken deze populaire analysetool om inzicht te krijgen in hoe u met onze website omgaat en om uw ervaring te verbeteren. Deze cookies registreren aspecten zoals de duur van uw bezoek en de pagina&#039;s die u bezoekt. Ga naar de offici\u00eble pagina voor meer informatie over Google Analytics.<\/li>\n<li><strong>Google AdSense:<\/strong> We gebruiken AdSense om advertenties weer te geven. Het gebruikt een DoubleClick-cookie om relevantere advertenties te tonen en de advertentiefrequentie te beperken. Raadpleeg de veelgestelde vragen over Google AdSense-privacy voor meer informatie over Google AdSense.<\/li>\n<\/ul>\n<p><strong>Aanvullende informatie<\/strong> We hopen dat deze informatie nuttig is geweest. Zoals gezegd, raden we u aan cookies ingeschakeld te houden voor een optimale website-ervaring. Voor meer informatie kunt u contact met ons opnemen via: <a target=\"_new\" rel=\"noopener\">contato@bitesofpleasure.com<\/a>.<\/p>","protected":false},"excerpt":{"rendered":"<p>Bem-vindo \u00e0 Pol\u00edtica de Cookies do BitesofPleasure, acess\u00edvel em www.bitesofpleasure.com O que s\u00e3o cookies? Assim como a maioria dos sites profissionais, o BitesofPleasure utiliza cookies,&#8230;<\/p>","protected":false},"author":1,"featured_media":0,"parent":0,"menu_order":0,"comment_status":"closed","ping_status":"closed","template":"","meta":{"footnotes":""},"class_list":["post-1214","page","type-page","status-publish","hentry"],"_links":{"self":[{"href":"https:\/\/bitesofpleasure.com\/nl_be\/wp-json\/wp\/v2\/pages\/1214","targetHints":{"allow":["GET"]}}],"collection":[{"href":"https:\/\/bitesofpleasure.com\/nl_be\/wp-json\/wp\/v2\/pages"}],"about":[{"href":"https:\/\/bitesofpleasure.com\/nl_be\/wp-json\/wp\/v2\/types\/page"}],"author":[{"embeddable":true,"href":"https:\/\/bitesofpleasure.com\/nl_be\/wp-json\/wp\/v2\/users\/1"}],"replies":[{"embeddable":true,"href":"https:\/\/bitesofpleasure.com\/nl_be\/wp-json\/wp\/v2\/comments?post=1214"}],"version-history":[{"count":1,"href":"https:\/\/bitesofpleasure.com\/nl_be\/wp-json\/wp\/v2\/pages\/1214\/revisions"}],"predecessor-version":[{"id":1215,"href":"https:\/\/bitesofpleasure.com\/nl_be\/wp-json\/wp\/v2\/pages\/1214\/revisions\/1215"}],"wp:attachment":[{"href":"https:\/\/bitesofpleasure.com\/nl_be\/wp-json\/wp\/v2\/media?parent=1214"}],"curies":[{"name":"wp","href":"https:\/\/api.w.org\/{rel}","templated":true}]}}