{"id":1292,"date":"2024-01-08T22:42:09","date_gmt":"2024-01-09T01:42:09","guid":{"rendered":"http:\/\/bitesofpleasure.com\/?page_id=1292"},"modified":"2024-01-08T23:14:46","modified_gmt":"2024-01-09T02:14:46","slug":"os-5-aplicativos-que-vao-transformar-sua-vida-amorosa","status":"publish","type":"page","link":"https:\/\/bitesofpleasure.com\/it\/os-5-aplicativos-que-vao-transformar-sua-vida-amorosa\/","title":{"rendered":"Le 5 app che trasformeranno la tua vita amorosa!"},"content":{"rendered":"<div class=\"w-full text-token-text-primary\" data-testid=\"conversation-turn-3\">\n<div class=\"px-4 py-2 justify-center text-base md:gap-6 m-auto\">\n<div class=\"flex flex-1 text-base mx-auto gap-3 md:px-5 lg:px-1 xl:px-5 md:max-w-3xl lg:max-w-[40rem] xl:max-w-[48rem] group final-completion\">\n<div class=\"relative flex w-full flex-col lg:w-[calc(100%-115px)] agent-turn\">\n<div class=\"flex-col gap-1 md:gap-3\">\n<div class=\"flex flex-grow flex-col max-w-full\">\n<div class=\"min-h-[20px] text-message flex flex-col items-start gap-3 whitespace-pre-wrap break-words [.text-message+&amp;]:mt-5 overflow-x-auto\" data-message-author-role=\"assistant\" data-message-id=\"7b2263fe-19dd-4a5e-9de6-94cbab094208\">\n<div class=\"markdown prose w-full break-words dark:prose-invert light\">\n<p>Immagina di esplorare il mondo della tecnologia per arricchire la tua vita amorosa.<\/p>\n<p style=\"text-align: center;\"><a class=\"mb-button mb-style-flat mb-size-default mb-corners-pill mb-text-style-default\" style=\"background-color: #db2c2c;\" href=\"http:\/\/bitesofpleasure.com\/o-mundo-dos-relacionamentos-virtuais-os-melhores-aplicativos-para-conectar-coracoes\/\"> \u00a0<i class=\"fa fa-arrow-right\"><\/i>\u00a0 IMPARA COME AVERE UN APPUNTAMENTO<\/a><\/p>\n<p style=\"text-align: center;\"><a class=\"mb-button mb-style-flat mb-size-default mb-corners-pill mb-text-style-default\" style=\"background-color: #c42b9c;\" href=\"http:\/\/bitesofpleasure.com\/o-mundo-dos-relacionamentos-virtuais-os-melhores-aplicativos-para-conectar-coracoes\/\">\u00a0<i class=\"fa fa-arrow-right\"><\/i>\u00a0 SCOPRI COME INCONTRARE PERSONE<\/a><\/p>\n<h6 style=\"text-align: center;\">Rimarrai sul sito corrente<\/h6>\n<p>Oggigiorno, disponiamo di una variet\u00e0 di app di incontri per soddisfare esigenze e preferenze diverse. Che tu stia cercando un&#039;esperienza informale o una relazione pi\u00f9 significativa, queste app offrono esperienze personalizzate.<\/p>\n<p>Per chi vuole iniziare in modo leggero e senza impegno, queste app possono essere il punto di partenza ideale. In particolare, alcune di esse incoraggiano le donne a fare la prima mossa, promuovendo una dinamica pi\u00f9 equilibrata e stimolante nelle relazioni online.<\/p>\n<p>Esistono inoltre piattaforme che puntano a creare legami pi\u00f9 profondi, utilizzando profili dettagliati per suggerire partner realmente compatibili. Per chi \u00e8 interessato a trasformare incontri casuali in qualcosa di pi\u00f9 serio, ci sono app che si distinguono utilizzando la vicinanza geografica come criterio, aprendo la possibilit\u00e0 di connessioni sorprendenti.<\/p>\n<p>Curiosi di sapere come queste app possono aiutarvi a costruire relazioni preziose? Continuate a leggere per immergervi nel mondo degli incontri online.<\/p>\n<p>Ti guideremo attraverso il processo di download e utilizzo di queste app, concentrandoci sugli aspetti essenziali per aumentare le tue possibilit\u00e0 di trovare l&#039;amore. Il tuo viaggio verso una vita amorosa pi\u00f9 appagante inizia qui. Continua a leggere e scopri il percorso per trovare la tua anima gemella!<\/p>\n<\/div>\n<\/div>\n<\/div>\n<div class=\"mt-1 flex justify-start gap-3 empty:hidden\">\n<div class=\"text-gray-400 flex self-end lg:self-center justify-center lg:justify-start mt-0 -ml-1 visible\">\n<p>&nbsp;<\/p>\n<div class=\"flex\"><\/div>\n<div class=\"flex items-center gap-1.5 text-xs\"><\/div>\n<\/div>\n<\/div>\n<\/div>\n<\/div>\n<\/div>\n<\/div>\n<\/div>\n<div class=\"mx-auto\">\n<div data-projection-id=\"44\">\n<div class=\"mx-auto mt-2 inline-flex rounded-xl border border-gray-100 dark:border-gray-700\"><\/div>\n<\/div>\n<\/div>","protected":false},"excerpt":{"rendered":"<p>Imagine explorar o mundo da tecnologia para enriquecer sua vida amorosa. \u00a0\u00a0 SAIBA COMO TER ENCONTROS \u00a0\u00a0 VEJA COMO CONHECER PESSOAS Voc\u00ea permanecer\u00e1 no site&#8230;<\/p>","protected":false},"author":1,"featured_media":0,"parent":0,"menu_order":0,"comment_status":"closed","ping_status":"closed","template":"","meta":{"footnotes":""},"class_list":["post-1292","page","type-page","status-publish","hentry"],"_links":{"self":[{"href":"https:\/\/bitesofpleasure.com\/it\/wp-json\/wp\/v2\/pages\/1292","targetHints":{"allow":["GET"]}}],"collection":[{"href":"https:\/\/bitesofpleasure.com\/it\/wp-json\/wp\/v2\/pages"}],"about":[{"href":"https:\/\/bitesofpleasure.com\/it\/wp-json\/wp\/v2\/types\/page"}],"author":[{"embeddable":true,"href":"https:\/\/bitesofpleasure.com\/it\/wp-json\/wp\/v2\/users\/1"}],"replies":[{"embeddable":true,"href":"https:\/\/bitesofpleasure.com\/it\/wp-json\/wp\/v2\/comments?post=1292"}],"version-history":[{"count":6,"href":"https:\/\/bitesofpleasure.com\/it\/wp-json\/wp\/v2\/pages\/1292\/revisions"}],"predecessor-version":[{"id":1302,"href":"https:\/\/bitesofpleasure.com\/it\/wp-json\/wp\/v2\/pages\/1292\/revisions\/1302"}],"wp:attachment":[{"href":"https:\/\/bitesofpleasure.com\/it\/wp-json\/wp\/v2\/media?parent=1292"}],"curies":[{"name":"wp","href":"https:\/\/api.w.org\/{rel}","templated":true}]}}