{"id":1234,"date":"2024-01-02T21:34:00","date_gmt":"2024-01-03T00:34:00","guid":{"rendered":"http:\/\/bitesofpleasure.com\/?page_id=1234"},"modified":"2024-01-02T21:34:00","modified_gmt":"2024-01-03T00:34:00","slug":"quem-somos","status":"publish","type":"page","link":"https:\/\/bitesofpleasure.com\/it\/quem-somos\/","title":{"rendered":"Chi siamo"},"content":{"rendered":"<p>Benvenuti nel blog BitesofPleasure, fondato nel 2023, un portale dedicato ad offrire informazioni preziose alla societ\u00e0. La nostra missione \u00e8 promuovere la democratizzazione della conoscenza e dell\u2019informazione.<\/p>\n<p>Crediamo fermamente che l&#039;accesso a informazioni strutturate e di alta qualit\u00e0 sia un pilastro fondamentale per il progresso della societ\u00e0. Noi di BitesofPleasure ci impegniamo a fornire contenuti affidabili e arricchenti che contribuiscano all&#039;educazione e allo sviluppo personale dei nostri lettori.<\/p>\n<p>Il nostro team \u00e8 composto da professionisti appassionati di condividere conoscenze e approfondimenti in diverse aree, garantendo che ogni articolo, guida o analisi non sia solo informativo, ma anche stimolante e accessibile a tutti.<\/p>\n<p>Noi di BitesofPleasure siamo sempre alla ricerca di nuovi modi per rendere le informazioni pi\u00f9 accessibili e pi\u00f9 facili da comprendere, poich\u00e9 crediamo che l&#039;istruzione sia la chiave per un futuro migliore. Unisciti a noi in questo viaggio di scoperta e crescita!<\/p>","protected":false},"excerpt":{"rendered":"<p>Benvenuti nel blog BitesofPleasure, fondato nel 2023, un portale dedicato ad offrire informazioni preziose alla societ\u00e0. La nostra missione \u00e8 promuovere la democratizzazione della conoscenza\u2026<\/p>","protected":false},"author":1,"featured_media":0,"parent":0,"menu_order":0,"comment_status":"closed","ping_status":"closed","template":"","meta":{"footnotes":""},"class_list":["post-1234","page","type-page","status-publish","hentry"],"_links":{"self":[{"href":"https:\/\/bitesofpleasure.com\/it\/wp-json\/wp\/v2\/pages\/1234","targetHints":{"allow":["GET"]}}],"collection":[{"href":"https:\/\/bitesofpleasure.com\/it\/wp-json\/wp\/v2\/pages"}],"about":[{"href":"https:\/\/bitesofpleasure.com\/it\/wp-json\/wp\/v2\/types\/page"}],"author":[{"embeddable":true,"href":"https:\/\/bitesofpleasure.com\/it\/wp-json\/wp\/v2\/users\/1"}],"replies":[{"embeddable":true,"href":"https:\/\/bitesofpleasure.com\/it\/wp-json\/wp\/v2\/comments?post=1234"}],"version-history":[{"count":1,"href":"https:\/\/bitesofpleasure.com\/it\/wp-json\/wp\/v2\/pages\/1234\/revisions"}],"predecessor-version":[{"id":1235,"href":"https:\/\/bitesofpleasure.com\/it\/wp-json\/wp\/v2\/pages\/1234\/revisions\/1235"}],"wp:attachment":[{"href":"https:\/\/bitesofpleasure.com\/it\/wp-json\/wp\/v2\/media?parent=1234"}],"curies":[{"name":"wp","href":"https:\/\/api.w.org\/{rel}","templated":true}]}}