{"id":3,"date":"2024-01-02T10:18:24","date_gmt":"2024-01-02T13:18:24","guid":{"rendered":"http:\/\/bitesofpleasure.com\/?page_id=3"},"modified":"2024-01-02T21:38:02","modified_gmt":"2024-01-03T00:38:02","slug":"politica-de-privacidade","status":"publish","type":"page","link":"https:\/\/bitesofpleasure.com\/hu\/politica-de-privacidade\/","title":{"rendered":"Adatv\u00e9delmi ir\u00e1nyelvek"},"content":{"rendered":"<div class=\"flex-1 overflow-hidden\">\r\n<div class=\"react-scroll-to-bottom--css-oabmi-79elbk h-full\">\r\n<div class=\"react-scroll-to-bottom--css-oabmi-1n7m0yu\">\r\n<div class=\"flex flex-col pb-9 text-sm\">\r\n<div class=\"w-full text-token-text-primary\" data-testid=\"conversation-turn-5\">\r\n<div class=\"px-4 py-2 justify-center text-base md:gap-6 m-auto\">\r\n<div class=\"flex flex-1 text-base mx-auto gap-3 md:px-5 lg:px-1 xl:px-5 md:max-w-3xl lg:max-w-[40rem] xl:max-w-[48rem] group final-completion\">\r\n<div class=\"relative flex w-full flex-col lg:w-[calc(100%-115px)] agent-turn\">\r\n<div class=\"flex-col gap-1 md:gap-3\">\r\n<div class=\"flex flex-grow flex-col max-w-full\">\r\n<div class=\"min-h-[20px] text-message flex flex-col items-start gap-3 whitespace-pre-wrap break-words [.text-message+&amp;]:mt-5 overflow-x-auto\" data-message-author-role=\"assistant\" data-message-id=\"35a68a1c-073e-4aa0-903f-9e246ece482d\">\r\n<div class=\"markdown prose w-full break-words dark:prose-invert light\">\r\n<p>Ez a BitesofPleasure adatv\u00e9delmi szab\u00e1lyzata, amely a k\u00f6vetkez\u0151 c\u00edmen \u00e9rhet\u0151 el <a href=\"http:\/\/bitesofpleasure.com\/\" target=\"_new\" rel=\"noopener\">www.bitesofpleasure.com<\/a><\/p>\r\n<p><strong>Mik azok a s\u00fctik?<\/strong> A legt\u00f6bb professzion\u00e1lis webhelyhez hasonl\u00f3an a BitesofPleasure is cookie-kat, kis f\u00e1jlokat haszn\u00e1l az \u00d6n k\u00e9sz\u00fcl\u00e9k\u00e9re, hogy optimaliz\u00e1lja a b\u00f6ng\u00e9sz\u00e9si \u00e9lm\u00e9nyt. Ez a r\u00e9sz elmagyar\u00e1zza, hogy ezek a cookie-k milyen inform\u00e1ci\u00f3kat gy\u0171jtenek, hogyan haszn\u00e1ljuk \u0151ket, \u00e9s mi\u00e9rt kell n\u00e9ha t\u00e1rolnunk \u0151ket. Azt is elmagyar\u00e1zzuk, hogyan akad\u00e1lyozhatja meg ezen cookie-k t\u00e1rol\u00e1s\u00e1t, amelyek befoly\u00e1solhatj\u00e1k az oldal m\u0171k\u00f6d\u00e9s\u00e9t. A cookie-kkal kapcsolatos tov\u00e1bbi inform\u00e1ci\u00f3k\u00e9rt tekintse meg a Wikip\u00e9dia HTTP-cookie-kr\u00f3l sz\u00f3l\u00f3 cikk\u00e9t.<\/p>\r\n<p><strong>Cookie-k haszn\u00e1lata<\/strong> Sz\u00e1mos okb\u00f3l haszn\u00e1lunk s\u00fctiket, amelyeket al\u00e1bb r\u00e9szletez\u00fcnk. Sok esetben nincsenek ipari szabv\u00e1nyos lehet\u0151s\u00e9gek a cookie-k letilt\u00e1s\u00e1ra an\u00e9lk\u00fcl, hogy ez befoly\u00e1soln\u00e1 a webhelyhez hozz\u00e1adott funkci\u00f3kat. Javasoljuk, hogy hagyjon minden cookie-t enged\u00e9lyezve, hacsak nem biztos abban, hogy nincs sz\u00fcks\u00e9ge r\u00e1juk.<\/p>\r\n<p><strong>A cookie-k letilt\u00e1sa<\/strong> A cookie-k be\u00e1ll\u00edt\u00e1s\u00e1t a b\u00f6ng\u00e9sz\u0151 be\u00e1ll\u00edt\u00e1sainak m\u00f3dos\u00edt\u00e1s\u00e1val blokkolhatja (az utas\u00edt\u00e1sokat l\u00e1sd a b\u00f6ng\u00e9sz\u0151 t\u00e1mogat\u00e1s\u00e1ban). A cookie-k letilt\u00e1sa azonban hat\u00e1ssal lehet ezen \u00e9s m\u00e1s megl\u00e1togatott webhelyek m\u0171k\u00f6d\u00e9s\u00e9re. Ez\u00e9rt nem javasolt a cookie-k letilt\u00e1sa.<\/p>\r\n<p><strong>Az \u00e1ltalunk haszn\u00e1lt s\u00fctik<\/strong><\/p>\r\n<ul>\r\n<li><strong>Webhely-konfigur\u00e1ci\u00f3s cookie-k:<\/strong> A szem\u00e9lyre szabott \u00e9lm\u00e9ny \u00e9rdek\u00e9ben lehet\u0151s\u00e9get k\u00edn\u00e1lunk a b\u00f6ng\u00e9sz\u00e9si be\u00e1ll\u00edt\u00e1sok m\u00f3dos\u00edt\u00e1s\u00e1ra. Cookie-kat haszn\u00e1lunk, hogy eml\u00e9kezz\u00fcnk a v\u00e1laszt\u00e1saira, \u00e9s t\u00e1roljuk ezeket az inform\u00e1ci\u00f3kat a j\u00f6v\u0151beli l\u00e1togat\u00e1sokhoz.<\/li>\r\n<li><strong>Partner Cookie-k:<\/strong> Bizonyos helyzetekben a partnerc\u00e9gekt\u0151l sz\u00e1rmaz\u00f3 cookie-kat haszn\u00e1lunk. Az al\u00e1bbiakban r\u00e9szletezz\u00fck, hogy mely harmadik f\u00e9lt\u0151l sz\u00e1rmaz\u00f3 cookie-kkal tal\u00e1lkozhat weboldalunkon.<\/li>\r\n<li><strong>A Google Analytics:<\/strong> Ezt az elemz\u0151 eszk\u00f6zt arra haszn\u00e1ljuk, hogy meg\u00e9rts\u00fck, hogyan l\u00e9p kapcsolatba a webhely\u00fcnkkel, \u00e9s jav\u00edtsuk a felhaszn\u00e1l\u00f3i \u00e9lm\u00e9nyt. Ezek a s\u00fctik olyan szempontokat k\u00f6vetnek nyomon, mint a l\u00e1togat\u00e1s hossza \u00e9s a felkeresett oldalak. Tov\u00e1bbi inform\u00e1ci\u00f3\u00e9rt keresse fel a hivatalos Google Analytics oldalt.<\/li>\r\n<li><strong>Google AdSense:<\/strong> Az AdSense szolg\u00e1ltat\u00e1st haszn\u00e1ljuk a hirdet\u00e9sek megjelen\u00edt\u00e9s\u00e9re, amely DoubleClick cookie-t haszn\u00e1l a relev\u00e1nsabb hirdet\u00e9sek megjelen\u00edt\u00e9s\u00e9re \u00e9s egy adott hirdet\u00e9s gyakoris\u00e1g\u00e1nak szab\u00e1lyoz\u00e1s\u00e1ra. Tov\u00e1bbi r\u00e9szletek\u00e9rt tekintse meg a Google AdSense adatv\u00e9delmi GYIK r\u00e9sz\u00e9t.<\/li>\r\n<\/ul>\r\n<p><strong>tov\u00e1bbi inform\u00e1ci\u00f3<\/strong> Rem\u00e9lj\u00fck, siker\u00fclt tiszt\u00e1zni k\u00e9ts\u00e9geit. Amint m\u00e1r eml\u00edtett\u00fck, a jobb webhely\u00e9lm\u00e9ny \u00e9rdek\u00e9ben aj\u00e1nlatos a cookie-kat akt\u00edvan tartani. Ha tov\u00e1bbi inform\u00e1ci\u00f3ra van sz\u00fcks\u00e9ge, forduljon hozz\u00e1nk e-mailben: <a target=\"_new\" rel=\"noopener\">contato@bitesofpleasure.com<\/a>.<\/p>\r\n<\/div>\r\n<\/div>\r\n<\/div>\r\n<\/div>\r\n<\/div>\r\n<\/div>\r\n<\/div>\r\n<\/div>\r\n<\/div>\r\n<\/div>\r\n<\/div>\r\n<\/div>","protected":false},"excerpt":{"rendered":"<p>Ez a BitesofPleasure adatv\u00e9delmi szab\u00e1lyzata, amely a www.bitesofpleasure.com oldalon \u00e9rhet\u0151 el. Mik azok a s\u00fctik? A legt\u00f6bb professzion\u00e1lis weboldalhoz hasonl\u00f3an a BitesofPleasure is s\u00fctiket haszn\u00e1l,\u2026<\/p>","protected":false},"author":1,"featured_media":0,"parent":0,"menu_order":0,"comment_status":"closed","ping_status":"open","template":"","meta":{"footnotes":""},"class_list":["post-3","page","type-page","status-publish","hentry"],"_links":{"self":[{"href":"https:\/\/bitesofpleasure.com\/hu\/wp-json\/wp\/v2\/pages\/3","targetHints":{"allow":["GET"]}}],"collection":[{"href":"https:\/\/bitesofpleasure.com\/hu\/wp-json\/wp\/v2\/pages"}],"about":[{"href":"https:\/\/bitesofpleasure.com\/hu\/wp-json\/wp\/v2\/types\/page"}],"author":[{"embeddable":true,"href":"https:\/\/bitesofpleasure.com\/hu\/wp-json\/wp\/v2\/users\/1"}],"replies":[{"embeddable":true,"href":"https:\/\/bitesofpleasure.com\/hu\/wp-json\/wp\/v2\/comments?post=3"}],"version-history":[{"count":2,"href":"https:\/\/bitesofpleasure.com\/hu\/wp-json\/wp\/v2\/pages\/3\/revisions"}],"predecessor-version":[{"id":1233,"href":"https:\/\/bitesofpleasure.com\/hu\/wp-json\/wp\/v2\/pages\/3\/revisions\/1233"}],"wp:attachment":[{"href":"https:\/\/bitesofpleasure.com\/hu\/wp-json\/wp\/v2\/media?parent=3"}],"curies":[{"name":"wp","href":"https:\/\/api.w.org\/{rel}","templated":true}]}}