{"id":1292,"date":"2024-01-08T22:42:09","date_gmt":"2024-01-09T01:42:09","guid":{"rendered":"http:\/\/bitesofpleasure.com\/?page_id=1292"},"modified":"2024-01-08T23:14:46","modified_gmt":"2024-01-09T02:14:46","slug":"os-5-aplicativos-que-vao-transformar-sua-vida-amorosa","status":"publish","type":"page","link":"https:\/\/bitesofpleasure.com\/hu\/os-5-aplicativos-que-vao-transformar-sua-vida-amorosa\/","title":{"rendered":"5 alkalmaz\u00e1s, ami \u00e1talak\u00edtja a szerelmi \u00e9leted!"},"content":{"rendered":"<div class=\"w-full text-token-text-primary\" data-testid=\"conversation-turn-3\">\n<div class=\"px-4 py-2 justify-center text-base md:gap-6 m-auto\">\n<div class=\"flex flex-1 text-base mx-auto gap-3 md:px-5 lg:px-1 xl:px-5 md:max-w-3xl lg:max-w-[40rem] xl:max-w-[48rem] group final-completion\">\n<div class=\"relative flex w-full flex-col lg:w-[calc(100%-115px)] agent-turn\">\n<div class=\"flex-col gap-1 md:gap-3\">\n<div class=\"flex flex-grow flex-col max-w-full\">\n<div class=\"min-h-[20px] text-message flex flex-col items-start gap-3 whitespace-pre-wrap break-words [.text-message+&amp;]:mt-5 overflow-x-auto\" data-message-author-role=\"assistant\" data-message-id=\"7b2263fe-19dd-4a5e-9de6-94cbab094208\">\n<div class=\"markdown prose w-full break-words dark:prose-invert light\">\n<p>K\u00e9pzeld el, hogy felfedezed a technol\u00f3gia vil\u00e1g\u00e1t, hogy gazdag\u00edtsd a szerelmi \u00e9letedet.<\/p>\n<p style=\"text-align: center;\"><a class=\"mb-button mb-style-flat mb-size-default mb-corners-pill mb-text-style-default\" style=\"background-color: #db2c2c;\" href=\"http:\/\/bitesofpleasure.com\/o-mundo-dos-relacionamentos-virtuais-os-melhores-aplicativos-para-conectar-coracoes\/\"> \u00a0<i class=\"fa fa-arrow-right\"><\/i>\u00a0 Tanuld meg, hogyan kell randizni<\/a><\/p>\n<p style=\"text-align: center;\"><a class=\"mb-button mb-style-flat mb-size-default mb-corners-pill mb-text-style-default\" style=\"background-color: #c42b9c;\" href=\"http:\/\/bitesofpleasure.com\/o-mundo-dos-relacionamentos-virtuais-os-melhores-aplicativos-para-conectar-coracoes\/\">\u00a0<i class=\"fa fa-arrow-right\"><\/i>\u00a0 N\u00c9ZD MEG, HOGYAN TAL\u00c1LKOZHATSZ EMBEREKKEL<\/a><\/p>\n<h6 style=\"text-align: center;\">A jelenlegi oldalon maradsz<\/h6>\n<p>Manaps\u00e1g sz\u00e1mos t\u00e1rskeres\u0151 alkalmaz\u00e1s k\u00f6z\u00fcl v\u00e1laszthatunk, hogy kiel\u00e9g\u00edts\u00fck a legk\u00fcl\u00f6nf\u00e9l\u00e9bb ig\u00e9nyeket \u00e9s preferenci\u00e1kat. Ak\u00e1r valami laz\u00e1bbra, ak\u00e1r egy tartalmasabb kapcsolatra v\u00e1gysz, ezek az alkalmaz\u00e1sok szem\u00e9lyre szabott \u00e9lm\u00e9nyt k\u00edn\u00e1lnak.<\/p>\n<p>Azok sz\u00e1m\u00e1ra, akik k\u00f6nnyed \u00e9s elk\u00f6telezetts\u00e9g n\u00e9lk\u00fcli m\u00f3don szeretn\u00e9nek elindulni, ezek az alkalmaz\u00e1sok ide\u00e1lis kiindul\u00f3pontot jelenthetnek. N\u00e9melyik\u00fck k\u00fcl\u00f6n\u00f6sen a n\u0151ket \u00f6szt\u00f6nzi az els\u0151 l\u00e9p\u00e9s megt\u00e9tel\u00e9re, kiegyens\u00falyozottabb \u00e9s felhatalmaz\u00f3bb dinamik\u00e1t hirdetve az online kapcsolatokban.<\/p>\n<p>Ezenk\u00edv\u00fcl vannak olyan platformok, amelyek a m\u00e9lyebb k\u00f6tel\u00e9kek kialak\u00edt\u00e1s\u00e1ra \u00f6sszpontos\u00edtanak, r\u00e9szletes profilok seg\u00edts\u00e9g\u00e9vel val\u00f3ban kompatibilis partnereket javasolva. Azok sz\u00e1m\u00e1ra, akik a h\u00e9tk\u00f6znapi tal\u00e1lkoz\u00e1sokat komolyabb\u00e1 szeretn\u00e9k tenni, vannak olyan alkalmaz\u00e1sok, amelyek a f\u00f6ldrajzi k\u00f6zels\u00e9get haszn\u00e1lj\u00e1k krit\u00e9riumk\u00e9nt, megnyitva a lehet\u0151s\u00e9geket a meglep\u0151 kapcsolatok kialakul\u00e1s\u00e1hoz.<\/p>\n<p>K\u00edv\u00e1ncsi vagy, hogyan seg\u00edthetnek ezek az alkalmaz\u00e1sok \u00e9rt\u00e9kes kapcsolatok ki\u00e9p\u00edt\u00e9s\u00e9ben? Olvass tov\u00e1bb, \u00e9s mer\u00fclj el az online randev\u00faz\u00e1s vil\u00e1g\u00e1ban.<\/p>\n<p>V\u00e9gigvezet\u00fcnk ezen alkalmaz\u00e1sok let\u00f6lt\u00e9s\u00e9nek \u00e9s haszn\u00e1lat\u00e1nak folyamat\u00e1n, a l\u00e9nyegre \u00f6sszpontos\u00edtva, hogy n\u00f6veld az es\u00e9lyeidet a szerelem megtal\u00e1l\u00e1s\u00e1ra. Itt kezd\u0151dik az utad egy teljesebb szerelmi \u00e9let fel\u00e9. Olvass tov\u00e1bb, \u00e9s fedezd fel az utat a lelki t\u00e1rsad megtal\u00e1l\u00e1s\u00e1hoz!<\/p>\n<\/div>\n<\/div>\n<\/div>\n<div class=\"mt-1 flex justify-start gap-3 empty:hidden\">\n<div class=\"text-gray-400 flex self-end lg:self-center justify-center lg:justify-start mt-0 -ml-1 visible\">\n<p>&nbsp;<\/p>\n<div class=\"flex\"><\/div>\n<div class=\"flex items-center gap-1.5 text-xs\"><\/div>\n<\/div>\n<\/div>\n<\/div>\n<\/div>\n<\/div>\n<\/div>\n<\/div>\n<div class=\"mx-auto\">\n<div data-projection-id=\"44\">\n<div class=\"mx-auto mt-2 inline-flex rounded-xl border border-gray-100 dark:border-gray-700\"><\/div>\n<\/div>\n<\/div>","protected":false},"excerpt":{"rendered":"<p>Imagine explorar o mundo da tecnologia para enriquecer sua vida amorosa. \u00a0\u00a0 SAIBA COMO TER ENCONTROS \u00a0\u00a0 VEJA COMO CONHECER PESSOAS Voc\u00ea permanecer\u00e1 no site&#8230;<\/p>","protected":false},"author":1,"featured_media":0,"parent":0,"menu_order":0,"comment_status":"closed","ping_status":"closed","template":"","meta":{"footnotes":""},"class_list":["post-1292","page","type-page","status-publish","hentry"],"_links":{"self":[{"href":"https:\/\/bitesofpleasure.com\/hu\/wp-json\/wp\/v2\/pages\/1292","targetHints":{"allow":["GET"]}}],"collection":[{"href":"https:\/\/bitesofpleasure.com\/hu\/wp-json\/wp\/v2\/pages"}],"about":[{"href":"https:\/\/bitesofpleasure.com\/hu\/wp-json\/wp\/v2\/types\/page"}],"author":[{"embeddable":true,"href":"https:\/\/bitesofpleasure.com\/hu\/wp-json\/wp\/v2\/users\/1"}],"replies":[{"embeddable":true,"href":"https:\/\/bitesofpleasure.com\/hu\/wp-json\/wp\/v2\/comments?post=1292"}],"version-history":[{"count":6,"href":"https:\/\/bitesofpleasure.com\/hu\/wp-json\/wp\/v2\/pages\/1292\/revisions"}],"predecessor-version":[{"id":1302,"href":"https:\/\/bitesofpleasure.com\/hu\/wp-json\/wp\/v2\/pages\/1292\/revisions\/1302"}],"wp:attachment":[{"href":"https:\/\/bitesofpleasure.com\/hu\/wp-json\/wp\/v2\/media?parent=1292"}],"curies":[{"name":"wp","href":"https:\/\/api.w.org\/{rel}","templated":true}]}}