{"id":1234,"date":"2024-01-02T21:34:00","date_gmt":"2024-01-03T00:34:00","guid":{"rendered":"http:\/\/bitesofpleasure.com\/?page_id=1234"},"modified":"2024-01-02T21:34:00","modified_gmt":"2024-01-03T00:34:00","slug":"quem-somos","status":"publish","type":"page","link":"https:\/\/bitesofpleasure.com\/hu\/quem-somos\/","title":{"rendered":"Kik vagyunk"},"content":{"rendered":"<p>\u00dcdv\u00f6z\u00f6lj\u00fck a 2023-ban alap\u00edtott BitesofPleasure Blogon, egy olyan port\u00e1lon, amely \u00e9rt\u00e9kes inform\u00e1ci\u00f3kat k\u00edn\u00e1l a t\u00e1rsadalomnak. K\u00fcldet\u00e9s\u00fcnk a tud\u00e1s \u00e9s inform\u00e1ci\u00f3 demokratiz\u00e1l\u00f3d\u00e1s\u00e1nak el\u0151seg\u00edt\u00e9se.<\/p>\n<p>Meggy\u0151z\u0151d\u00e9s\u00fcnk, hogy a struktur\u00e1lt, j\u00f3 min\u0151s\u00e9g\u0171 inform\u00e1ci\u00f3khoz val\u00f3 hozz\u00e1f\u00e9r\u00e9s a t\u00e1rsadalom fejl\u0151d\u00e9s\u00e9nek alapvet\u0151 pill\u00e9re. A BitesofPleasure-n\u00e1l elk\u00f6telezettek vagyunk amellett, hogy megb\u00edzhat\u00f3 \u00e9s gazdag\u00edt\u00f3 tartalmat biztos\u00edtsunk, amely hozz\u00e1j\u00e1rul olvas\u00f3ink oktat\u00e1s\u00e1hoz \u00e9s szem\u00e9lyes fejl\u0151d\u00e9s\u00e9hez.<\/p>\n<p>Csapatunk olyan szakemberekb\u0151l \u00e1ll, akik szenved\u00e9lyesen megosztj\u00e1k tud\u00e1sukat \u00e9s megl\u00e1t\u00e1saikat k\u00fcl\u00f6nb\u00f6z\u0151 ter\u00fcleteken, biztos\u00edtva, hogy minden cikk, \u00fatmutat\u00f3 vagy elemz\u00e9s ne csak informat\u00edv, hanem inspir\u00e1l\u00f3 \u00e9s mindenki sz\u00e1m\u00e1ra el\u00e9rhet\u0151 legyen.<\/p>\n<p>A BitesofPleasure-n\u00e1l mindig \u00faj utakat keres\u00fcnk az inform\u00e1ci\u00f3k hozz\u00e1f\u00e9rhet\u0151bb\u00e9 \u00e9s k\u00f6nnyebben \u00e9rthet\u0151bb\u00e9 t\u00e9tel\u00e9re, mivel hissz\u00fck, hogy az oktat\u00e1s a kulcs egy jobb j\u00f6v\u0151h\u00f6z. Csatlakozzon hozz\u00e1nk ezen a felfedez\u00e9s \u00e9s n\u00f6veked\u00e9s \u00fatj\u00e1n!<\/p>","protected":false},"excerpt":{"rendered":"<p>\u00dcdv\u00f6z\u00f6lj\u00fck a 2023-ban alap\u00edtott BitesofPleasure Blogon, egy olyan port\u00e1lon, amely \u00e9rt\u00e9kes inform\u00e1ci\u00f3kat k\u00edn\u00e1l a t\u00e1rsadalomnak. K\u00fcldet\u00e9s\u00fcnk a tud\u00e1s demokratiz\u00e1l\u00e1s\u00e1nak el\u0151seg\u00edt\u00e9se\u2026<\/p>","protected":false},"author":1,"featured_media":0,"parent":0,"menu_order":0,"comment_status":"closed","ping_status":"closed","template":"","meta":{"footnotes":""},"class_list":["post-1234","page","type-page","status-publish","hentry"],"_links":{"self":[{"href":"https:\/\/bitesofpleasure.com\/hu\/wp-json\/wp\/v2\/pages\/1234","targetHints":{"allow":["GET"]}}],"collection":[{"href":"https:\/\/bitesofpleasure.com\/hu\/wp-json\/wp\/v2\/pages"}],"about":[{"href":"https:\/\/bitesofpleasure.com\/hu\/wp-json\/wp\/v2\/types\/page"}],"author":[{"embeddable":true,"href":"https:\/\/bitesofpleasure.com\/hu\/wp-json\/wp\/v2\/users\/1"}],"replies":[{"embeddable":true,"href":"https:\/\/bitesofpleasure.com\/hu\/wp-json\/wp\/v2\/comments?post=1234"}],"version-history":[{"count":1,"href":"https:\/\/bitesofpleasure.com\/hu\/wp-json\/wp\/v2\/pages\/1234\/revisions"}],"predecessor-version":[{"id":1235,"href":"https:\/\/bitesofpleasure.com\/hu\/wp-json\/wp\/v2\/pages\/1234\/revisions\/1235"}],"wp:attachment":[{"href":"https:\/\/bitesofpleasure.com\/hu\/wp-json\/wp\/v2\/media?parent=1234"}],"curies":[{"name":"wp","href":"https:\/\/api.w.org\/{rel}","templated":true}]}}