{"id":1214,"date":"2024-01-02T21:30:35","date_gmt":"2024-01-03T00:30:35","guid":{"rendered":"http:\/\/bitesofpleasure.com\/?page_id=1214"},"modified":"2024-01-02T21:32:32","modified_gmt":"2024-01-03T00:32:32","slug":"termos-de-uso","status":"publish","type":"page","link":"https:\/\/bitesofpleasure.com\/hu\/termos-de-uso\/","title":{"rendered":"Haszn\u00e1lati felt\u00e9telek"},"content":{"rendered":"<p>\u00dcdv\u00f6z\u00f6lj\u00fck a BitesofPleasure Cookie-szab\u00e1lyzatban, amely a k\u00f6vetkez\u0151 c\u00edmen \u00e9rhet\u0151 el <a href=\"http:\/\/bitesofpleasure.com\/\" target=\"_new\" rel=\"noopener\">www.bitesofpleasure.com<\/a><\/p>\n<p><strong>Mik azok a s\u00fctik?<\/strong> A legt\u00f6bb professzion\u00e1lis webhelyhez hasonl\u00f3an a BitesofPleasure is cookie-kat, kis f\u00e1jlokat haszn\u00e1l az \u00d6n k\u00e9sz\u00fcl\u00e9k\u00e9re, hogy optimaliz\u00e1lja a b\u00f6ng\u00e9sz\u00e9si \u00e9lm\u00e9nyt. Ez a r\u00e9sz r\u00e9szletezi, hogy a cookie-k milyen inform\u00e1ci\u00f3kat gy\u0171jtenek, hogyan haszn\u00e1ljuk \u0151ket, \u00e9s mi\u00e9rt kell bizonyos esetekben t\u00e1rolnunk azokat. Azt is elmagyar\u00e1zzuk, hogyan akad\u00e1lyozhatja meg ezeknek a cookie-knak a t\u00e1rol\u00e1s\u00e1t, b\u00e1r ez hat\u00e1ssal lehet az oldal m\u0171k\u00f6d\u00e9s\u00e9re. A cookie-kkal kapcsolatos tov\u00e1bbi inform\u00e1ci\u00f3k\u00e9rt tekintse meg a Wikip\u00e9dia HTTP-cookie-kr\u00f3l sz\u00f3l\u00f3 cikk\u00e9t.<\/p>\n<p><strong>Cookie-kra vonatkoz\u00f3 szab\u00e1lyzatunk<\/strong> Sz\u00e1mos okb\u00f3l haszn\u00e1lunk s\u00fctiket, amelyeket al\u00e1bb r\u00e9szletez\u00fcnk. Sok esetben nincsenek ipari szabv\u00e1nyos lehet\u0151s\u00e9gek a cookie-k letilt\u00e1s\u00e1ra an\u00e9lk\u00fcl, hogy ez befoly\u00e1soln\u00e1 a webhelyhez hozz\u00e1adott funkci\u00f3kat. Javasoljuk, hogy hagyjon minden cookie-t enged\u00e9lyezve, hacsak nem biztos abban, hogy nincs sz\u00fcks\u00e9ge r\u00e1juk.<\/p>\n<p><strong>A cookie-k blokkol\u00e1sa<\/strong> A cookie-k be\u00e1ll\u00edt\u00e1s\u00e1t a b\u00f6ng\u00e9sz\u0151 be\u00e1ll\u00edt\u00e1sainak m\u00f3dos\u00edt\u00e1s\u00e1val blokkolhatja (az utas\u00edt\u00e1sokat l\u00e1sd a b\u00f6ng\u00e9sz\u0151 t\u00e1mogat\u00e1s\u00e1ban). K\u00e9rj\u00fck azonban, vegye figyelembe, hogy a cookie-k letilt\u00e1sa hat\u00e1ssal lehet ezen \u00e9s m\u00e1s megl\u00e1togatott webhelyek m\u0171k\u00f6d\u00e9s\u00e9re. Ez\u00e9rt nem javasolt a cookie-k letilt\u00e1sa.<\/p>\n<p><strong>Az \u00e1ltalunk haszn\u00e1lt s\u00fctik<\/strong><\/p>\n<ul>\n<li><strong>Webhely-konfigur\u00e1ci\u00f3s cookie-k:<\/strong> Annak \u00e9rdek\u00e9ben, hogy szem\u00e9lyre szabott \u00e9lm\u00e9nyt ny\u00fajtsunk weboldalunkon, lehet\u0151s\u00e9get k\u00edn\u00e1lunk a b\u00f6ng\u00e9sz\u00e9si be\u00e1ll\u00edt\u00e1sok m\u00f3dos\u00edt\u00e1s\u00e1ra. Cookie-kat haszn\u00e1lunk, hogy eml\u00e9kezz\u00fcnk a v\u00e1laszt\u00e1saira, \u00e9s t\u00e1roljuk ezeket az inform\u00e1ci\u00f3kat a j\u00f6v\u0151beli l\u00e1togat\u00e1sokhoz.<\/li>\n<li><strong>Partner Cookie-k:<\/strong> Bizonyos helyzetekben a partnerc\u00e9gekt\u0151l sz\u00e1rmaz\u00f3 cookie-kat haszn\u00e1lunk. A k\u00f6vetkez\u0151 r\u00e9szben k\u00f6z\u00f6lj\u00fck, hogy mely harmadik f\u00e9lt\u0151l sz\u00e1rmaz\u00f3 cookie-kkal tal\u00e1lkozhat weboldalunkon.<\/li>\n<\/ul>\n<p><strong>Analytics \u00e9s hirdet\u00e9si eszk\u00f6z\u00f6k<\/strong><\/p>\n<ul>\n<li><strong>A Google Analytics:<\/strong> Ezt a n\u00e9pszer\u0171 elemz\u0151 eszk\u00f6zt arra haszn\u00e1ljuk, hogy meg\u00e9rts\u00fck, hogyan l\u00e9p kapcsolatba a webhely\u00fcnkkel, \u00e9s jav\u00edtsuk a felhaszn\u00e1l\u00f3i \u00e9lm\u00e9nyt. Ezek a cookie-k olyan szempontokat k\u00f6vetnek nyomon, mint p\u00e9ld\u00e1ul a l\u00e1togat\u00e1s id\u0151pontja \u00e9s a felkeresett oldalak. A Google Analytics szolg\u00e1ltat\u00e1ssal kapcsolatos tov\u00e1bbi inform\u00e1ci\u00f3k\u00e9rt l\u00e1togasson el a hivatalos oldalra.<\/li>\n<li><strong>Google AdSense:<\/strong> Az AdSense szolg\u00e1ltat\u00e1st haszn\u00e1ljuk a hirdet\u00e9sek megjelen\u00edt\u00e9s\u00e9re. DoubleClick cookie-t haszn\u00e1l a relev\u00e1nsabb hirdet\u00e9sek megjelen\u00edt\u00e9s\u00e9hez \u00e9s a hirdet\u00e9sek gyakoris\u00e1g\u00e1nak korl\u00e1toz\u00e1s\u00e1hoz. A Google AdSense szolg\u00e1ltat\u00e1ssal kapcsolatos tov\u00e1bbi inform\u00e1ci\u00f3k\u00e9rt tekintse meg a Google AdSense adatv\u00e9delmi GYIK r\u00e9sz\u00e9t.<\/li>\n<\/ul>\n<p><strong>tov\u00e1bbi inform\u00e1ci\u00f3<\/strong> Rem\u00e9lj\u00fck, hogy ez az inform\u00e1ci\u00f3 hasznos volt. Amint m\u00e1r eml\u00edtett\u00fck, a jobb webhely\u00e9lm\u00e9ny \u00e9rdek\u00e9ben tan\u00e1csos akt\u00edvan tartani a cookie-kat. Ha tov\u00e1bbi inform\u00e1ci\u00f3ra van sz\u00fcks\u00e9ge, k\u00e9rj\u00fck, ne habozzon kapcsolatba l\u00e9pni vel\u00fcnk az al\u00e1bbi el\u00e9rhet\u0151s\u00e9geken: <a target=\"_new\" rel=\"noopener\">contato@bitesofpleasure.com<\/a>.<\/p>","protected":false},"excerpt":{"rendered":"<p>\u00dcdv\u00f6z\u00f6lj\u00fck a BitesofPleasure Cookie-szab\u00e1lyzat\u00e1ban, amely a www.bitesofpleasure.com oldalon \u00e9rhet\u0151 el. Mik azok a cookie-k? A legt\u00f6bb professzion\u00e1lis weboldalhoz hasonl\u00f3an a BitesofPleasure is s\u00fctiket haszn\u00e1l,\u2026<\/p>","protected":false},"author":1,"featured_media":0,"parent":0,"menu_order":0,"comment_status":"closed","ping_status":"closed","template":"","meta":{"footnotes":""},"class_list":["post-1214","page","type-page","status-publish","hentry"],"_links":{"self":[{"href":"https:\/\/bitesofpleasure.com\/hu\/wp-json\/wp\/v2\/pages\/1214","targetHints":{"allow":["GET"]}}],"collection":[{"href":"https:\/\/bitesofpleasure.com\/hu\/wp-json\/wp\/v2\/pages"}],"about":[{"href":"https:\/\/bitesofpleasure.com\/hu\/wp-json\/wp\/v2\/types\/page"}],"author":[{"embeddable":true,"href":"https:\/\/bitesofpleasure.com\/hu\/wp-json\/wp\/v2\/users\/1"}],"replies":[{"embeddable":true,"href":"https:\/\/bitesofpleasure.com\/hu\/wp-json\/wp\/v2\/comments?post=1214"}],"version-history":[{"count":1,"href":"https:\/\/bitesofpleasure.com\/hu\/wp-json\/wp\/v2\/pages\/1214\/revisions"}],"predecessor-version":[{"id":1215,"href":"https:\/\/bitesofpleasure.com\/hu\/wp-json\/wp\/v2\/pages\/1214\/revisions\/1215"}],"wp:attachment":[{"href":"https:\/\/bitesofpleasure.com\/hu\/wp-json\/wp\/v2\/media?parent=1214"}],"curies":[{"name":"wp","href":"https:\/\/api.w.org\/{rel}","templated":true}]}}