{"id":3,"date":"2024-01-02T10:18:24","date_gmt":"2024-01-02T13:18:24","guid":{"rendered":"http:\/\/bitesofpleasure.com\/?page_id=3"},"modified":"2024-01-02T21:38:02","modified_gmt":"2024-01-03T00:38:02","slug":"politica-de-privacidade","status":"publish","type":"page","link":"https:\/\/bitesofpleasure.com\/fr\/politica-de-privacidade\/","title":{"rendered":"politique de confidentialit\u00e9"},"content":{"rendered":"<div class=\"flex-1 overflow-hidden\">\r\n<div class=\"react-scroll-to-bottom--css-oabmi-79elbk h-full\">\r\n<div class=\"react-scroll-to-bottom--css-oabmi-1n7m0yu\">\r\n<div class=\"flex flex-col pb-9 text-sm\">\r\n<div class=\"w-full text-token-text-primary\" data-testid=\"conversation-turn-5\">\r\n<div class=\"px-4 py-2 justify-center text-base md:gap-6 m-auto\">\r\n<div class=\"flex flex-1 text-base mx-auto gap-3 md:px-5 lg:px-1 xl:px-5 md:max-w-3xl lg:max-w-[40rem] xl:max-w-[48rem] group final-completion\">\r\n<div class=\"relative flex w-full flex-col lg:w-[calc(100%-115px)] agent-turn\">\r\n<div class=\"flex-col gap-1 md:gap-3\">\r\n<div class=\"flex flex-grow flex-col max-w-full\">\r\n<div class=\"min-h-[20px] text-message flex flex-col items-start gap-3 whitespace-pre-wrap break-words [.text-message+&amp;]:mt-5 overflow-x-auto\" data-message-author-role=\"assistant\" data-message-id=\"35a68a1c-073e-4aa0-903f-9e246ece482d\">\r\n<div class=\"markdown prose w-full break-words dark:prose-invert light\">\r\n<p>Ceci est la politique de confidentialit\u00e9 de BitesofPleasure, accessible \u00e0 l&#039;adresse <a href=\"http:\/\/bitesofpleasure.com\/\" target=\"_new\" rel=\"noopener\">www.bitesofpleasure.com<\/a><\/p>\r\n<p><strong>Que sont les cookies ?<\/strong> Comme la plupart des sites Internet professionnels, BitesofPleasure utilise des cookies, petits fichiers transf\u00e9r\u00e9s sur votre appareil, pour optimiser votre exp\u00e9rience de navigation. Cette section explique quelles informations ces cookies collectent, comment nous les utilisons et pourquoi nous devons parfois les stocker. Nous vous expliquerons \u00e9galement comment vous pouvez emp\u00eacher le stockage de ces cookies, ce qui pourrait affecter la fonctionnalit\u00e9 du site. Pour plus d&#039;informations sur les cookies, consultez l&#039;article Wikip\u00e9dia sur les cookies HTTP.<\/p>\r\n<p><strong>Utilisation des cookies<\/strong> Nous utilisons des cookies pour un certain nombre de raisons, d\u00e9taill\u00e9es ci-dessous. Dans de nombreux cas, il n&#039;existe aucune option standard de l&#039;industrie pour d\u00e9sactiver les cookies sans affecter les fonctionnalit\u00e9s ajout\u00e9es \u00e0 ce site. Nous vous recommandons de laisser tous les cookies activ\u00e9s, sauf si vous \u00eates s\u00fbr de ne pas en avoir besoin.<\/p>\r\n<p><strong>Comment d\u00e9sactiver les cookies<\/strong> Vous pouvez bloquer l&#039;installation de cookies en ajustant les param\u00e8tres de votre navigateur (voir l&#039;assistance de votre navigateur pour les instructions). Cependant, la d\u00e9sactivation des cookies peut affecter la fonctionnalit\u00e9 de ce site et des autres sites Web que vous visitez. Il n\u2019est donc pas recommand\u00e9 de d\u00e9sactiver les cookies.<\/p>\r\n<p><strong>Cookies que nous utilisons<\/strong><\/p>\r\n<ul>\r\n<li><strong>Cookies de configuration du site\u00a0:<\/strong> Pour offrir une exp\u00e9rience personnalis\u00e9e, nous vous offrons la possibilit\u00e9 d&#039;ajuster vos pr\u00e9f\u00e9rences de navigation. Nous utilisons des cookies pour m\u00e9moriser vos choix et stocker ces informations pour de futures visites.<\/li>\r\n<li><strong>Cookies partenaires\u00a0:<\/strong> Dans certaines situations, nous utilisons des cookies de soci\u00e9t\u00e9s partenaires. Nous d\u00e9taillons ci-dessous les cookies tiers que vous pouvez rencontrer sur notre site Internet.<\/li>\r\n<li><strong>Google Analytics:<\/strong> Nous utilisons cet outil d&#039;analyse pour comprendre comment vous interagissez avec notre site Web et am\u00e9liorer votre exp\u00e9rience. Ces cookies suivent des aspects tels que la dur\u00e9e de la visite et les pages consult\u00e9es. Pour plus d&#039;informations, visitez la page officielle de Google Analytics.<\/li>\r\n<li><strong>Google adsense:<\/strong> Nous utilisons AdSense pour diffuser de la publicit\u00e9, qui utilise un cookie DoubleClick pour afficher des annonces plus pertinentes et contr\u00f4ler la fr\u00e9quence d&#039;une annonce sp\u00e9cifique. Pour plus de d\u00e9tails, consultez la FAQ sur la confidentialit\u00e9 de Google AdSense.<\/li>\r\n<\/ul>\r\n<p><strong>Informations Compl\u00e9mentaires<\/strong> Nous esp\u00e9rons avoir clarifi\u00e9 vos doutes. Comme mentionn\u00e9, il est conseill\u00e9 de garder les cookies actifs pour une meilleure exp\u00e9rience sur le site Web. Si vous avez besoin de plus d&#039;informations, veuillez nous contacter par email : <a target=\"_new\" rel=\"noopener\">contact@bitesofpleasure.com<\/a>.<\/p>\r\n<\/div>\r\n<\/div>\r\n<\/div>\r\n<\/div>\r\n<\/div>\r\n<\/div>\r\n<\/div>\r\n<\/div>\r\n<\/div>\r\n<\/div>\r\n<\/div>\r\n<\/div>","protected":false},"excerpt":{"rendered":"<p>Ceci est la politique de confidentialit\u00e9 de BitesofPleasure, accessible sur www.bitesofpleasure.com Que sont les cookies ? Comme la plupart des sites internet professionnels, BitesofPleasure utilise des cookies,\u2026<\/p>","protected":false},"author":1,"featured_media":0,"parent":0,"menu_order":0,"comment_status":"closed","ping_status":"open","template":"","meta":{"footnotes":""},"class_list":["post-3","page","type-page","status-publish","hentry"],"_links":{"self":[{"href":"https:\/\/bitesofpleasure.com\/fr\/wp-json\/wp\/v2\/pages\/3","targetHints":{"allow":["GET"]}}],"collection":[{"href":"https:\/\/bitesofpleasure.com\/fr\/wp-json\/wp\/v2\/pages"}],"about":[{"href":"https:\/\/bitesofpleasure.com\/fr\/wp-json\/wp\/v2\/types\/page"}],"author":[{"embeddable":true,"href":"https:\/\/bitesofpleasure.com\/fr\/wp-json\/wp\/v2\/users\/1"}],"replies":[{"embeddable":true,"href":"https:\/\/bitesofpleasure.com\/fr\/wp-json\/wp\/v2\/comments?post=3"}],"version-history":[{"count":2,"href":"https:\/\/bitesofpleasure.com\/fr\/wp-json\/wp\/v2\/pages\/3\/revisions"}],"predecessor-version":[{"id":1233,"href":"https:\/\/bitesofpleasure.com\/fr\/wp-json\/wp\/v2\/pages\/3\/revisions\/1233"}],"wp:attachment":[{"href":"https:\/\/bitesofpleasure.com\/fr\/wp-json\/wp\/v2\/media?parent=3"}],"curies":[{"name":"wp","href":"https:\/\/api.w.org\/{rel}","templated":true}]}}