{"id":1292,"date":"2024-01-08T22:42:09","date_gmt":"2024-01-09T01:42:09","guid":{"rendered":"http:\/\/bitesofpleasure.com\/?page_id=1292"},"modified":"2024-01-08T23:14:46","modified_gmt":"2024-01-09T02:14:46","slug":"os-5-aplicativos-que-vao-transformar-sua-vida-amorosa","status":"publish","type":"page","link":"https:\/\/bitesofpleasure.com\/fr\/os-5-aplicativos-que-vao-transformar-sua-vida-amorosa\/","title":{"rendered":"Les 5 applications qui vont transformer votre vie amoureuse !"},"content":{"rendered":"<div class=\"w-full text-token-text-primary\" data-testid=\"conversation-turn-3\">\n<div class=\"px-4 py-2 justify-center text-base md:gap-6 m-auto\">\n<div class=\"flex flex-1 text-base mx-auto gap-3 md:px-5 lg:px-1 xl:px-5 md:max-w-3xl lg:max-w-[40rem] xl:max-w-[48rem] group final-completion\">\n<div class=\"relative flex w-full flex-col lg:w-[calc(100%-115px)] agent-turn\">\n<div class=\"flex-col gap-1 md:gap-3\">\n<div class=\"flex flex-grow flex-col max-w-full\">\n<div class=\"min-h-[20px] text-message flex flex-col items-start gap-3 whitespace-pre-wrap break-words [.text-message+&amp;]:mt-5 overflow-x-auto\" data-message-author-role=\"assistant\" data-message-id=\"7b2263fe-19dd-4a5e-9de6-94cbab094208\">\n<div class=\"markdown prose w-full break-words dark:prose-invert light\">\n<p>Imaginez explorer le monde de la technologie pour enrichir votre vie amoureuse.<\/p>\n<p style=\"text-align: center;\"><a class=\"mb-button mb-style-flat mb-size-default mb-corners-pill mb-text-style-default\" style=\"background-color: #db2c2c;\" href=\"http:\/\/bitesofpleasure.com\/o-mundo-dos-relacionamentos-virtuais-os-melhores-aplicativos-para-conectar-coracoes\/\"> \u00a0<i class=\"fa fa-arrow-right\"><\/i>\u00a0 APPRENEZ \u00c0 AVOIR UN RENDEZ-VOUS<\/a><\/p>\n<p style=\"text-align: center;\"><a class=\"mb-button mb-style-flat mb-size-default mb-corners-pill mb-text-style-default\" style=\"background-color: #c42b9c;\" href=\"http:\/\/bitesofpleasure.com\/o-mundo-dos-relacionamentos-virtuais-os-melhores-aplicativos-para-conectar-coracoes\/\">\u00a0<i class=\"fa fa-arrow-right\"><\/i>\u00a0 VOIR COMMENT RENCONTRER DES GENS<\/a><\/p>\n<h6 style=\"text-align: center;\">Vous resterez sur le site actuel<\/h6>\n<p>Aujourd&#039;hui, nous disposons d&#039;une vari\u00e9t\u00e9 d&#039;applications de rencontre pour r\u00e9pondre \u00e0 tous les besoins et pr\u00e9f\u00e9rences. Que vous recherchiez une relation simple ou plus profonde, ces applications offrent des exp\u00e9riences personnalis\u00e9es.<\/p>\n<p>Pour ceux qui souhaitent d\u00e9marrer de mani\u00e8re l\u00e9g\u00e8re et sans engagement, ces applications peuvent \u00eatre un point de d\u00e9part id\u00e9al. Certaines d&#039;entre elles encouragent notamment les femmes \u00e0 faire le premier pas, favorisant ainsi une dynamique plus \u00e9quilibr\u00e9e et plus valorisante dans les relations en ligne.<\/p>\n<p>De plus, certaines plateformes se concentrent sur la cr\u00e9ation de liens plus profonds, utilisant des profils d\u00e9taill\u00e9s pour sugg\u00e9rer des correspondances r\u00e9ellement compatibles. Pour ceux qui souhaitent transformer des rencontres occasionnelles en rencontres plus s\u00e9rieuses, certaines applications se distinguent par leur proximit\u00e9 g\u00e9ographique, ouvrant ainsi la voie \u00e0 des rencontres surprenantes.<\/p>\n<p>Vous souhaitez savoir comment ces applications peuvent vous aider \u00e0 nouer des relations enrichissantes\u00a0? Poursuivez votre lecture pour d\u00e9couvrir l&#039;univers des rencontres en ligne.<\/p>\n<p>Nous vous guiderons tout au long du t\u00e9l\u00e9chargement et de l&#039;utilisation de ces applications, en nous concentrant sur les \u00e9l\u00e9ments essentiels pour augmenter vos chances de trouver l&#039;amour. Votre chemin vers une vie amoureuse plus \u00e9panouissante commence ici. Lisez la suite et d\u00e9couvrez comment trouver l&#039;\u00e2me s\u0153ur\u00a0!<\/p>\n<\/div>\n<\/div>\n<\/div>\n<div class=\"mt-1 flex justify-start gap-3 empty:hidden\">\n<div class=\"text-gray-400 flex self-end lg:self-center justify-center lg:justify-start mt-0 -ml-1 visible\">\n<p>&nbsp;<\/p>\n<div class=\"flex\"><\/div>\n<div class=\"flex items-center gap-1.5 text-xs\"><\/div>\n<\/div>\n<\/div>\n<\/div>\n<\/div>\n<\/div>\n<\/div>\n<\/div>\n<div class=\"mx-auto\">\n<div data-projection-id=\"44\">\n<div class=\"mx-auto mt-2 inline-flex rounded-xl border border-gray-100 dark:border-gray-700\"><\/div>\n<\/div>\n<\/div>","protected":false},"excerpt":{"rendered":"<p>Imaginez explorer le monde de la technologie pour enrichir votre vie amoureuse. APPRENEZ \u00c0 FAIRE DES RENCONTRES. D\u00c9COUVREZ COMMENT RENCONTRER DES GENS. Vous resterez sur le site\u2026<\/p>","protected":false},"author":1,"featured_media":0,"parent":0,"menu_order":0,"comment_status":"closed","ping_status":"closed","template":"","meta":{"footnotes":""},"class_list":["post-1292","page","type-page","status-publish","hentry"],"_links":{"self":[{"href":"https:\/\/bitesofpleasure.com\/fr\/wp-json\/wp\/v2\/pages\/1292","targetHints":{"allow":["GET"]}}],"collection":[{"href":"https:\/\/bitesofpleasure.com\/fr\/wp-json\/wp\/v2\/pages"}],"about":[{"href":"https:\/\/bitesofpleasure.com\/fr\/wp-json\/wp\/v2\/types\/page"}],"author":[{"embeddable":true,"href":"https:\/\/bitesofpleasure.com\/fr\/wp-json\/wp\/v2\/users\/1"}],"replies":[{"embeddable":true,"href":"https:\/\/bitesofpleasure.com\/fr\/wp-json\/wp\/v2\/comments?post=1292"}],"version-history":[{"count":6,"href":"https:\/\/bitesofpleasure.com\/fr\/wp-json\/wp\/v2\/pages\/1292\/revisions"}],"predecessor-version":[{"id":1302,"href":"https:\/\/bitesofpleasure.com\/fr\/wp-json\/wp\/v2\/pages\/1292\/revisions\/1302"}],"wp:attachment":[{"href":"https:\/\/bitesofpleasure.com\/fr\/wp-json\/wp\/v2\/media?parent=1292"}],"curies":[{"name":"wp","href":"https:\/\/api.w.org\/{rel}","templated":true}]}}