{"id":1234,"date":"2024-01-02T21:34:00","date_gmt":"2024-01-03T00:34:00","guid":{"rendered":"http:\/\/bitesofpleasure.com\/?page_id=1234"},"modified":"2024-01-02T21:34:00","modified_gmt":"2024-01-03T00:34:00","slug":"quem-somos","status":"publish","type":"page","link":"https:\/\/bitesofpleasure.com\/fr\/quem-somos\/","title":{"rendered":"Qui nous sommes"},"content":{"rendered":"<p>Bienvenue sur BitesofPleasure Blog, fond\u00e9 en 2023, un portail d\u00e9di\u00e9 \u00e0 offrir des informations pr\u00e9cieuses \u00e0 la soci\u00e9t\u00e9. Notre mission est de promouvoir la d\u00e9mocratisation du savoir et de l&#039;information.<\/p>\n<p>Nous sommes convaincus que l&#039;acc\u00e8s \u00e0 une information structur\u00e9e et de qualit\u00e9 constitue un pilier fondamental du progr\u00e8s de la soci\u00e9t\u00e9. Chez BitesofPleasure, nous nous engageons \u00e0 fournir un contenu fiable et enrichissant qui contribue \u00e0 l&#039;\u00e9ducation et au d\u00e9veloppement personnel de nos lecteurs.<\/p>\n<p>Notre \u00e9quipe est compos\u00e9e de professionnels passionn\u00e9s par le partage de connaissances et d\u2019id\u00e9es dans divers domaines, garantissant que chaque article, guide ou analyse est non seulement informatif, mais \u00e9galement inspirant et accessible \u00e0 tous.<\/p>\n<p>Chez BitesofPleasure, nous recherchons toujours de nouvelles fa\u00e7ons de rendre l&#039;information plus accessible et plus facile \u00e0 comprendre, car nous pensons que l&#039;\u00e9ducation est la cl\u00e9 d&#039;un avenir meilleur. Rejoignez-nous dans ce voyage de d\u00e9couverte et de croissance\u00a0!<\/p>","protected":false},"excerpt":{"rendered":"<p>Bienvenue sur BitesofPleasure Blog, fond\u00e9 en 2023, un portail d\u00e9di\u00e9 \u00e0 offrir des informations pr\u00e9cieuses \u00e0 la soci\u00e9t\u00e9. Notre mission est de promouvoir la d\u00e9mocratisation du savoir\u2026<\/p>","protected":false},"author":1,"featured_media":0,"parent":0,"menu_order":0,"comment_status":"closed","ping_status":"closed","template":"","meta":{"footnotes":""},"class_list":["post-1234","page","type-page","status-publish","hentry"],"_links":{"self":[{"href":"https:\/\/bitesofpleasure.com\/fr\/wp-json\/wp\/v2\/pages\/1234","targetHints":{"allow":["GET"]}}],"collection":[{"href":"https:\/\/bitesofpleasure.com\/fr\/wp-json\/wp\/v2\/pages"}],"about":[{"href":"https:\/\/bitesofpleasure.com\/fr\/wp-json\/wp\/v2\/types\/page"}],"author":[{"embeddable":true,"href":"https:\/\/bitesofpleasure.com\/fr\/wp-json\/wp\/v2\/users\/1"}],"replies":[{"embeddable":true,"href":"https:\/\/bitesofpleasure.com\/fr\/wp-json\/wp\/v2\/comments?post=1234"}],"version-history":[{"count":1,"href":"https:\/\/bitesofpleasure.com\/fr\/wp-json\/wp\/v2\/pages\/1234\/revisions"}],"predecessor-version":[{"id":1235,"href":"https:\/\/bitesofpleasure.com\/fr\/wp-json\/wp\/v2\/pages\/1234\/revisions\/1235"}],"wp:attachment":[{"href":"https:\/\/bitesofpleasure.com\/fr\/wp-json\/wp\/v2\/media?parent=1234"}],"curies":[{"name":"wp","href":"https:\/\/api.w.org\/{rel}","templated":true}]}}