{"id":1214,"date":"2024-01-02T21:30:35","date_gmt":"2024-01-03T00:30:35","guid":{"rendered":"http:\/\/bitesofpleasure.com\/?page_id=1214"},"modified":"2024-01-02T21:32:32","modified_gmt":"2024-01-03T00:32:32","slug":"termos-de-uso","status":"publish","type":"page","link":"https:\/\/bitesofpleasure.com\/fr\/termos-de-uso\/","title":{"rendered":"Conditions d&#039;utilisation"},"content":{"rendered":"<p>Bienvenue dans la politique de cookies de BitesofPleasure, accessible \u00e0 l&#039;adresse <a href=\"http:\/\/bitesofpleasure.com\/\" target=\"_new\" rel=\"noopener\">www.bitesofpleasure.com<\/a><\/p>\n<p><strong>Que sont les cookies ?<\/strong> Comme la plupart des sites internet professionnels, BitesofPleasure utilise des cookies, petits fichiers transf\u00e9r\u00e9s sur votre appareil, afin d&#039;optimiser votre exp\u00e9rience de navigation. Cette section d\u00e9taille quelles informations les cookies collectent, comment nous les utilisons et pourquoi, \u00e0 certaines occasions, nous devons les stocker. Nous vous expliquerons \u00e9galement comment vous pouvez emp\u00eacher le stockage de ces cookies, bien que cela puisse affecter la fonctionnalit\u00e9 du site. Pour plus d&#039;informations sur les cookies, consultez l&#039;article Wikip\u00e9dia sur les cookies HTTP.<\/p>\n<p><strong>Notre politique en mati\u00e8re de cookies<\/strong> Nous utilisons des cookies pour un certain nombre de raisons, d\u00e9taill\u00e9es ci-dessous. Dans de nombreux cas, il n&#039;existe aucune option standard de l&#039;industrie pour d\u00e9sactiver les cookies sans affecter les fonctionnalit\u00e9s ajout\u00e9es \u00e0 ce site. Nous vous recommandons de laisser tous les cookies activ\u00e9s, sauf si vous \u00eates s\u00fbr de ne pas en avoir besoin.<\/p>\n<p><strong>Comment bloquer les cookies<\/strong> Vous pouvez bloquer l&#039;installation de cookies en ajustant les param\u00e8tres de votre navigateur (voir l&#039;assistance de votre navigateur pour les instructions). Cependant, sachez que la d\u00e9sactivation des cookies peut affecter la fonctionnalit\u00e9 de ce site et des autres sites Web que vous visitez. Il n\u2019est donc pas recommand\u00e9 de d\u00e9sactiver les cookies.<\/p>\n<p><strong>Cookies que nous utilisons<\/strong><\/p>\n<ul>\n<li><strong>Cookies de configuration du site\u00a0:<\/strong> Afin de vous offrir une exp\u00e9rience personnalis\u00e9e sur notre site Internet, nous vous offrons la possibilit\u00e9 d&#039;ajuster vos pr\u00e9f\u00e9rences de navigation. Nous utilisons des cookies pour m\u00e9moriser vos choix et stocker ces informations pour de futures visites.<\/li>\n<li><strong>Cookies partenaires\u00a0:<\/strong> Dans certaines situations, nous utilisons des cookies de soci\u00e9t\u00e9s partenaires. Des d\u00e9tails sur les cookies tiers que vous pouvez rencontrer sur notre site Web seront fournis dans la section suivante.<\/li>\n<\/ul>\n<p><strong>Outils d&#039;analyse et de publicit\u00e9<\/strong><\/p>\n<ul>\n<li><strong>Google Analytics:<\/strong> Nous utilisons cet outil d&#039;analyse populaire pour comprendre comment vous interagissez avec notre site et am\u00e9liorer votre exp\u00e9rience. Ces cookies suivent des aspects tels que l&#039;heure de votre visite et les pages consult\u00e9es. Pour plus d&#039;informations sur Google Analytics, visitez la page officielle.<\/li>\n<li><strong>Google adsense:<\/strong> Nous utilisons AdSense pour diffuser de la publicit\u00e9. Il utilise un cookie DoubleClick pour diffuser des annonces plus pertinentes et limiter la fr\u00e9quence d&#039;une annonce. Pour plus d&#039;informations sur Google AdSense, consultez la FAQ sur la confidentialit\u00e9 de Google AdSense.<\/li>\n<\/ul>\n<p><strong>Informations Compl\u00e9mentaires<\/strong> Nous esp\u00e9rons que ces informations vous ont \u00e9t\u00e9 utiles. Comme mentionn\u00e9, il est conseill\u00e9 de garder les cookies actifs pour garantir une meilleure exp\u00e9rience sur le site Web. Si vous avez besoin de renseignements compl\u00e9mentaires, n&#039;h\u00e9sitez pas \u00e0 nous contacter \u00e0 : <a target=\"_new\" rel=\"noopener\">contact@bitesofpleasure.com<\/a>.<\/p>","protected":false},"excerpt":{"rendered":"<p>Bienvenue dans la politique relative aux cookies de BitesofPleasure, accessible sur www.bitesofpleasure.com Que sont les cookies ? Comme la plupart des sites internet professionnels, BitesofPleasure utilise des cookies,\u2026<\/p>","protected":false},"author":1,"featured_media":0,"parent":0,"menu_order":0,"comment_status":"closed","ping_status":"closed","template":"","meta":{"footnotes":""},"class_list":["post-1214","page","type-page","status-publish","hentry"],"_links":{"self":[{"href":"https:\/\/bitesofpleasure.com\/fr\/wp-json\/wp\/v2\/pages\/1214","targetHints":{"allow":["GET"]}}],"collection":[{"href":"https:\/\/bitesofpleasure.com\/fr\/wp-json\/wp\/v2\/pages"}],"about":[{"href":"https:\/\/bitesofpleasure.com\/fr\/wp-json\/wp\/v2\/types\/page"}],"author":[{"embeddable":true,"href":"https:\/\/bitesofpleasure.com\/fr\/wp-json\/wp\/v2\/users\/1"}],"replies":[{"embeddable":true,"href":"https:\/\/bitesofpleasure.com\/fr\/wp-json\/wp\/v2\/comments?post=1214"}],"version-history":[{"count":1,"href":"https:\/\/bitesofpleasure.com\/fr\/wp-json\/wp\/v2\/pages\/1214\/revisions"}],"predecessor-version":[{"id":1215,"href":"https:\/\/bitesofpleasure.com\/fr\/wp-json\/wp\/v2\/pages\/1214\/revisions\/1215"}],"wp:attachment":[{"href":"https:\/\/bitesofpleasure.com\/fr\/wp-json\/wp\/v2\/media?parent=1214"}],"curies":[{"name":"wp","href":"https:\/\/api.w.org\/{rel}","templated":true}]}}