{"id":3,"date":"2024-01-02T10:18:24","date_gmt":"2024-01-02T13:18:24","guid":{"rendered":"http:\/\/bitesofpleasure.com\/?page_id=3"},"modified":"2024-01-02T21:38:02","modified_gmt":"2024-01-03T00:38:02","slug":"politica-de-privacidade","status":"publish","type":"page","link":"https:\/\/bitesofpleasure.com\/es\/politica-de-privacidade\/","title":{"rendered":"Pol\u00edtica de privacidad"},"content":{"rendered":"<div class=\"flex-1 overflow-hidden\">\r\n<div class=\"react-scroll-to-bottom--css-oabmi-79elbk h-full\">\r\n<div class=\"react-scroll-to-bottom--css-oabmi-1n7m0yu\">\r\n<div class=\"flex flex-col pb-9 text-sm\">\r\n<div class=\"w-full text-token-text-primary\" data-testid=\"conversation-turn-5\">\r\n<div class=\"px-4 py-2 justify-center text-base md:gap-6 m-auto\">\r\n<div class=\"flex flex-1 text-base mx-auto gap-3 md:px-5 lg:px-1 xl:px-5 md:max-w-3xl lg:max-w-[40rem] xl:max-w-[48rem] group final-completion\">\r\n<div class=\"relative flex w-full flex-col lg:w-[calc(100%-115px)] agent-turn\">\r\n<div class=\"flex-col gap-1 md:gap-3\">\r\n<div class=\"flex flex-grow flex-col max-w-full\">\r\n<div class=\"min-h-[20px] text-message flex flex-col items-start gap-3 whitespace-pre-wrap break-words [.text-message+&amp;]:mt-5 overflow-x-auto\" data-message-author-role=\"assistant\" data-message-id=\"35a68a1c-073e-4aa0-903f-9e246ece482d\">\r\n<div class=\"markdown prose w-full break-words dark:prose-invert light\">\r\n<p>Esta es la Pol\u00edtica de Privacidad de BitesofPleasure, accesible en <a href=\"http:\/\/bitesofpleasure.com\/\" target=\"_new\" rel=\"noopener\">www.bitesofpleasure.com<\/a><\/p>\r\n<p><strong>\u00bfQu\u00e9 son las cookies?<\/strong> Como la mayor\u00eda de los sitios web profesionales, BitesofPleasure utiliza cookies, peque\u00f1os archivos transferidos a su dispositivo, para optimizar su experiencia de navegaci\u00f3n. Esta secci\u00f3n explica qu\u00e9 informaci\u00f3n recopilan estas cookies, c\u00f3mo las usamos y por qu\u00e9 a veces necesitamos almacenarlas. Tambi\u00e9n le explicaremos c\u00f3mo puede evitar que se almacenen estas cookies, lo que puede afectar la funcionalidad del sitio. Para obtener m\u00e1s informaci\u00f3n sobre las cookies, consulte el art\u00edculo de Wikipedia sobre cookies HTTP.<\/p>\r\n<p><strong>Uso de cookies<\/strong> Utilizamos cookies por varios motivos, que se detallan a continuaci\u00f3n. En muchos casos, no existen opciones est\u00e1ndar de la industria para deshabilitar las cookies sin afectar la funcionalidad agregada a este sitio. Recomendamos mantener todas las cookies habilitadas a menos que est\u00e9 seguro de que no las necesita.<\/p>\r\n<p><strong>C\u00f3mo deshabilitar las cookies<\/strong> Puede bloquear la configuraci\u00f3n de cookies ajustando la configuraci\u00f3n de su navegador (consulte el soporte de su navegador para obtener instrucciones). Sin embargo, deshabilitar las cookies puede afectar la funcionalidad de este y otros sitios web que visite. Por tanto, no se recomienda desactivar las cookies.<\/p>\r\n<p><strong>Cookies que utilizamos<\/strong><\/p>\r\n<ul>\r\n<li><strong>Cookies de configuraci\u00f3n del sitio:<\/strong> Para brindar una experiencia personalizada, ofrecemos la opci\u00f3n de ajustar sus preferencias de navegaci\u00f3n. Utilizamos cookies para recordar sus elecciones y almacenar esta informaci\u00f3n para futuras visitas.<\/li>\r\n<li><strong>Cookies de socios:<\/strong> En algunas situaciones, utilizamos cookies de empresas asociadas. A continuaci\u00f3n detallamos qu\u00e9 cookies de terceros puede encontrar en nuestro sitio web.<\/li>\r\n<li><strong>Google analitico:<\/strong> Utilizamos esta herramienta de an\u00e1lisis para comprender c\u00f3mo interact\u00faa con nuestro sitio web y mejorar su experiencia. Estas cookies rastrean aspectos como la duraci\u00f3n de la visita y las p\u00e1ginas visitadas. Para obtener m\u00e1s informaci\u00f3n, visite la p\u00e1gina oficial de Google Analytics.<\/li>\r\n<li><strong>Publicidad de Google:<\/strong> Usamos AdSense para publicar publicidad, que emplea una cookie de DoubleClick para mostrar anuncios m\u00e1s relevantes y controlar la frecuencia de un anuncio espec\u00edfico. Para obtener m\u00e1s detalles, consulte las preguntas frecuentes sobre privacidad de Google AdSense.<\/li>\r\n<\/ul>\r\n<p><strong>Informaciones adicionales<\/strong> Esperamos haber aclarado tus dudas. Como se mencion\u00f3, es recomendable mantener las cookies activas para una mejor experiencia en el sitio web. Si necesita m\u00e1s informaci\u00f3n, por favor cont\u00e1ctenos por correo electr\u00f3nico: <a target=\"_new\" rel=\"noopener\">contacto@bitesofpleasure.com<\/a>.<\/p>\r\n<\/div>\r\n<\/div>\r\n<\/div>\r\n<\/div>\r\n<\/div>\r\n<\/div>\r\n<\/div>\r\n<\/div>\r\n<\/div>\r\n<\/div>\r\n<\/div>\r\n<\/div>","protected":false},"excerpt":{"rendered":"<p>Esta es la Pol\u00edtica de Privacidad de BitesofPleasure, accesible en www.bitesofpleasure.com \u00bfQu\u00e9 son las Cookies? Como la mayor\u00eda de los sitios web profesionales, BitesofPleasure utiliza cookies,\u2026<\/p>","protected":false},"author":1,"featured_media":0,"parent":0,"menu_order":0,"comment_status":"closed","ping_status":"open","template":"","meta":{"footnotes":""},"class_list":["post-3","page","type-page","status-publish","hentry"],"_links":{"self":[{"href":"https:\/\/bitesofpleasure.com\/es\/wp-json\/wp\/v2\/pages\/3","targetHints":{"allow":["GET"]}}],"collection":[{"href":"https:\/\/bitesofpleasure.com\/es\/wp-json\/wp\/v2\/pages"}],"about":[{"href":"https:\/\/bitesofpleasure.com\/es\/wp-json\/wp\/v2\/types\/page"}],"author":[{"embeddable":true,"href":"https:\/\/bitesofpleasure.com\/es\/wp-json\/wp\/v2\/users\/1"}],"replies":[{"embeddable":true,"href":"https:\/\/bitesofpleasure.com\/es\/wp-json\/wp\/v2\/comments?post=3"}],"version-history":[{"count":2,"href":"https:\/\/bitesofpleasure.com\/es\/wp-json\/wp\/v2\/pages\/3\/revisions"}],"predecessor-version":[{"id":1233,"href":"https:\/\/bitesofpleasure.com\/es\/wp-json\/wp\/v2\/pages\/3\/revisions\/1233"}],"wp:attachment":[{"href":"https:\/\/bitesofpleasure.com\/es\/wp-json\/wp\/v2\/media?parent=3"}],"curies":[{"name":"wp","href":"https:\/\/api.w.org\/{rel}","templated":true}]}}