{"id":1292,"date":"2024-01-08T22:42:09","date_gmt":"2024-01-09T01:42:09","guid":{"rendered":"http:\/\/bitesofpleasure.com\/?page_id=1292"},"modified":"2024-01-08T23:14:46","modified_gmt":"2024-01-09T02:14:46","slug":"os-5-aplicativos-que-vao-transformar-sua-vida-amorosa","status":"publish","type":"page","link":"https:\/\/bitesofpleasure.com\/es\/os-5-aplicativos-que-vao-transformar-sua-vida-amorosa\/","title":{"rendered":"\u00a1Las 5 aplicaciones que transformar\u00e1n tu vida amorosa!"},"content":{"rendered":"<div class=\"w-full text-token-text-primary\" data-testid=\"conversation-turn-3\">\n<div class=\"px-4 py-2 justify-center text-base md:gap-6 m-auto\">\n<div class=\"flex flex-1 text-base mx-auto gap-3 md:px-5 lg:px-1 xl:px-5 md:max-w-3xl lg:max-w-[40rem] xl:max-w-[48rem] group final-completion\">\n<div class=\"relative flex w-full flex-col lg:w-[calc(100%-115px)] agent-turn\">\n<div class=\"flex-col gap-1 md:gap-3\">\n<div class=\"flex flex-grow flex-col max-w-full\">\n<div class=\"min-h-[20px] text-message flex flex-col items-start gap-3 whitespace-pre-wrap break-words [.text-message+&amp;]:mt-5 overflow-x-auto\" data-message-author-role=\"assistant\" data-message-id=\"7b2263fe-19dd-4a5e-9de6-94cbab094208\">\n<div class=\"markdown prose w-full break-words dark:prose-invert light\">\n<p>Imagina explorar el mundo de la tecnolog\u00eda para enriquecer tu vida amorosa.<\/p>\n<p style=\"text-align: center;\"><a class=\"mb-button mb-style-flat mb-size-default mb-corners-pill mb-text-style-default\" style=\"background-color: #db2c2c;\" href=\"http:\/\/bitesofpleasure.com\/o-mundo-dos-relacionamentos-virtuais-os-melhores-aplicativos-para-conectar-coracoes\/\"> \u00a0<i class=\"fa fa-arrow-right\"><\/i>\u00a0 APRENDE A TENER UNA CITA<\/a><\/p>\n<p style=\"text-align: center;\"><a class=\"mb-button mb-style-flat mb-size-default mb-corners-pill mb-text-style-default\" style=\"background-color: #c42b9c;\" href=\"http:\/\/bitesofpleasure.com\/o-mundo-dos-relacionamentos-virtuais-os-melhores-aplicativos-para-conectar-coracoes\/\">\u00a0<i class=\"fa fa-arrow-right\"><\/i>\u00a0 VEA C\u00d3MO CONOCER GENTE<\/a><\/p>\n<h6 style=\"text-align: center;\">Permanecer\u00e1s en el sitio actual.<\/h6>\n<p>Hoy en d\u00eda, disponemos de una variedad de apps de citas que se adaptan a diversas necesidades y preferencias. Ya sea que busques algo casual o una conexi\u00f3n m\u00e1s significativa, estas apps ofrecen experiencias personalizadas.<\/p>\n<p>Para quienes desean comenzar de forma relajada y sin compromiso, estas aplicaciones pueden ser el punto de partida ideal. En particular, algunas animan a las mujeres a dar el primer paso, promoviendo una din\u00e1mica m\u00e1s equilibrada y empoderadora en las relaciones en l\u00ednea.<\/p>\n<p>Adem\u00e1s, existen plataformas enfocadas en crear v\u00ednculos m\u00e1s profundos, utilizando perfiles detallados para sugerir parejas verdaderamente compatibles. Para quienes buscan convertir encuentros casuales en algo m\u00e1s serio, existen apps que se distinguen por usar la proximidad geogr\u00e1fica como criterio, abriendo la posibilidad de conexiones sorprendentes.<\/p>\n<p>\u00bfTe interesa saber c\u00f3mo estas apps pueden ayudarte a forjar relaciones valiosas? Sigue leyendo para adentrarte en el mundo de las citas online.<\/p>\n<p>Te guiaremos en el proceso de descarga y uso de estas aplicaciones, centr\u00e1ndonos en lo esencial para aumentar tus posibilidades de encontrar el amor. Tu camino hacia una vida amorosa m\u00e1s plena comienza aqu\u00ed. \u00a1Sigue leyendo y descubre el camino para encontrar a tu alma gemela!<\/p>\n<\/div>\n<\/div>\n<\/div>\n<div class=\"mt-1 flex justify-start gap-3 empty:hidden\">\n<div class=\"text-gray-400 flex self-end lg:self-center justify-center lg:justify-start mt-0 -ml-1 visible\">\n<p>&nbsp;<\/p>\n<div class=\"flex\"><\/div>\n<div class=\"flex items-center gap-1.5 text-xs\"><\/div>\n<\/div>\n<\/div>\n<\/div>\n<\/div>\n<\/div>\n<\/div>\n<\/div>\n<div class=\"mx-auto\">\n<div data-projection-id=\"44\">\n<div class=\"mx-auto mt-2 inline-flex rounded-xl border border-gray-100 dark:border-gray-700\"><\/div>\n<\/div>\n<\/div>","protected":false},"excerpt":{"rendered":"<p>Imagina explorar el mundo de la tecnolog\u00eda para enriquecer tu vida amorosa. APRENDE A TENER CITAS. MIRA C\u00d3MO CONOCER GENTE. Permanecer\u00e1s en el sitio\u2026<\/p>","protected":false},"author":1,"featured_media":0,"parent":0,"menu_order":0,"comment_status":"closed","ping_status":"closed","template":"","meta":{"footnotes":""},"class_list":["post-1292","page","type-page","status-publish","hentry"],"_links":{"self":[{"href":"https:\/\/bitesofpleasure.com\/es\/wp-json\/wp\/v2\/pages\/1292","targetHints":{"allow":["GET"]}}],"collection":[{"href":"https:\/\/bitesofpleasure.com\/es\/wp-json\/wp\/v2\/pages"}],"about":[{"href":"https:\/\/bitesofpleasure.com\/es\/wp-json\/wp\/v2\/types\/page"}],"author":[{"embeddable":true,"href":"https:\/\/bitesofpleasure.com\/es\/wp-json\/wp\/v2\/users\/1"}],"replies":[{"embeddable":true,"href":"https:\/\/bitesofpleasure.com\/es\/wp-json\/wp\/v2\/comments?post=1292"}],"version-history":[{"count":6,"href":"https:\/\/bitesofpleasure.com\/es\/wp-json\/wp\/v2\/pages\/1292\/revisions"}],"predecessor-version":[{"id":1302,"href":"https:\/\/bitesofpleasure.com\/es\/wp-json\/wp\/v2\/pages\/1292\/revisions\/1302"}],"wp:attachment":[{"href":"https:\/\/bitesofpleasure.com\/es\/wp-json\/wp\/v2\/media?parent=1292"}],"curies":[{"name":"wp","href":"https:\/\/api.w.org\/{rel}","templated":true}]}}