{"id":1234,"date":"2024-01-02T21:34:00","date_gmt":"2024-01-03T00:34:00","guid":{"rendered":"http:\/\/bitesofpleasure.com\/?page_id=1234"},"modified":"2024-01-02T21:34:00","modified_gmt":"2024-01-03T00:34:00","slug":"quem-somos","status":"publish","type":"page","link":"https:\/\/bitesofpleasure.com\/es\/quem-somos\/","title":{"rendered":"Quienes somos"},"content":{"rendered":"<p>Bienvenidos al Blog BitesofPleasure, fundado en 2023, un portal dedicado a ofrecer informaci\u00f3n valiosa a la sociedad. Nuestra misi\u00f3n es promover la democratizaci\u00f3n del conocimiento y la informaci\u00f3n.<\/p>\n<p>Creemos firmemente que el acceso a informaci\u00f3n estructurada y de calidad es un pilar fundamental para el progreso de la sociedad. En BitesofPleasure, estamos comprometidos a brindar contenido confiable y enriquecedor que contribuya a la educaci\u00f3n y el desarrollo personal de nuestros lectores.<\/p>\n<p>Nuestro equipo est\u00e1 formado por profesionales apasionados por compartir conocimientos y perspectivas en diversas \u00e1reas, garantizando que cada art\u00edculo, gu\u00eda o an\u00e1lisis no solo sea informativo, sino tambi\u00e9n inspirador y accesible para todos.<\/p>\n<p>En BitesofPleasure, siempre estamos buscando nuevas formas de hacer que la informaci\u00f3n sea m\u00e1s accesible y f\u00e1cil de entender, ya que creemos que la educaci\u00f3n es la clave para un futuro mejor. \u00a1\u00danase a nosotros en este viaje de descubrimiento y crecimiento!<\/p>","protected":false},"excerpt":{"rendered":"<p>Bienvenidos al Blog BitesofPleasure, fundado en 2023, un portal dedicado a ofrecer informaci\u00f3n valiosa a la sociedad. Nuestra misi\u00f3n es promover la democratizaci\u00f3n del conocimiento\u2026<\/p>","protected":false},"author":1,"featured_media":0,"parent":0,"menu_order":0,"comment_status":"closed","ping_status":"closed","template":"","meta":{"footnotes":""},"class_list":["post-1234","page","type-page","status-publish","hentry"],"_links":{"self":[{"href":"https:\/\/bitesofpleasure.com\/es\/wp-json\/wp\/v2\/pages\/1234","targetHints":{"allow":["GET"]}}],"collection":[{"href":"https:\/\/bitesofpleasure.com\/es\/wp-json\/wp\/v2\/pages"}],"about":[{"href":"https:\/\/bitesofpleasure.com\/es\/wp-json\/wp\/v2\/types\/page"}],"author":[{"embeddable":true,"href":"https:\/\/bitesofpleasure.com\/es\/wp-json\/wp\/v2\/users\/1"}],"replies":[{"embeddable":true,"href":"https:\/\/bitesofpleasure.com\/es\/wp-json\/wp\/v2\/comments?post=1234"}],"version-history":[{"count":1,"href":"https:\/\/bitesofpleasure.com\/es\/wp-json\/wp\/v2\/pages\/1234\/revisions"}],"predecessor-version":[{"id":1235,"href":"https:\/\/bitesofpleasure.com\/es\/wp-json\/wp\/v2\/pages\/1234\/revisions\/1235"}],"wp:attachment":[{"href":"https:\/\/bitesofpleasure.com\/es\/wp-json\/wp\/v2\/media?parent=1234"}],"curies":[{"name":"wp","href":"https:\/\/api.w.org\/{rel}","templated":true}]}}