{"id":1214,"date":"2024-01-02T21:30:35","date_gmt":"2024-01-03T00:30:35","guid":{"rendered":"http:\/\/bitesofpleasure.com\/?page_id=1214"},"modified":"2024-01-02T21:32:32","modified_gmt":"2024-01-03T00:32:32","slug":"termos-de-uso","status":"publish","type":"page","link":"https:\/\/bitesofpleasure.com\/es\/termos-de-uso\/","title":{"rendered":"Terminos de uso"},"content":{"rendered":"<p>Bienvenido a la Pol\u00edtica de Cookies de BitesofPleasure, accesible en <a href=\"http:\/\/bitesofpleasure.com\/\" target=\"_new\" rel=\"noopener\">www.bitesofpleasure.com<\/a><\/p>\n<p><strong>\u00bfQu\u00e9 son las galletas?<\/strong> Como la mayor\u00eda de los sitios web profesionales, BitesofPleasure utiliza cookies, peque\u00f1os archivos transferidos a su dispositivo, para optimizar su experiencia de navegaci\u00f3n. Esta secci\u00f3n detalla qu\u00e9 informaci\u00f3n recopilan las cookies, c\u00f3mo las usamos y por qu\u00e9, en algunas ocasiones, necesitamos almacenarlas. Tambi\u00e9n le explicaremos c\u00f3mo puede evitar que se almacenen estas cookies, aunque esto puede afectar a la funcionalidad del sitio. Para obtener m\u00e1s informaci\u00f3n sobre las cookies, consulte el art\u00edculo de Wikipedia sobre cookies HTTP.<\/p>\n<p><strong>Nuestra Pol\u00edtica de Cookies<\/strong> Utilizamos cookies por varios motivos, que se detallan a continuaci\u00f3n. En muchos casos, no existen opciones est\u00e1ndar de la industria para deshabilitar las cookies sin afectar la funcionalidad agregada a este sitio. Le recomendamos que mantenga todas las cookies habilitadas a menos que est\u00e9 seguro de que no las necesita.<\/p>\n<p><strong>C\u00f3mo bloquear las cookies<\/strong> Puede bloquear la configuraci\u00f3n de cookies ajustando la configuraci\u00f3n de su navegador (consulte el soporte de su navegador para obtener instrucciones). Sin embargo, tenga en cuenta que deshabilitar las cookies puede afectar la funcionalidad de este y otros sitios web que visite. Por tanto, no se recomienda desactivar las cookies.<\/p>\n<p><strong>Cookies que utilizamos<\/strong><\/p>\n<ul>\n<li><strong>Cookies de configuraci\u00f3n del sitio:<\/strong> Para brindarle una experiencia personalizada en nuestro sitio web, ofrecemos la opci\u00f3n de ajustar sus preferencias de navegaci\u00f3n. Utilizamos cookies para recordar sus elecciones y almacenar esta informaci\u00f3n para futuras visitas.<\/li>\n<li><strong>Cookies de socios:<\/strong> En determinadas situaciones, utilizamos cookies de empresas asociadas. Los detalles sobre qu\u00e9 cookies de terceros puede encontrar en nuestro sitio web se proporcionar\u00e1n en la siguiente secci\u00f3n.<\/li>\n<\/ul>\n<p><strong>Herramientas de an\u00e1lisis y publicidad<\/strong><\/p>\n<ul>\n<li><strong>Google analitico:<\/strong> Utilizamos esta popular herramienta de an\u00e1lisis para comprender c\u00f3mo interact\u00faa con nuestro sitio y mejorar su experiencia. Estas cookies rastrean aspectos como el momento de su visita y las p\u00e1ginas a las que accede. Para obtener m\u00e1s informaci\u00f3n sobre Google Analytics, visite la p\u00e1gina oficial.<\/li>\n<li><strong>Publicidad de Google:<\/strong> Utilizamos AdSense para publicar publicidad. Emplea una cookie de DoubleClick para publicar anuncios m\u00e1s relevantes y limitar la frecuencia de un anuncio. Para obtener informaci\u00f3n adicional sobre Google AdSense, consulte las preguntas frecuentes sobre privacidad de Google AdSense.<\/li>\n<\/ul>\n<p><strong>Informaciones adicionales<\/strong> Esperamos que esta informaci\u00f3n haya sido \u00fatil. Como se mencion\u00f3, es recomendable mantener las cookies activas para garantizar una mejor experiencia en el sitio web. Si necesita m\u00e1s informaci\u00f3n, no dude en contactarnos en: <a target=\"_new\" rel=\"noopener\">contacto@bitesofpleasure.com<\/a>.<\/p>","protected":false},"excerpt":{"rendered":"<p>Bienvenido a la Pol\u00edtica de cookies de BitesofPleasure, accesible en www.bitesofpleasure.com \u00bfQu\u00e9 son las cookies? Como la mayor\u00eda de los sitios web profesionales, BitesofPleasure utiliza cookies,\u2026<\/p>","protected":false},"author":1,"featured_media":0,"parent":0,"menu_order":0,"comment_status":"closed","ping_status":"closed","template":"","meta":{"footnotes":""},"class_list":["post-1214","page","type-page","status-publish","hentry"],"_links":{"self":[{"href":"https:\/\/bitesofpleasure.com\/es\/wp-json\/wp\/v2\/pages\/1214","targetHints":{"allow":["GET"]}}],"collection":[{"href":"https:\/\/bitesofpleasure.com\/es\/wp-json\/wp\/v2\/pages"}],"about":[{"href":"https:\/\/bitesofpleasure.com\/es\/wp-json\/wp\/v2\/types\/page"}],"author":[{"embeddable":true,"href":"https:\/\/bitesofpleasure.com\/es\/wp-json\/wp\/v2\/users\/1"}],"replies":[{"embeddable":true,"href":"https:\/\/bitesofpleasure.com\/es\/wp-json\/wp\/v2\/comments?post=1214"}],"version-history":[{"count":1,"href":"https:\/\/bitesofpleasure.com\/es\/wp-json\/wp\/v2\/pages\/1214\/revisions"}],"predecessor-version":[{"id":1215,"href":"https:\/\/bitesofpleasure.com\/es\/wp-json\/wp\/v2\/pages\/1214\/revisions\/1215"}],"wp:attachment":[{"href":"https:\/\/bitesofpleasure.com\/es\/wp-json\/wp\/v2\/media?parent=1214"}],"curies":[{"name":"wp","href":"https:\/\/api.w.org\/{rel}","templated":true}]}}