{"id":3,"date":"2024-01-02T10:18:24","date_gmt":"2024-01-02T13:18:24","guid":{"rendered":"http:\/\/bitesofpleasure.com\/?page_id=3"},"modified":"2024-01-02T21:38:02","modified_gmt":"2024-01-03T00:38:02","slug":"politica-de-privacidade","status":"publish","type":"page","link":"https:\/\/bitesofpleasure.com\/de_de\/politica-de-privacidade\/","title":{"rendered":"Datenschutzrichtlinie"},"content":{"rendered":"<div class=\"flex-1 overflow-hidden\">\r\n<div class=\"react-scroll-to-bottom--css-oabmi-79elbk h-full\">\r\n<div class=\"react-scroll-to-bottom--css-oabmi-1n7m0yu\">\r\n<div class=\"flex flex-col pb-9 text-sm\">\r\n<div class=\"w-full text-token-text-primary\" data-testid=\"conversation-turn-5\">\r\n<div class=\"px-4 py-2 justify-center text-base md:gap-6 m-auto\">\r\n<div class=\"flex flex-1 text-base mx-auto gap-3 md:px-5 lg:px-1 xl:px-5 md:max-w-3xl lg:max-w-[40rem] xl:max-w-[48rem] group final-completion\">\r\n<div class=\"relative flex w-full flex-col lg:w-[calc(100%-115px)] agent-turn\">\r\n<div class=\"flex-col gap-1 md:gap-3\">\r\n<div class=\"flex flex-grow flex-col max-w-full\">\r\n<div class=\"min-h-[20px] text-message flex flex-col items-start gap-3 whitespace-pre-wrap break-words [.text-message+&amp;]:mt-5 overflow-x-auto\" data-message-author-role=\"assistant\" data-message-id=\"35a68a1c-073e-4aa0-903f-9e246ece482d\">\r\n<div class=\"markdown prose w-full break-words dark:prose-invert light\">\r\n<p>Dies ist die Datenschutzrichtlinie von BitesofPleasure, abrufbar unter <a href=\"http:\/\/bitesofpleasure.com\/\" target=\"_new\" rel=\"noopener\">www.bitesofpleasure.com<\/a><\/p>\r\n<p><strong>Was sind Cookies?<\/strong> Wie die meisten professionellen Websites verwendet BitesofPleasure Cookies, kleine Dateien, die auf Ihr Ger\u00e4t \u00fcbertragen werden, um Ihr Surferlebnis zu optimieren. In diesem Abschnitt wird erkl\u00e4rt, welche Informationen diese Cookies sammeln, wie wir sie verwenden und warum wir sie manchmal speichern m\u00fcssen. Au\u00dferdem erl\u00e4utern wir Ihnen, wie Sie die Speicherung dieser Cookies, die die Funktionalit\u00e4t der Seite beeintr\u00e4chtigen k\u00f6nnen, verhindern k\u00f6nnen. Weitere Informationen zu Cookies finden Sie im Wikipedia-Artikel zu HTTP-Cookies.<\/p>\r\n<p><strong>Verwendung von Cookies<\/strong> Wir verwenden Cookies aus mehreren Gr\u00fcnden, die im Folgenden n\u00e4her erl\u00e4utert werden. In vielen F\u00e4llen gibt es keine branchen\u00fcblichen Optionen zum Deaktivieren von Cookies, ohne die auf dieser Website hinzugef\u00fcgten Funktionen zu beeintr\u00e4chtigen. Wir empfehlen, alle Cookies aktiviert zu lassen, es sei denn, Sie sind sicher, dass Sie sie nicht ben\u00f6tigen.<\/p>\r\n<p><strong>So deaktivieren Sie Cookies<\/strong> Sie k\u00f6nnen das Setzen von Cookies blockieren, indem Sie Ihre Browsereinstellungen anpassen (Anweisungen hierzu finden Sie beim Browser-Support). Die Deaktivierung von Cookies kann jedoch die Funktionalit\u00e4t dieser und anderer von Ihnen besuchter Websites beeintr\u00e4chtigen. Daher wird die Deaktivierung von Cookies nicht empfohlen.<\/p>\r\n<p><strong>Von uns verwendete Cookies<\/strong><\/p>\r\n<ul>\r\n<li><strong>Site-Konfigurations-Cookies:<\/strong> Um ein personalisiertes Erlebnis zu bieten, bieten wir die M\u00f6glichkeit, Ihre Browsereinstellungen anzupassen. Wir verwenden Cookies, um Ihre Auswahl zu speichern und diese Informationen f\u00fcr zuk\u00fcnftige Besuche zu speichern.<\/li>\r\n<li><strong>Partner-Cookies:<\/strong> In einigen Situationen verwenden wir Cookies von Partnerunternehmen. Im Folgenden erl\u00e4utern wir, welche Cookies von Drittanbietern Sie auf unserer Website finden k\u00f6nnen.<\/li>\r\n<li><strong>Google Analytics:<\/strong> Wir verwenden dieses Analysetool, um zu verstehen, wie Sie mit unserer Website interagieren, und um Ihr Erlebnis zu verbessern. Diese Cookies erfassen Aspekte wie die Dauer des Besuchs und die aufgerufenen Seiten. Weitere Informationen finden Sie auf der offiziellen Google Analytics-Seite.<\/li>\r\n<li><strong>Google AdSense:<\/strong> F\u00fcr die Schaltung von Werbung verwenden wir AdSense, das ein DoubleClick-Cookie verwendet, um relevantere Anzeigen anzuzeigen und die H\u00e4ufigkeit einer bestimmten Anzeige zu steuern. Weitere Einzelheiten finden Sie in den FAQs zum Datenschutz von Google AdSense.<\/li>\r\n<\/ul>\r\n<p><strong>Weitere Informationen<\/strong> Wir hoffen, dass wir Ihre Zweifel ausger\u00e4umt haben. Wie bereits erw\u00e4hnt, ist es f\u00fcr ein besseres Website-Erlebnis ratsam, Cookies aktiv zu lassen. Wenn Sie weitere Informationen ben\u00f6tigen, kontaktieren Sie uns bitte per E-Mail: <a target=\"_new\" rel=\"noopener\">contato@bitesofpleasure.com<\/a>.<\/p>\r\n<\/div>\r\n<\/div>\r\n<\/div>\r\n<\/div>\r\n<\/div>\r\n<\/div>\r\n<\/div>\r\n<\/div>\r\n<\/div>\r\n<\/div>\r\n<\/div>\r\n<\/div>","protected":false},"excerpt":{"rendered":"<p>Dies ist die Datenschutzrichtlinie von BitesofPleasure, abrufbar unter www.bitesofpleasure.com. Was sind Cookies? Wie die meisten professionellen Websites verwendet BitesofPleasure Cookies,\u2026<\/p>","protected":false},"author":1,"featured_media":0,"parent":0,"menu_order":0,"comment_status":"closed","ping_status":"open","template":"","meta":{"footnotes":""},"class_list":["post-3","page","type-page","status-publish","hentry"],"_links":{"self":[{"href":"https:\/\/bitesofpleasure.com\/de_de\/wp-json\/wp\/v2\/pages\/3","targetHints":{"allow":["GET"]}}],"collection":[{"href":"https:\/\/bitesofpleasure.com\/de_de\/wp-json\/wp\/v2\/pages"}],"about":[{"href":"https:\/\/bitesofpleasure.com\/de_de\/wp-json\/wp\/v2\/types\/page"}],"author":[{"embeddable":true,"href":"https:\/\/bitesofpleasure.com\/de_de\/wp-json\/wp\/v2\/users\/1"}],"replies":[{"embeddable":true,"href":"https:\/\/bitesofpleasure.com\/de_de\/wp-json\/wp\/v2\/comments?post=3"}],"version-history":[{"count":2,"href":"https:\/\/bitesofpleasure.com\/de_de\/wp-json\/wp\/v2\/pages\/3\/revisions"}],"predecessor-version":[{"id":1233,"href":"https:\/\/bitesofpleasure.com\/de_de\/wp-json\/wp\/v2\/pages\/3\/revisions\/1233"}],"wp:attachment":[{"href":"https:\/\/bitesofpleasure.com\/de_de\/wp-json\/wp\/v2\/media?parent=3"}],"curies":[{"name":"wp","href":"https:\/\/api.w.org\/{rel}","templated":true}]}}