{"id":1292,"date":"2024-01-08T22:42:09","date_gmt":"2024-01-09T01:42:09","guid":{"rendered":"http:\/\/bitesofpleasure.com\/?page_id=1292"},"modified":"2024-01-08T23:14:46","modified_gmt":"2024-01-09T02:14:46","slug":"os-5-aplicativos-que-vao-transformar-sua-vida-amorosa","status":"publish","type":"page","link":"https:\/\/bitesofpleasure.com\/de_de\/os-5-aplicativos-que-vao-transformar-sua-vida-amorosa\/","title":{"rendered":"Die 5 Apps, die Ihr Liebesleben ver\u00e4ndern werden!"},"content":{"rendered":"<div class=\"w-full text-token-text-primary\" data-testid=\"conversation-turn-3\">\n<div class=\"px-4 py-2 justify-center text-base md:gap-6 m-auto\">\n<div class=\"flex flex-1 text-base mx-auto gap-3 md:px-5 lg:px-1 xl:px-5 md:max-w-3xl lg:max-w-[40rem] xl:max-w-[48rem] group final-completion\">\n<div class=\"relative flex w-full flex-col lg:w-[calc(100%-115px)] agent-turn\">\n<div class=\"flex-col gap-1 md:gap-3\">\n<div class=\"flex flex-grow flex-col max-w-full\">\n<div class=\"min-h-[20px] text-message flex flex-col items-start gap-3 whitespace-pre-wrap break-words [.text-message+&amp;]:mt-5 overflow-x-auto\" data-message-author-role=\"assistant\" data-message-id=\"7b2263fe-19dd-4a5e-9de6-94cbab094208\">\n<div class=\"markdown prose w-full break-words dark:prose-invert light\">\n<p>Stellen Sie sich vor, Sie erkunden die Welt der Technologie, um Ihr Liebesleben zu bereichern.<\/p>\n<p style=\"text-align: center;\"><a class=\"mb-button mb-style-flat mb-size-default mb-corners-pill mb-text-style-default\" style=\"background-color: #db2c2c;\" href=\"http:\/\/bitesofpleasure.com\/o-mundo-dos-relacionamentos-virtuais-os-melhores-aplicativos-para-conectar-coracoes\/\"> \u00a0<i class=\"fa fa-arrow-right\"><\/i>\u00a0 LERNEN SIE, WIE MAN EIN DATE HAT<\/a><\/p>\n<p style=\"text-align: center;\"><a class=\"mb-button mb-style-flat mb-size-default mb-corners-pill mb-text-style-default\" style=\"background-color: #c42b9c;\" href=\"http:\/\/bitesofpleasure.com\/o-mundo-dos-relacionamentos-virtuais-os-melhores-aplicativos-para-conectar-coracoes\/\">\u00a0<i class=\"fa fa-arrow-right\"><\/i>\u00a0 SEHEN SIE, WIE SIE LEUTE KENNENLERNEN<\/a><\/p>\n<h6 style=\"text-align: center;\">Sie bleiben auf der aktuellen Site<\/h6>\n<p>Heutzutage gibt es eine Vielzahl von Dating-Apps f\u00fcr unterschiedliche Bed\u00fcrfnisse und Vorlieben. Egal, ob Sie nach einer lockeren Beziehung oder einer tieferen Beziehung suchen \u2013 diese Apps bieten personalisierte Erlebnisse.<\/p>\n<p>F\u00fcr alle, die locker und unverbindlich anfangen m\u00f6chten, k\u00f6nnen diese Apps der ideale Ausgangspunkt sein. Einige von ihnen ermutigen insbesondere Frauen, den ersten Schritt zu machen und f\u00f6rdern so eine ausgeglichenere und positivere Dynamik in Online-Beziehungen.<\/p>\n<p>Dar\u00fcber hinaus gibt es Plattformen, die sich auf die Schaffung tieferer Bindungen konzentrieren und mithilfe detaillierter Profile wirklich passende Partner vorschlagen. F\u00fcr diejenigen, die aus lockeren Begegnungen etwas Ernsthafteres machen m\u00f6chten, gibt es Apps, die sich durch die geografische N\u00e4he als Kriterium auszeichnen und so die M\u00f6glichkeit \u00fcberraschender Verbindungen er\u00f6ffnen.<\/p>\n<p>Neugierig, wie diese Apps Ihnen beim Aufbau wertvoller Beziehungen helfen k\u00f6nnen? Lesen Sie weiter und tauchen Sie ein in die Welt des Online-Datings.<\/p>\n<p>Wir f\u00fchren Sie durch den Download und die Nutzung dieser Apps und konzentrieren uns auf das Wesentliche, um Ihre Chancen auf die Liebe zu erh\u00f6hen. Ihre Reise zu einem erf\u00fcllteren Liebesleben beginnt hier. Lesen Sie weiter und entdecken Sie den Weg zu Ihrem Seelenverwandten!<\/p>\n<\/div>\n<\/div>\n<\/div>\n<div class=\"mt-1 flex justify-start gap-3 empty:hidden\">\n<div class=\"text-gray-400 flex self-end lg:self-center justify-center lg:justify-start mt-0 -ml-1 visible\">\n<p>&nbsp;<\/p>\n<div class=\"flex\"><\/div>\n<div class=\"flex items-center gap-1.5 text-xs\"><\/div>\n<\/div>\n<\/div>\n<\/div>\n<\/div>\n<\/div>\n<\/div>\n<\/div>\n<div class=\"mx-auto\">\n<div data-projection-id=\"44\">\n<div class=\"mx-auto mt-2 inline-flex rounded-xl border border-gray-100 dark:border-gray-700\"><\/div>\n<\/div>\n<\/div>","protected":false},"excerpt":{"rendered":"<p>Imagine explorar o mundo da tecnologia para enriquecer sua vida amorosa. \u00a0\u00a0 SAIBA COMO TER ENCONTROS \u00a0\u00a0 VEJA COMO CONHECER PESSOAS Voc\u00ea permanecer\u00e1 no site&#8230;<\/p>","protected":false},"author":1,"featured_media":0,"parent":0,"menu_order":0,"comment_status":"closed","ping_status":"closed","template":"","meta":{"footnotes":""},"class_list":["post-1292","page","type-page","status-publish","hentry"],"_links":{"self":[{"href":"https:\/\/bitesofpleasure.com\/de_de\/wp-json\/wp\/v2\/pages\/1292","targetHints":{"allow":["GET"]}}],"collection":[{"href":"https:\/\/bitesofpleasure.com\/de_de\/wp-json\/wp\/v2\/pages"}],"about":[{"href":"https:\/\/bitesofpleasure.com\/de_de\/wp-json\/wp\/v2\/types\/page"}],"author":[{"embeddable":true,"href":"https:\/\/bitesofpleasure.com\/de_de\/wp-json\/wp\/v2\/users\/1"}],"replies":[{"embeddable":true,"href":"https:\/\/bitesofpleasure.com\/de_de\/wp-json\/wp\/v2\/comments?post=1292"}],"version-history":[{"count":6,"href":"https:\/\/bitesofpleasure.com\/de_de\/wp-json\/wp\/v2\/pages\/1292\/revisions"}],"predecessor-version":[{"id":1302,"href":"https:\/\/bitesofpleasure.com\/de_de\/wp-json\/wp\/v2\/pages\/1292\/revisions\/1302"}],"wp:attachment":[{"href":"https:\/\/bitesofpleasure.com\/de_de\/wp-json\/wp\/v2\/media?parent=1292"}],"curies":[{"name":"wp","href":"https:\/\/api.w.org\/{rel}","templated":true}]}}