{"id":1234,"date":"2024-01-02T21:34:00","date_gmt":"2024-01-03T00:34:00","guid":{"rendered":"http:\/\/bitesofpleasure.com\/?page_id=1234"},"modified":"2024-01-02T21:34:00","modified_gmt":"2024-01-03T00:34:00","slug":"quem-somos","status":"publish","type":"page","link":"https:\/\/bitesofpleasure.com\/de_de\/quem-somos\/","title":{"rendered":"Wer wir sind"},"content":{"rendered":"<p>Willkommen beim BitesofPleasure Blog, gegr\u00fcndet im Jahr 2023, einem Portal, das sich der Bereitstellung wertvoller Informationen f\u00fcr die Gesellschaft widmet. Unsere Mission ist es, die Demokratisierung von Wissen und Information voranzutreiben.<\/p>\n<p>Wir sind der festen \u00dcberzeugung, dass der Zugang zu strukturierten, qualitativ hochwertigen Informationen eine grundlegende S\u00e4ule f\u00fcr den gesellschaftlichen Fortschritt ist. Bei BitesofPleasure sind wir bestrebt, vertrauensw\u00fcrdige und bereichernde Inhalte bereitzustellen, die zur Bildung und pers\u00f6nlichen Entwicklung unserer Leser beitragen.<\/p>\n<p>Unser Team besteht aus Fachleuten, denen der Austausch von Wissen und Erkenntnissen aus verschiedenen Bereichen leidenschaftlich am Herzen liegt. So stellen wir sicher, dass jeder Artikel, Leitfaden oder jede Analyse nicht nur informativ, sondern auch inspirierend und f\u00fcr jedermann zug\u00e4nglich ist.<\/p>\n<p>Bei BitesofPleasure suchen wir immer nach neuen Wegen, um Informationen zug\u00e4nglicher und verst\u00e4ndlicher zu machen, da wir glauben, dass Bildung der Schl\u00fcssel zu einer besseren Zukunft ist. Begleiten Sie uns auf dieser Entdeckungs- und Wachstumsreise!<\/p>","protected":false},"excerpt":{"rendered":"<p>Willkommen beim BitesofPleasure Blog, gegr\u00fcndet im Jahr 2023, einem Portal, das sich der Bereitstellung wertvoller Informationen f\u00fcr die Gesellschaft widmet. Unsere Mission ist es, die Demokratisierung des Wissens voranzutreiben\u2026<\/p>","protected":false},"author":1,"featured_media":0,"parent":0,"menu_order":0,"comment_status":"closed","ping_status":"closed","template":"","meta":{"footnotes":""},"class_list":["post-1234","page","type-page","status-publish","hentry"],"_links":{"self":[{"href":"https:\/\/bitesofpleasure.com\/de_de\/wp-json\/wp\/v2\/pages\/1234","targetHints":{"allow":["GET"]}}],"collection":[{"href":"https:\/\/bitesofpleasure.com\/de_de\/wp-json\/wp\/v2\/pages"}],"about":[{"href":"https:\/\/bitesofpleasure.com\/de_de\/wp-json\/wp\/v2\/types\/page"}],"author":[{"embeddable":true,"href":"https:\/\/bitesofpleasure.com\/de_de\/wp-json\/wp\/v2\/users\/1"}],"replies":[{"embeddable":true,"href":"https:\/\/bitesofpleasure.com\/de_de\/wp-json\/wp\/v2\/comments?post=1234"}],"version-history":[{"count":1,"href":"https:\/\/bitesofpleasure.com\/de_de\/wp-json\/wp\/v2\/pages\/1234\/revisions"}],"predecessor-version":[{"id":1235,"href":"https:\/\/bitesofpleasure.com\/de_de\/wp-json\/wp\/v2\/pages\/1234\/revisions\/1235"}],"wp:attachment":[{"href":"https:\/\/bitesofpleasure.com\/de_de\/wp-json\/wp\/v2\/media?parent=1234"}],"curies":[{"name":"wp","href":"https:\/\/api.w.org\/{rel}","templated":true}]}}