{"id":1214,"date":"2024-01-02T21:30:35","date_gmt":"2024-01-03T00:30:35","guid":{"rendered":"http:\/\/bitesofpleasure.com\/?page_id=1214"},"modified":"2024-01-02T21:32:32","modified_gmt":"2024-01-03T00:32:32","slug":"termos-de-uso","status":"publish","type":"page","link":"https:\/\/bitesofpleasure.com\/de_de\/termos-de-uso\/","title":{"rendered":"Nutzungsbedingungen"},"content":{"rendered":"<p>Willkommen bei der Cookie-Richtlinie von BitesofPleasure, abrufbar unter <a href=\"http:\/\/bitesofpleasure.com\/\" target=\"_new\" rel=\"noopener\">www.bitesofpleasure.com<\/a><\/p>\n<p><strong>Was sind Cookies?<\/strong> Wie die meisten professionellen Websites verwendet BitesofPleasure Cookies, kleine Dateien, die auf Ihr Ger\u00e4t \u00fcbertragen werden, um Ihr Surferlebnis zu optimieren. In diesem Abschnitt erfahren Sie, welche Informationen Cookies sammeln, wie wir sie verwenden und warum wir sie in manchen F\u00e4llen speichern m\u00fcssen. Wir erkl\u00e4ren Ihnen auch, wie Sie die Speicherung dieser Cookies verhindern k\u00f6nnen, obwohl dies die Funktionalit\u00e4t der Website beeintr\u00e4chtigen kann. Weitere Informationen zu Cookies finden Sie im Wikipedia-Artikel zu HTTP-Cookies.<\/p>\n<p><strong>Unsere Cookie-Richtlinie<\/strong> Wir verwenden Cookies aus mehreren Gr\u00fcnden, die im Folgenden n\u00e4her erl\u00e4utert werden. In vielen F\u00e4llen gibt es keine branchen\u00fcblichen Optionen zum Deaktivieren von Cookies, ohne die auf dieser Website hinzugef\u00fcgten Funktionen zu beeintr\u00e4chtigen. Wir empfehlen Ihnen, alle Cookies aktiviert zu lassen, es sei denn, Sie sind sicher, dass Sie sie nicht ben\u00f6tigen.<\/p>\n<p><strong>So blockieren Sie Cookies<\/strong> Sie k\u00f6nnen das Setzen von Cookies blockieren, indem Sie Ihre Browsereinstellungen anpassen (Anweisungen hierzu finden Sie beim Browser-Support). Bitte beachten Sie jedoch, dass die Deaktivierung von Cookies die Funktionalit\u00e4t dieser und anderer von Ihnen besuchter Websites beeintr\u00e4chtigen kann. Daher wird die Deaktivierung von Cookies nicht empfohlen.<\/p>\n<p><strong>Von uns verwendete Cookies<\/strong><\/p>\n<ul>\n<li><strong>Site-Konfigurations-Cookies:<\/strong> Um Ihnen ein personalisiertes Erlebnis auf unserer Website zu bieten, bieten wir Ihnen die M\u00f6glichkeit, Ihre Surfpr\u00e4ferenzen anzupassen. Wir verwenden Cookies, um Ihre Auswahl zu speichern und diese Informationen f\u00fcr zuk\u00fcnftige Besuche zu speichern.<\/li>\n<li><strong>Partner-Cookies:<\/strong> In bestimmten Situationen verwenden wir Cookies von Partnerunternehmen. Einzelheiten dar\u00fcber, welche Cookies von Drittanbietern Sie auf unserer Website finden k\u00f6nnen, finden Sie im n\u00e4chsten Abschnitt.<\/li>\n<\/ul>\n<p><strong>Analyse- und Werbetools<\/strong><\/p>\n<ul>\n<li><strong>Google Analytics:<\/strong> Wir verwenden dieses beliebte Analysetool, um zu verstehen, wie Sie mit unserer Website interagieren, und um Ihr Erlebnis zu verbessern. Diese Cookies erfassen Aspekte wie die Zeit Ihres Besuchs und die aufgerufenen Seiten. Weitere Informationen zu Google Analytics finden Sie auf der offiziellen Seite.<\/li>\n<li><strong>Google AdSense:<\/strong> Wir nutzen AdSense zur Auslieferung von Werbung. Es verwendet ein DoubleClick-Cookie, um relevantere Anzeigen zu schalten und die H\u00e4ufigkeit einer Anzeige zu begrenzen. Weitere Informationen zu Google AdSense finden Sie in den FAQs zum Datenschutz von Google AdSense.<\/li>\n<\/ul>\n<p><strong>Weitere Informationen<\/strong> Wir hoffen, dass diese Informationen hilfreich waren. Wie bereits erw\u00e4hnt, ist es ratsam, Cookies aktiv zu lassen, um ein besseres Website-Erlebnis zu gew\u00e4hrleisten. Wenn Sie weitere Informationen ben\u00f6tigen, kontaktieren Sie uns bitte unter: <a target=\"_new\" rel=\"noopener\">contato@bitesofpleasure.com<\/a>.<\/p>","protected":false},"excerpt":{"rendered":"<p>Willkommen bei der Cookie-Richtlinie von BitesofPleasure, abrufbar unter www.bitesofpleasure.com. Was sind Cookies? Wie die meisten professionellen Websites verwendet BitesofPleasure Cookies,\u2026<\/p>","protected":false},"author":1,"featured_media":0,"parent":0,"menu_order":0,"comment_status":"closed","ping_status":"closed","template":"","meta":{"footnotes":""},"class_list":["post-1214","page","type-page","status-publish","hentry"],"_links":{"self":[{"href":"https:\/\/bitesofpleasure.com\/de_de\/wp-json\/wp\/v2\/pages\/1214","targetHints":{"allow":["GET"]}}],"collection":[{"href":"https:\/\/bitesofpleasure.com\/de_de\/wp-json\/wp\/v2\/pages"}],"about":[{"href":"https:\/\/bitesofpleasure.com\/de_de\/wp-json\/wp\/v2\/types\/page"}],"author":[{"embeddable":true,"href":"https:\/\/bitesofpleasure.com\/de_de\/wp-json\/wp\/v2\/users\/1"}],"replies":[{"embeddable":true,"href":"https:\/\/bitesofpleasure.com\/de_de\/wp-json\/wp\/v2\/comments?post=1214"}],"version-history":[{"count":1,"href":"https:\/\/bitesofpleasure.com\/de_de\/wp-json\/wp\/v2\/pages\/1214\/revisions"}],"predecessor-version":[{"id":1215,"href":"https:\/\/bitesofpleasure.com\/de_de\/wp-json\/wp\/v2\/pages\/1214\/revisions\/1215"}],"wp:attachment":[{"href":"https:\/\/bitesofpleasure.com\/de_de\/wp-json\/wp\/v2\/media?parent=1214"}],"curies":[{"name":"wp","href":"https:\/\/api.w.org\/{rel}","templated":true}]}}