{"id":3,"date":"2024-01-02T10:18:24","date_gmt":"2024-01-02T13:18:24","guid":{"rendered":"http:\/\/bitesofpleasure.com\/?page_id=3"},"modified":"2024-01-02T21:38:02","modified_gmt":"2024-01-03T00:38:02","slug":"politica-de-privacidade","status":"publish","type":"page","link":"https:\/\/bitesofpleasure.com\/da\/politica-de-privacidade\/","title":{"rendered":"Privatlivspolitik"},"content":{"rendered":"<div class=\"flex-1 overflow-hidden\">\r\n<div class=\"react-scroll-to-bottom--css-oabmi-79elbk h-full\">\r\n<div class=\"react-scroll-to-bottom--css-oabmi-1n7m0yu\">\r\n<div class=\"flex flex-col pb-9 text-sm\">\r\n<div class=\"w-full text-token-text-primary\" data-testid=\"conversation-turn-5\">\r\n<div class=\"px-4 py-2 justify-center text-base md:gap-6 m-auto\">\r\n<div class=\"flex flex-1 text-base mx-auto gap-3 md:px-5 lg:px-1 xl:px-5 md:max-w-3xl lg:max-w-[40rem] xl:max-w-[48rem] group final-completion\">\r\n<div class=\"relative flex w-full flex-col lg:w-[calc(100%-115px)] agent-turn\">\r\n<div class=\"flex-col gap-1 md:gap-3\">\r\n<div class=\"flex flex-grow flex-col max-w-full\">\r\n<div class=\"min-h-[20px] text-message flex flex-col items-start gap-3 whitespace-pre-wrap break-words [.text-message+&amp;]:mt-5 overflow-x-auto\" data-message-author-role=\"assistant\" data-message-id=\"35a68a1c-073e-4aa0-903f-9e246ece482d\">\r\n<div class=\"markdown prose w-full break-words dark:prose-invert light\">\r\n<p>Dette er BitesofPleasures privatlivspolitik, som er tilg\u00e6ngelig p\u00e5 <a href=\"http:\/\/bitesofpleasure.com\/\" target=\"_new\" rel=\"noopener\">www.bitesofpleasure.com<\/a><\/p>\r\n<p><strong>Hvad er cookies?<\/strong> Ligesom de fleste professionelle websteder bruger BitesofPleasure cookies, sm\u00e5 filer der downloades til din enhed, for at optimere din browseroplevelse. Dette afsnit forklarer de oplysninger, disse cookies indsamler, hvordan vi bruger dem, og hvorfor vi nogle gange er n\u00f8dt til at gemme dem. Vi forklarer ogs\u00e5, hvordan du kan forhindre, at disse cookies gemmes, hvilket kan p\u00e5virke webstedets funktionalitet. For mere information om cookies, se Wikipedia-artiklen om HTTP-cookies.<\/p>\r\n<p><strong>Brug af cookies<\/strong> Vi bruger cookies af en r\u00e6kke forskellige \u00e5rsager, som er beskrevet nedenfor. I mange tilf\u00e6lde er der ingen branchestandardmuligheder for at deaktivere cookies uden at p\u00e5virke funktionaliteten af dette websted. Vi anbefaler at holde alle cookies aktiveret, medmindre du er sikker p\u00e5, at du ikke har brug for dem.<\/p>\r\n<p><strong>S\u00e5dan deaktiverer du cookies<\/strong> Du kan blokere brugen af cookies ved at justere dine browserindstillinger (se din browsersupport for instruktioner). Deaktivering af cookies kan dog p\u00e5virke funktionaliteten af dette og andre websteder, du bes\u00f8ger. Derfor anbefales det ikke at deaktivere cookies.<\/p>\r\n<p><strong>Cookies vi bruger<\/strong><\/p>\r\n<ul>\r\n<li><strong>Cookies til webstedskonfiguration:<\/strong> For at give dig en personlig oplevelse tilbyder vi dig muligheden for at justere dine browserpr\u00e6ferencer. Vi bruger cookies til at huske dine valg og gemme disse oplysninger til fremtidige bes\u00f8g.<\/li>\r\n<li><strong>Partnercookies:<\/strong> I nogle tilf\u00e6lde bruger vi cookies fra partnervirksomheder. Nedenfor beskriver vi, hvilke tredjepartscookies du kan finde p\u00e5 vores hjemmeside.<\/li>\r\n<li><strong>Google Analytics:<\/strong> Vi bruger dette analysev\u00e6rkt\u00f8j til at forst\u00e5, hvordan du interagerer med vores hjemmeside, og til at forbedre din oplevelse. Disse cookies sporer aspekter som bes\u00f8gsvarighed og bes\u00f8gte sider. For mere information, bes\u00f8g den officielle Google Analytics-side.<\/li>\r\n<li><strong>Google AdSense:<\/strong> Vi bruger AdSense til at vise annoncer, som bruger en DoubleClick-cookie til at vise mere relevante annoncer og kontrollere hyppigheden af en specifik annonce. For flere oplysninger, se Google AdSense&#039; ofte stillede sp\u00f8rgsm\u00e5l om beskyttelse af personlige oplysninger.<\/li>\r\n<\/ul>\r\n<p><strong>Yderligere oplysninger<\/strong> Vi h\u00e5ber, at vi har besvaret dine sp\u00f8rgsm\u00e5l. Som n\u00e6vnt anbefales det, at du holder cookies aktiveret for at f\u00e5 en bedre oplevelse p\u00e5 hjemmesiden. Hvis du har brug for yderligere information, bedes du kontakte os p\u00e5: <a target=\"_new\" rel=\"noopener\">kontakt@bitesofpleasure.com<\/a>.<\/p>\r\n<\/div>\r\n<\/div>\r\n<\/div>\r\n<\/div>\r\n<\/div>\r\n<\/div>\r\n<\/div>\r\n<\/div>\r\n<\/div>\r\n<\/div>\r\n<\/div>\r\n<\/div>","protected":false},"excerpt":{"rendered":"<p>Esta \u00e9 a Pol\u00edtica de Privacidade do BitesofPleasure, acess\u00edvel em www.bitesofpleasure.com O que s\u00e3o Cookies? Como na maioria dos websites profissionais, o BitesofPleasure utiliza cookies,&#8230;<\/p>","protected":false},"author":1,"featured_media":0,"parent":0,"menu_order":0,"comment_status":"closed","ping_status":"open","template":"","meta":{"footnotes":""},"class_list":["post-3","page","type-page","status-publish","hentry"],"_links":{"self":[{"href":"https:\/\/bitesofpleasure.com\/da\/wp-json\/wp\/v2\/pages\/3","targetHints":{"allow":["GET"]}}],"collection":[{"href":"https:\/\/bitesofpleasure.com\/da\/wp-json\/wp\/v2\/pages"}],"about":[{"href":"https:\/\/bitesofpleasure.com\/da\/wp-json\/wp\/v2\/types\/page"}],"author":[{"embeddable":true,"href":"https:\/\/bitesofpleasure.com\/da\/wp-json\/wp\/v2\/users\/1"}],"replies":[{"embeddable":true,"href":"https:\/\/bitesofpleasure.com\/da\/wp-json\/wp\/v2\/comments?post=3"}],"version-history":[{"count":2,"href":"https:\/\/bitesofpleasure.com\/da\/wp-json\/wp\/v2\/pages\/3\/revisions"}],"predecessor-version":[{"id":1233,"href":"https:\/\/bitesofpleasure.com\/da\/wp-json\/wp\/v2\/pages\/3\/revisions\/1233"}],"wp:attachment":[{"href":"https:\/\/bitesofpleasure.com\/da\/wp-json\/wp\/v2\/media?parent=3"}],"curies":[{"name":"wp","href":"https:\/\/api.w.org\/{rel}","templated":true}]}}