{"id":1234,"date":"2024-01-02T21:34:00","date_gmt":"2024-01-03T00:34:00","guid":{"rendered":"http:\/\/bitesofpleasure.com\/?page_id=1234"},"modified":"2024-01-02T21:34:00","modified_gmt":"2024-01-03T00:34:00","slug":"quem-somos","status":"publish","type":"page","link":"https:\/\/bitesofpleasure.com\/da\/quem-somos\/","title":{"rendered":"Hvem vi er"},"content":{"rendered":"<p>Velkommen til BitesofPleasure Bloggen, grundlagt i 2023, en portal dedikeret til at levere v\u00e6rdifuld information til samfundet. Vores mission er at fremme demokratiseringen af viden og information.<\/p>\n<p>Vi tror fuldt og fast p\u00e5, at adgang til struktureret information af h\u00f8j kvalitet er en grundl\u00e6ggende s\u00f8jle for samfundets fremskridt. Hos BitesofPleasure er vi forpligtet til at levere p\u00e5lideligt og berigende indhold, der bidrager til vores l\u00e6seres uddannelse og personlige udvikling.<\/p>\n<p>Vores team best\u00e5r af professionelle, der br\u00e6nder for at dele viden og indsigt inden for forskellige omr\u00e5der, og sikrer, at hver artikel, guide eller analyse ikke kun er informativ, men ogs\u00e5 inspirerende og tilg\u00e6ngelig for alle.<\/p>\n<p>Hos BitesofPleasure leder vi altid efter nye m\u00e5der at g\u00f8re information mere tilg\u00e6ngelig og lettere at forst\u00e5, fordi vi tror p\u00e5, at uddannelse er n\u00f8glen til en bedre fremtid. Tag med os p\u00e5 denne rejse med opdagelse og v\u00e6kst!<\/p>","protected":false},"excerpt":{"rendered":"<p>Bem-vindo ao BitesofPleasure Blog, fundado em 2023, um portal dedicado a oferecer informa\u00e7\u00f5es valiosas para a sociedade. Nossa miss\u00e3o \u00e9 promover a democratiza\u00e7\u00e3o do conhecimento&#8230;<\/p>","protected":false},"author":1,"featured_media":0,"parent":0,"menu_order":0,"comment_status":"closed","ping_status":"closed","template":"","meta":{"footnotes":""},"class_list":["post-1234","page","type-page","status-publish","hentry"],"_links":{"self":[{"href":"https:\/\/bitesofpleasure.com\/da\/wp-json\/wp\/v2\/pages\/1234","targetHints":{"allow":["GET"]}}],"collection":[{"href":"https:\/\/bitesofpleasure.com\/da\/wp-json\/wp\/v2\/pages"}],"about":[{"href":"https:\/\/bitesofpleasure.com\/da\/wp-json\/wp\/v2\/types\/page"}],"author":[{"embeddable":true,"href":"https:\/\/bitesofpleasure.com\/da\/wp-json\/wp\/v2\/users\/1"}],"replies":[{"embeddable":true,"href":"https:\/\/bitesofpleasure.com\/da\/wp-json\/wp\/v2\/comments?post=1234"}],"version-history":[{"count":1,"href":"https:\/\/bitesofpleasure.com\/da\/wp-json\/wp\/v2\/pages\/1234\/revisions"}],"predecessor-version":[{"id":1235,"href":"https:\/\/bitesofpleasure.com\/da\/wp-json\/wp\/v2\/pages\/1234\/revisions\/1235"}],"wp:attachment":[{"href":"https:\/\/bitesofpleasure.com\/da\/wp-json\/wp\/v2\/media?parent=1234"}],"curies":[{"name":"wp","href":"https:\/\/api.w.org\/{rel}","templated":true}]}}