{"id":1214,"date":"2024-01-02T21:30:35","date_gmt":"2024-01-03T00:30:35","guid":{"rendered":"http:\/\/bitesofpleasure.com\/?page_id=1214"},"modified":"2024-01-02T21:32:32","modified_gmt":"2024-01-03T00:32:32","slug":"termos-de-uso","status":"publish","type":"page","link":"https:\/\/bitesofpleasure.com\/da\/termos-de-uso\/","title":{"rendered":"Brugsbetingelser"},"content":{"rendered":"<p>Velkommen til BitesofPleasures cookiepolitik, som er tilg\u00e6ngelig p\u00e5 [link til cookiepolitik]. <a href=\"http:\/\/bitesofpleasure.com\/\" target=\"_new\" rel=\"noopener\">www.bitesofpleasure.com<\/a><\/p>\n<p><strong>Hvad er cookies?<\/strong> Ligesom de fleste professionelle websteder bruger BitesofPleasure cookies, sm\u00e5 filer, der overf\u00f8res til din enhed, for at optimere din browseroplevelse. Dette afsnit beskriver de oplysninger, som cookies indsamler, hvordan vi bruger dem, og hvorfor vi nogle gange er n\u00f8dt til at gemme dem. Vi vil ogs\u00e5 forklare, hvordan du kan forhindre, at disse cookies gemmes, selvom dette kan p\u00e5virke webstedets funktionalitet. For mere information om cookies, se Wikipedia-artiklen om HTTP-cookies.<\/p>\n<p><strong>Vores cookiepolitik<\/strong> Vi bruger cookies af forskellige \u00e5rsager, som er beskrevet nedenfor. I mange tilf\u00e6lde er der ingen branchestandardmuligheder for at deaktivere cookies uden at p\u00e5virke den funktionalitet, der tilf\u00f8jes til dette websted. Vi anbefaler, at du holder alle cookies aktiveret, medmindre du er sikker p\u00e5, at du ikke har brug for dem.<\/p>\n<p><strong>S\u00e5dan blokerer du cookies<\/strong> Du kan blokere for cookies ved at justere indstillingerne i din browser (se din browsers support for instruktioner). V\u00e6r dog opm\u00e6rksom p\u00e5, at deaktivering af cookies kan p\u00e5virke funktionaliteten af dette og andre websteder, du bes\u00f8ger. Derfor anbefales det ikke at deaktivere cookies.<\/p>\n<p><strong>Cookies vi bruger<\/strong><\/p>\n<ul>\n<li><strong>Cookies til webstedskonfiguration:<\/strong> For at give dig en personlig oplevelse p\u00e5 vores hjemmeside, tilbyder vi dig muligheden for at justere dine browserpr\u00e6ferencer. Vi bruger cookies til at huske dine valg og gemme disse oplysninger til fremtidige bes\u00f8g.<\/li>\n<li><strong>Partnercookies:<\/strong> I visse situationer bruger vi cookies fra partnervirksomheder. Detaljer om hvilke tredjepartscookies du kan st\u00f8de p\u00e5 p\u00e5 vores hjemmeside, findes i n\u00e6ste afsnit.<\/li>\n<\/ul>\n<p><strong>Analyse- og annonceringsv\u00e6rkt\u00f8jer<\/strong><\/p>\n<ul>\n<li><strong>Google Analytics:<\/strong> Vi bruger dette popul\u00e6re analysev\u00e6rkt\u00f8j til at forst\u00e5, hvordan du interagerer med vores hjemmeside, og til at forbedre din oplevelse. Disse cookies sporer aspekter som f.eks. l\u00e6ngden af dit bes\u00f8g og de sider, du bes\u00f8ger. For mere information om Google Analytics, bes\u00f8g venligst den officielle side.<\/li>\n<li><strong>Google AdSense:<\/strong> Vi bruger AdSense til at levere annoncer. Den bruger en DoubleClick-cookie til at vise dig mere relevante annoncer og begr\u00e6nse, hvor ofte du ser en annonce. Du kan finde flere oplysninger om Google AdSense i de ofte stillede sp\u00f8rgsm\u00e5l om privatliv for Google AdSense.<\/li>\n<\/ul>\n<p><strong>Yderligere oplysninger<\/strong> Vi h\u00e5ber, at du fandt disse oplysninger nyttige. Som n\u00e6vnt anbefales det at holde cookies aktiveret for at sikre en bedre oplevelse p\u00e5 hjemmesiden. Hvis du har brug for yderligere information, er du velkommen til at kontakte os p\u00e5: <a target=\"_new\" rel=\"noopener\">kontakt@bitesofpleasure.com<\/a>.<\/p>","protected":false},"excerpt":{"rendered":"<p>Bem-vindo \u00e0 Pol\u00edtica de Cookies do BitesofPleasure, acess\u00edvel em www.bitesofpleasure.com O que s\u00e3o cookies? Assim como a maioria dos sites profissionais, o BitesofPleasure utiliza cookies,&#8230;<\/p>","protected":false},"author":1,"featured_media":0,"parent":0,"menu_order":0,"comment_status":"closed","ping_status":"closed","template":"","meta":{"footnotes":""},"class_list":["post-1214","page","type-page","status-publish","hentry"],"_links":{"self":[{"href":"https:\/\/bitesofpleasure.com\/da\/wp-json\/wp\/v2\/pages\/1214","targetHints":{"allow":["GET"]}}],"collection":[{"href":"https:\/\/bitesofpleasure.com\/da\/wp-json\/wp\/v2\/pages"}],"about":[{"href":"https:\/\/bitesofpleasure.com\/da\/wp-json\/wp\/v2\/types\/page"}],"author":[{"embeddable":true,"href":"https:\/\/bitesofpleasure.com\/da\/wp-json\/wp\/v2\/users\/1"}],"replies":[{"embeddable":true,"href":"https:\/\/bitesofpleasure.com\/da\/wp-json\/wp\/v2\/comments?post=1214"}],"version-history":[{"count":1,"href":"https:\/\/bitesofpleasure.com\/da\/wp-json\/wp\/v2\/pages\/1214\/revisions"}],"predecessor-version":[{"id":1215,"href":"https:\/\/bitesofpleasure.com\/da\/wp-json\/wp\/v2\/pages\/1214\/revisions\/1215"}],"wp:attachment":[{"href":"https:\/\/bitesofpleasure.com\/da\/wp-json\/wp\/v2\/media?parent=1214"}],"curies":[{"name":"wp","href":"https:\/\/api.w.org\/{rel}","templated":true}]}}