{"id":3,"date":"2024-01-02T10:18:24","date_gmt":"2024-01-02T13:18:24","guid":{"rendered":"http:\/\/bitesofpleasure.com\/?page_id=3"},"modified":"2024-01-02T21:38:02","modified_gmt":"2024-01-03T00:38:02","slug":"politica-de-privacidade","status":"publish","type":"page","link":"https:\/\/bitesofpleasure.com\/cs\/politica-de-privacidade\/","title":{"rendered":"Z\u00e1sady ochrany osobn\u00edch \u00fadaj\u016f"},"content":{"rendered":"<div class=\"flex-1 overflow-hidden\">\r\n<div class=\"react-scroll-to-bottom--css-oabmi-79elbk h-full\">\r\n<div class=\"react-scroll-to-bottom--css-oabmi-1n7m0yu\">\r\n<div class=\"flex flex-col pb-9 text-sm\">\r\n<div class=\"w-full text-token-text-primary\" data-testid=\"conversation-turn-5\">\r\n<div class=\"px-4 py-2 justify-center text-base md:gap-6 m-auto\">\r\n<div class=\"flex flex-1 text-base mx-auto gap-3 md:px-5 lg:px-1 xl:px-5 md:max-w-3xl lg:max-w-[40rem] xl:max-w-[48rem] group final-completion\">\r\n<div class=\"relative flex w-full flex-col lg:w-[calc(100%-115px)] agent-turn\">\r\n<div class=\"flex-col gap-1 md:gap-3\">\r\n<div class=\"flex flex-grow flex-col max-w-full\">\r\n<div class=\"min-h-[20px] text-message flex flex-col items-start gap-3 whitespace-pre-wrap break-words [.text-message+&amp;]:mt-5 overflow-x-auto\" data-message-author-role=\"assistant\" data-message-id=\"35a68a1c-073e-4aa0-903f-9e246ece482d\">\r\n<div class=\"markdown prose w-full break-words dark:prose-invert light\">\r\n<p>Toto jsou z\u00e1sady ochrany osobn\u00edch \u00fadaj\u016f BitesofPleasure dostupn\u00e9 na adrese <a href=\"http:\/\/bitesofpleasure.com\/\" target=\"_new\" rel=\"noopener\">www.bitesofpleasure.com<\/a><\/p>\r\n<p><strong>Co jsou soubory cookie?<\/strong> Stejn\u011b jako v\u011bt\u0161ina profesion\u00e1ln\u00edch webov\u00fdch str\u00e1nek pou\u017e\u00edv\u00e1 BitesofPleasure soubory cookie, mal\u00e9 soubory p\u0159en\u00e1\u0161en\u00e9 do va\u0161eho za\u0159\u00edzen\u00ed, k optimalizaci va\u0161eho proch\u00e1zen\u00ed. Tato \u010d\u00e1st vysv\u011btluje, jak\u00e9 informace tyto soubory cookie shroma\u017e\u010fuj\u00ed, jak je pou\u017e\u00edv\u00e1me a pro\u010d je n\u011bkdy pot\u0159ebujeme ukl\u00e1dat. Vysv\u011btl\u00edme tak\u00e9, jak m\u016f\u017eete zabr\u00e1nit ukl\u00e1d\u00e1n\u00ed t\u011bchto soubor\u016f cookie, kter\u00e9 mohou ovlivnit funk\u010dnost str\u00e1nek. Dal\u0161\u00ed informace o souborech cookie naleznete v \u010dl\u00e1nku Wikipedie o souborech cookie HTTP.<\/p>\r\n<p><strong>Pou\u017e\u00edv\u00e1n\u00ed soubor\u016f cookie<\/strong> Soubory cookie pou\u017e\u00edv\u00e1me z mnoha d\u016fvod\u016f, kter\u00e9 jsou podrobn\u011b pops\u00e1ny n\u00ed\u017ee. V mnoha p\u0159\u00edpadech neexistuj\u00ed \u017e\u00e1dn\u00e9 standardn\u00ed mo\u017enosti pro zak\u00e1z\u00e1n\u00ed soubor\u016f cookie, ani\u017e by to ovlivnilo funkce p\u0159idan\u00e9 na tento web. Doporu\u010dujeme ponechat v\u0161echny soubory cookie povolen\u00e9, pokud si nejste jisti, \u017ee je nepot\u0159ebujete.<\/p>\r\n<p><strong>Jak zak\u00e1zat soubory cookie<\/strong> Nastaven\u00ed cookies m\u016f\u017eete zablokovat \u00fapravou nastaven\u00ed va\u0161eho prohl\u00ed\u017ee\u010de (pokyny naleznete v podpo\u0159e va\u0161eho prohl\u00ed\u017ee\u010de). Zak\u00e1z\u00e1n\u00ed soubor\u016f cookie v\u0161ak m\u016f\u017ee ovlivnit funk\u010dnost t\u00e9to a dal\u0161\u00edch webov\u00fdch str\u00e1nek, kter\u00e9 nav\u0161t\u00edv\u00edte. Proto se nedoporu\u010duje zakazovat soubory cookie.<\/p>\r\n<p><strong>Soubory cookie, kter\u00e9 pou\u017e\u00edv\u00e1me<\/strong><\/p>\r\n<ul>\r\n<li><strong>Soubory cookie konfigurace webu:<\/strong> Abychom v\u00e1m poskytli personalizovan\u00e9 prost\u0159ed\u00ed, nab\u00edz\u00edme mo\u017enost upravit va\u0161e p\u0159edvolby proch\u00e1zen\u00ed. Soubory cookie pou\u017e\u00edv\u00e1me k zapamatov\u00e1n\u00ed va\u0161ich voleb a ulo\u017een\u00ed t\u011bchto informac\u00ed pro budouc\u00ed n\u00e1v\u0161t\u011bvy.<\/li>\r\n<li><strong>Partnersk\u00e9 soubory cookie:<\/strong> V n\u011bkter\u00fdch situac\u00edch pou\u017e\u00edv\u00e1me cookies od partnersk\u00fdch spole\u010dnost\u00ed. N\u00ed\u017ee podrobn\u011b popisujeme, se kter\u00fdmi soubory cookie t\u0159et\u00edch stran se m\u016f\u017eete na na\u0161ich webov\u00fdch str\u00e1nk\u00e1ch setkat.<\/li>\r\n<li><strong>Google Analytics:<\/strong> Tento analytick\u00fd n\u00e1stroj pou\u017e\u00edv\u00e1me k tomu, abychom porozum\u011bli tomu, jak interagujete s na\u0161imi webov\u00fdmi str\u00e1nkami, a zlep\u0161ili va\u0161i zku\u0161enost. Tyto soubory cookie sleduj\u00ed aspekty, jako je d\u00e9lka n\u00e1v\u0161t\u011bvy a nav\u0161t\u00edven\u00e9 str\u00e1nky. Pro v\u00edce informac\u00ed nav\u0161tivte ofici\u00e1ln\u00ed str\u00e1nku Google Analytics.<\/li>\r\n<li><strong>Google AdSense:<\/strong> K zobrazov\u00e1n\u00ed reklam pou\u017e\u00edv\u00e1me slu\u017ebu AdSense, kter\u00e1 vyu\u017e\u00edv\u00e1 soubor cookie DoubleClick k zobrazov\u00e1n\u00ed relevantn\u011bj\u0161\u00edch reklam a \u0159\u00edzen\u00ed frekvence konkr\u00e9tn\u00ed reklamy. Dal\u0161\u00ed podrobnosti naleznete v nej\u010dast\u011bj\u0161\u00edch dotazech t\u00fdkaj\u00edc\u00edch se ochrany osobn\u00edch \u00fadaj\u016f Google AdSense.<\/li>\r\n<\/ul>\r\n<p><strong>dodate\u010dn\u00e9 informace<\/strong> Douf\u00e1me, \u017ee jsme objasnili va\u0161e pochybnosti. Jak ji\u017e bylo zm\u00edn\u011bno, je vhodn\u00e9 ponechat cookies aktivn\u00ed pro lep\u0161\u00ed z\u00e1\u017eitek z webu. Pokud pot\u0159ebujete dal\u0161\u00ed informace, kontaktujte n\u00e1s na e-mailu: <a target=\"_new\" rel=\"noopener\">contato@bitesofpleasure.com<\/a>.<\/p>\r\n<\/div>\r\n<\/div>\r\n<\/div>\r\n<\/div>\r\n<\/div>\r\n<\/div>\r\n<\/div>\r\n<\/div>\r\n<\/div>\r\n<\/div>\r\n<\/div>\r\n<\/div>","protected":false},"excerpt":{"rendered":"<p>Toto jsou z\u00e1sady ochrany osobn\u00edch \u00fadaj\u016f BitesofPleasure dostupn\u00e9 na adrese www.bitesofpleasure.com Co jsou soubory cookie? Stejn\u011b jako v\u011bt\u0161ina profesion\u00e1ln\u00edch webov\u00fdch str\u00e1nek pou\u017e\u00edv\u00e1 BitesofPleasure soubory cookie,\u2026<\/p>","protected":false},"author":1,"featured_media":0,"parent":0,"menu_order":0,"comment_status":"closed","ping_status":"open","template":"","meta":{"footnotes":""},"class_list":["post-3","page","type-page","status-publish","hentry"],"_links":{"self":[{"href":"https:\/\/bitesofpleasure.com\/cs\/wp-json\/wp\/v2\/pages\/3","targetHints":{"allow":["GET"]}}],"collection":[{"href":"https:\/\/bitesofpleasure.com\/cs\/wp-json\/wp\/v2\/pages"}],"about":[{"href":"https:\/\/bitesofpleasure.com\/cs\/wp-json\/wp\/v2\/types\/page"}],"author":[{"embeddable":true,"href":"https:\/\/bitesofpleasure.com\/cs\/wp-json\/wp\/v2\/users\/1"}],"replies":[{"embeddable":true,"href":"https:\/\/bitesofpleasure.com\/cs\/wp-json\/wp\/v2\/comments?post=3"}],"version-history":[{"count":2,"href":"https:\/\/bitesofpleasure.com\/cs\/wp-json\/wp\/v2\/pages\/3\/revisions"}],"predecessor-version":[{"id":1233,"href":"https:\/\/bitesofpleasure.com\/cs\/wp-json\/wp\/v2\/pages\/3\/revisions\/1233"}],"wp:attachment":[{"href":"https:\/\/bitesofpleasure.com\/cs\/wp-json\/wp\/v2\/media?parent=3"}],"curies":[{"name":"wp","href":"https:\/\/api.w.org\/{rel}","templated":true}]}}