{"id":1292,"date":"2024-01-08T22:42:09","date_gmt":"2024-01-09T01:42:09","guid":{"rendered":"http:\/\/bitesofpleasure.com\/?page_id=1292"},"modified":"2024-01-08T23:14:46","modified_gmt":"2024-01-09T02:14:46","slug":"os-5-aplicativos-que-vao-transformar-sua-vida-amorosa","status":"publish","type":"page","link":"https:\/\/bitesofpleasure.com\/cs\/os-5-aplicativos-que-vao-transformar-sua-vida-amorosa\/","title":{"rendered":"5 aplikac\u00ed, kter\u00e9 prom\u011bn\u00ed v\u00e1\u0161 milostn\u00fd \u017eivot!"},"content":{"rendered":"<div class=\"w-full text-token-text-primary\" data-testid=\"conversation-turn-3\">\n<div class=\"px-4 py-2 justify-center text-base md:gap-6 m-auto\">\n<div class=\"flex flex-1 text-base mx-auto gap-3 md:px-5 lg:px-1 xl:px-5 md:max-w-3xl lg:max-w-[40rem] xl:max-w-[48rem] group final-completion\">\n<div class=\"relative flex w-full flex-col lg:w-[calc(100%-115px)] agent-turn\">\n<div class=\"flex-col gap-1 md:gap-3\">\n<div class=\"flex flex-grow flex-col max-w-full\">\n<div class=\"min-h-[20px] text-message flex flex-col items-start gap-3 whitespace-pre-wrap break-words [.text-message+&amp;]:mt-5 overflow-x-auto\" data-message-author-role=\"assistant\" data-message-id=\"7b2263fe-19dd-4a5e-9de6-94cbab094208\">\n<div class=\"markdown prose w-full break-words dark:prose-invert light\">\n<p>P\u0159edstavte si, \u017ee prozkoum\u00e1v\u00e1te sv\u011bt technologi\u00ed, abyste obohatili sv\u016fj milostn\u00fd \u017eivot.<\/p>\n<p style=\"text-align: center;\"><a class=\"mb-button mb-style-flat mb-size-default mb-corners-pill mb-text-style-default\" style=\"background-color: #db2c2c;\" href=\"http:\/\/bitesofpleasure.com\/o-mundo-dos-relacionamentos-virtuais-os-melhores-aplicativos-para-conectar-coracoes\/\"> \u00a0<i class=\"fa fa-arrow-right\"><\/i>\u00a0 NAU\u010cTE SE, JAK M\u00cdT RAND\u011a<\/a><\/p>\n<p style=\"text-align: center;\"><a class=\"mb-button mb-style-flat mb-size-default mb-corners-pill mb-text-style-default\" style=\"background-color: #c42b9c;\" href=\"http:\/\/bitesofpleasure.com\/o-mundo-dos-relacionamentos-virtuais-os-melhores-aplicativos-para-conectar-coracoes\/\">\u00a0<i class=\"fa fa-arrow-right\"><\/i>\u00a0 ZJIST\u011aTE, JAK SE SCHV\u00c1LIT S LIDI<\/a><\/p>\n<h6 style=\"text-align: center;\">Z\u016fstanete na aktu\u00e1ln\u00edm webu<\/h6>\n<p>Dnes m\u00e1me k dispozici \u0159adu seznamovac\u00edch aplikac\u00ed, kter\u00e9 vyhovuj\u00ed r\u016fzn\u00fdm pot\u0159eb\u00e1m a preferenc\u00edm. A\u0165 u\u017e hled\u00e1te n\u011bco neform\u00e1ln\u00edho nebo smyslupln\u011bj\u0161\u00edho spojen\u00ed, tyto aplikace nab\u00edzej\u00ed personalizovan\u00e9 z\u00e1\u017eitky.<\/p>\n<p>Pro ty, kte\u0159\u00ed cht\u011bj\u00ed za\u010d\u00edt odleh\u010den\u011b a bez z\u00e1vazk\u016f, mohou b\u00fdt tyto aplikace ide\u00e1ln\u00edm v\u00fdchoz\u00edm bodem. Zejm\u00e9na n\u011bkter\u00e9 z nich povzbuzuj\u00ed \u017eeny, aby ud\u011blaly prvn\u00ed krok, a podporuj\u00ed tak vyv\u00e1\u017een\u011bj\u0161\u00ed a posiluj\u00edc\u00ed dynamiku v online vztaz\u00edch.<\/p>\n<p>Krom\u011b toho existuj\u00ed platformy zam\u011b\u0159en\u00e9 na vytv\u00e1\u0159en\u00ed hlub\u0161\u00edch vazeb, kter\u00e9 vyu\u017e\u00edvaj\u00ed podrobn\u00e9 profily k navrhov\u00e1n\u00ed skute\u010dn\u011b kompatibiln\u00edch partner\u016f. Pro ty, kte\u0159\u00ed cht\u011bj\u00ed prom\u011bnit nez\u00e1vazn\u00e1 setk\u00e1n\u00ed v n\u011bco v\u00e1\u017en\u011bj\u0161\u00edho, existuj\u00ed aplikace, kter\u00e9 vynikaj\u00ed t\u00edm, \u017ee jako krit\u00e9rium pou\u017e\u00edvaj\u00ed geografickou bl\u00edzkost, co\u017e otev\u00edr\u00e1 mo\u017enosti p\u0159ekvapiv\u00fdch spojen\u00ed.<\/p>\n<p>Zaj\u00edm\u00e1 v\u00e1s, jak v\u00e1m tyto aplikace mohou pomoci budovat hodnotn\u00e9 vztahy? \u010ct\u011bte d\u00e1l a pono\u0159te se do sv\u011bta online seznamov\u00e1n\u00ed.<\/p>\n<p>Provedeme v\u00e1s procesem stahov\u00e1n\u00ed a pou\u017e\u00edv\u00e1n\u00ed t\u011bchto aplikac\u00ed a zam\u011b\u0159\u00edme se na to podstatn\u00e9, co v\u00e1m zv\u00fd\u0161\u00ed \u0161ance na nalezen\u00ed l\u00e1sky. Va\u0161e cesta k napl\u0148uj\u00edc\u00edmu milostn\u00e9mu \u017eivotu za\u010d\u00edn\u00e1 zde. \u010ct\u011bte d\u00e1l a objevte cestu k nalezen\u00ed sv\u00e9 sp\u0159\u00edzn\u011bn\u00e9 du\u0161e!<\/p>\n<\/div>\n<\/div>\n<\/div>\n<div class=\"mt-1 flex justify-start gap-3 empty:hidden\">\n<div class=\"text-gray-400 flex self-end lg:self-center justify-center lg:justify-start mt-0 -ml-1 visible\">\n<p>&nbsp;<\/p>\n<div class=\"flex\"><\/div>\n<div class=\"flex items-center gap-1.5 text-xs\"><\/div>\n<\/div>\n<\/div>\n<\/div>\n<\/div>\n<\/div>\n<\/div>\n<\/div>\n<div class=\"mx-auto\">\n<div data-projection-id=\"44\">\n<div class=\"mx-auto mt-2 inline-flex rounded-xl border border-gray-100 dark:border-gray-700\"><\/div>\n<\/div>\n<\/div>","protected":false},"excerpt":{"rendered":"<p>P\u0159edstavte si, \u017ee prozkoum\u00e1v\u00e1te sv\u011bt technologi\u00ed a obohacujete sv\u016fj milostn\u00fd \u017eivot. NAU\u010cTE SE, JAK RANDIT ZJIST\u011aTE, JAK SE POTK\u00c1VAT LIDEM Z\u016fstanete na webu\u2026<\/p>","protected":false},"author":1,"featured_media":0,"parent":0,"menu_order":0,"comment_status":"closed","ping_status":"closed","template":"","meta":{"footnotes":""},"class_list":["post-1292","page","type-page","status-publish","hentry"],"_links":{"self":[{"href":"https:\/\/bitesofpleasure.com\/cs\/wp-json\/wp\/v2\/pages\/1292","targetHints":{"allow":["GET"]}}],"collection":[{"href":"https:\/\/bitesofpleasure.com\/cs\/wp-json\/wp\/v2\/pages"}],"about":[{"href":"https:\/\/bitesofpleasure.com\/cs\/wp-json\/wp\/v2\/types\/page"}],"author":[{"embeddable":true,"href":"https:\/\/bitesofpleasure.com\/cs\/wp-json\/wp\/v2\/users\/1"}],"replies":[{"embeddable":true,"href":"https:\/\/bitesofpleasure.com\/cs\/wp-json\/wp\/v2\/comments?post=1292"}],"version-history":[{"count":6,"href":"https:\/\/bitesofpleasure.com\/cs\/wp-json\/wp\/v2\/pages\/1292\/revisions"}],"predecessor-version":[{"id":1302,"href":"https:\/\/bitesofpleasure.com\/cs\/wp-json\/wp\/v2\/pages\/1292\/revisions\/1302"}],"wp:attachment":[{"href":"https:\/\/bitesofpleasure.com\/cs\/wp-json\/wp\/v2\/media?parent=1292"}],"curies":[{"name":"wp","href":"https:\/\/api.w.org\/{rel}","templated":true}]}}