{"id":1234,"date":"2024-01-02T21:34:00","date_gmt":"2024-01-03T00:34:00","guid":{"rendered":"http:\/\/bitesofpleasure.com\/?page_id=1234"},"modified":"2024-01-02T21:34:00","modified_gmt":"2024-01-03T00:34:00","slug":"quem-somos","status":"publish","type":"page","link":"https:\/\/bitesofpleasure.com\/cs\/quem-somos\/","title":{"rendered":"Kdo jsme"},"content":{"rendered":"<p>V\u00edtejte na blogu BitesofPleasure, zalo\u017een\u00e9m v roce 2023, port\u00e1lu v\u011bnovan\u00e9mu nab\u00edzen\u00ed cenn\u00fdch informac\u00ed spole\u010dnosti. Na\u0161\u00edm posl\u00e1n\u00edm je podporovat demokratizaci znalost\u00ed a informac\u00ed.<\/p>\n<p>Pevn\u011b v\u011b\u0159\u00edme, \u017ee p\u0159\u00edstup ke strukturovan\u00fdm, vysoce kvalitn\u00edm informac\u00edm je z\u00e1kladn\u00edm pil\u00ed\u0159em pokroku spole\u010dnosti. Ve spole\u010dnosti BitesofPleasure jsme odhodl\u00e1ni poskytovat d\u016fv\u011bryhodn\u00fd a obohacuj\u00edc\u00ed obsah, kter\u00fd p\u0159isp\u00edv\u00e1 ke vzd\u011bl\u00e1v\u00e1n\u00ed a osobn\u00edmu rozvoji na\u0161ich \u010dten\u00e1\u0159\u016f.<\/p>\n<p>N\u00e1\u0161 t\u00fdm se skl\u00e1d\u00e1 z profesion\u00e1l\u016f, kte\u0159\u00ed jsou nad\u0161en\u00ed pro sd\u00edlen\u00ed znalost\u00ed a post\u0159eh\u016f v r\u016fzn\u00fdch oblastech a zaji\u0161\u0165uj\u00ed, \u017ee ka\u017ed\u00fd \u010dl\u00e1nek, pr\u016fvodce nebo anal\u00fdza jsou nejen informativn\u00ed, ale tak\u00e9 inspirativn\u00ed a p\u0159\u00edstupn\u00e9 v\u0161em.<\/p>\n<p>V BitesofPleasure st\u00e1le hled\u00e1me nov\u00e9 zp\u016fsoby, jak u\u010dinit informace dostupn\u011bj\u0161\u00edmi a srozumiteln\u011bj\u0161\u00edmi, proto\u017ee v\u011b\u0159\u00edme, \u017ee vzd\u011bl\u00e1n\u00ed je kl\u00ed\u010dem k lep\u0161\u00ed budoucnosti. P\u0159ipojte se k n\u00e1m na t\u00e9to cest\u011b objevov\u00e1n\u00ed a r\u016fstu!<\/p>","protected":false},"excerpt":{"rendered":"<p>V\u00edtejte na blogu BitesofPleasure, zalo\u017een\u00e9m v roce 2023, port\u00e1lu v\u011bnovan\u00e9mu nab\u00edzen\u00ed cenn\u00fdch informac\u00ed spole\u010dnosti. Na\u0161\u00edm posl\u00e1n\u00edm je podporovat demokratizaci znalost\u00ed\u2026<\/p>","protected":false},"author":1,"featured_media":0,"parent":0,"menu_order":0,"comment_status":"closed","ping_status":"closed","template":"","meta":{"footnotes":""},"class_list":["post-1234","page","type-page","status-publish","hentry"],"_links":{"self":[{"href":"https:\/\/bitesofpleasure.com\/cs\/wp-json\/wp\/v2\/pages\/1234","targetHints":{"allow":["GET"]}}],"collection":[{"href":"https:\/\/bitesofpleasure.com\/cs\/wp-json\/wp\/v2\/pages"}],"about":[{"href":"https:\/\/bitesofpleasure.com\/cs\/wp-json\/wp\/v2\/types\/page"}],"author":[{"embeddable":true,"href":"https:\/\/bitesofpleasure.com\/cs\/wp-json\/wp\/v2\/users\/1"}],"replies":[{"embeddable":true,"href":"https:\/\/bitesofpleasure.com\/cs\/wp-json\/wp\/v2\/comments?post=1234"}],"version-history":[{"count":1,"href":"https:\/\/bitesofpleasure.com\/cs\/wp-json\/wp\/v2\/pages\/1234\/revisions"}],"predecessor-version":[{"id":1235,"href":"https:\/\/bitesofpleasure.com\/cs\/wp-json\/wp\/v2\/pages\/1234\/revisions\/1235"}],"wp:attachment":[{"href":"https:\/\/bitesofpleasure.com\/cs\/wp-json\/wp\/v2\/media?parent=1234"}],"curies":[{"name":"wp","href":"https:\/\/api.w.org\/{rel}","templated":true}]}}