{"id":1214,"date":"2024-01-02T21:30:35","date_gmt":"2024-01-03T00:30:35","guid":{"rendered":"http:\/\/bitesofpleasure.com\/?page_id=1214"},"modified":"2024-01-02T21:32:32","modified_gmt":"2024-01-03T00:32:32","slug":"termos-de-uso","status":"publish","type":"page","link":"https:\/\/bitesofpleasure.com\/cs\/termos-de-uso\/","title":{"rendered":"Podm\u00ednky pou\u017eit\u00ed"},"content":{"rendered":"<p>V\u00edtejte v z\u00e1sad\u00e1ch soubor\u016f cookie BitesofPleasure, kter\u00e9 jsou dostupn\u00e9 na adrese <a href=\"http:\/\/bitesofpleasure.com\/\" target=\"_new\" rel=\"noopener\">www.bitesofpleasure.com<\/a><\/p>\n<p><strong>Co jsou cookies?<\/strong> Stejn\u011b jako v\u011bt\u0161ina profesion\u00e1ln\u00edch webov\u00fdch str\u00e1nek pou\u017e\u00edv\u00e1 BitesofPleasure soubory cookie, mal\u00e9 soubory p\u0159en\u00e1\u0161en\u00e9 do va\u0161eho za\u0159\u00edzen\u00ed, za \u00fa\u010delem optimalizace va\u0161eho proch\u00e1zen\u00ed. Tato \u010d\u00e1st podrobn\u011b popisuje, jak\u00e9 informace soubory cookie shroma\u017e\u010fuj\u00ed, jak je pou\u017e\u00edv\u00e1me a pro\u010d je v n\u011bkter\u00fdch p\u0159\u00edpadech mus\u00edme ukl\u00e1dat. Vysv\u011btl\u00edme tak\u00e9, jak m\u016f\u017eete zabr\u00e1nit ukl\u00e1d\u00e1n\u00ed t\u011bchto soubor\u016f cookie, i kdy\u017e to m\u016f\u017ee ovlivnit funk\u010dnost str\u00e1nek. Dal\u0161\u00ed informace o souborech cookie naleznete v \u010dl\u00e1nku Wikipedie o souborech cookie HTTP.<\/p>\n<p><strong>Na\u0161e z\u00e1sady pou\u017e\u00edv\u00e1n\u00ed soubor\u016f cookie<\/strong> Soubory cookie pou\u017e\u00edv\u00e1me z mnoha d\u016fvod\u016f, kter\u00e9 jsou podrobn\u011b pops\u00e1ny n\u00ed\u017ee. V mnoha p\u0159\u00edpadech neexistuj\u00ed \u017e\u00e1dn\u00e9 standardn\u00ed mo\u017enosti pro zak\u00e1z\u00e1n\u00ed soubor\u016f cookie, ani\u017e by to ovlivnilo funkce p\u0159idan\u00e9 na tento web. Doporu\u010dujeme ponechat v\u0161echny soubory cookie povolen\u00e9, pokud si nejste jisti, \u017ee je nepot\u0159ebujete.<\/p>\n<p><strong>Jak blokovat soubory cookie<\/strong> Nastaven\u00ed cookies m\u016f\u017eete zablokovat \u00fapravou nastaven\u00ed va\u0161eho prohl\u00ed\u017ee\u010de (pokyny naleznete v podpo\u0159e va\u0161eho prohl\u00ed\u017ee\u010de). M\u011bjte v\u0161ak pros\u00edm na pam\u011bti, \u017ee zak\u00e1z\u00e1n\u00ed soubor\u016f cookie m\u016f\u017ee ovlivnit funk\u010dnost t\u00e9to a dal\u0161\u00edch webov\u00fdch str\u00e1nek, kter\u00e9 nav\u0161t\u00edv\u00edte. Proto se nedoporu\u010duje zakazovat soubory cookie.<\/p>\n<p><strong>Soubory cookie, kter\u00e9 pou\u017e\u00edv\u00e1me<\/strong><\/p>\n<ul>\n<li><strong>Soubory cookie konfigurace webu:<\/strong> Abychom v\u00e1m poskytli personalizovan\u00fd z\u00e1\u017eitek na na\u0161ich webov\u00fdch str\u00e1nk\u00e1ch, nab\u00edz\u00edme mo\u017enost upravit va\u0161e preference proch\u00e1zen\u00ed. Soubory cookie pou\u017e\u00edv\u00e1me k zapamatov\u00e1n\u00ed va\u0161ich voleb a ulo\u017een\u00ed t\u011bchto informac\u00ed pro budouc\u00ed n\u00e1v\u0161t\u011bvy.<\/li>\n<li><strong>Partnersk\u00e9 soubory cookie:<\/strong> V ur\u010dit\u00fdch situac\u00edch pou\u017e\u00edv\u00e1me cookies od partnersk\u00fdch spole\u010dnost\u00ed. Podrobnosti o tom, se kter\u00fdmi soubory cookie t\u0159et\u00edch stran se m\u016f\u017eete setkat na na\u0161ich webov\u00fdch str\u00e1nk\u00e1ch, budou uvedeny v dal\u0161\u00ed \u010d\u00e1sti.<\/li>\n<\/ul>\n<p><strong>Analytick\u00e9 a reklamn\u00ed n\u00e1stroje<\/strong><\/p>\n<ul>\n<li><strong>Google Analytics:<\/strong> Tento obl\u00edben\u00fd analytick\u00fd n\u00e1stroj pou\u017e\u00edv\u00e1me k tomu, abychom porozum\u011bli tomu, jak interagujete s na\u0161imi str\u00e1nkami, a zlep\u0161ili va\u0161i zku\u0161enost. Tyto soubory cookie sleduj\u00ed aspekty, jako je \u010das va\u0161\u00ed n\u00e1v\u0161t\u011bvy a nav\u0161t\u00edven\u00e9 str\u00e1nky. Pro v\u00edce informac\u00ed o Google Analytics nav\u0161tivte ofici\u00e1ln\u00ed str\u00e1nku.<\/li>\n<li><strong>Google AdSense:<\/strong> K zobrazov\u00e1n\u00ed reklam pou\u017e\u00edv\u00e1me slu\u017ebu AdSense. K zobrazov\u00e1n\u00ed relevantn\u011bj\u0161\u00edch reklam a omezen\u00ed frekvence reklamy vyu\u017e\u00edv\u00e1 soubor cookie DoubleClick. Dal\u0161\u00ed informace o Google AdSense naleznete v nej\u010dast\u011bj\u0161\u00edch dotazech ohledn\u011b ochrany osobn\u00edch \u00fadaj\u016f Google AdSense.<\/li>\n<\/ul>\n<p><strong>dodate\u010dn\u00e9 informace<\/strong> Douf\u00e1me, \u017ee tyto informace byly u\u017eite\u010dn\u00e9. Jak ji\u017e bylo zm\u00edn\u011bno, je vhodn\u00e9 ponechat soubory cookie aktivn\u00ed, aby byl zaji\u0161t\u011bn lep\u0161\u00ed z\u00e1\u017eitek z webu. Pokud pot\u0159ebujete dal\u0161\u00ed informace, nev\u00e1hejte n\u00e1s kontaktovat na: <a target=\"_new\" rel=\"noopener\">contato@bitesofpleasure.com<\/a>.<\/p>","protected":false},"excerpt":{"rendered":"<p>V\u00edtejte v z\u00e1sad\u00e1ch soubor\u016f cookie BitesofPleasure, kter\u00e9 jsou dostupn\u00e9 na adrese www.bitesofpleasure.com Co jsou soubory cookie? Stejn\u011b jako v\u011bt\u0161ina profesion\u00e1ln\u00edch webov\u00fdch str\u00e1nek pou\u017e\u00edv\u00e1 BitesofPleasure soubory cookie,\u2026<\/p>","protected":false},"author":1,"featured_media":0,"parent":0,"menu_order":0,"comment_status":"closed","ping_status":"closed","template":"","meta":{"footnotes":""},"class_list":["post-1214","page","type-page","status-publish","hentry"],"_links":{"self":[{"href":"https:\/\/bitesofpleasure.com\/cs\/wp-json\/wp\/v2\/pages\/1214","targetHints":{"allow":["GET"]}}],"collection":[{"href":"https:\/\/bitesofpleasure.com\/cs\/wp-json\/wp\/v2\/pages"}],"about":[{"href":"https:\/\/bitesofpleasure.com\/cs\/wp-json\/wp\/v2\/types\/page"}],"author":[{"embeddable":true,"href":"https:\/\/bitesofpleasure.com\/cs\/wp-json\/wp\/v2\/users\/1"}],"replies":[{"embeddable":true,"href":"https:\/\/bitesofpleasure.com\/cs\/wp-json\/wp\/v2\/comments?post=1214"}],"version-history":[{"count":1,"href":"https:\/\/bitesofpleasure.com\/cs\/wp-json\/wp\/v2\/pages\/1214\/revisions"}],"predecessor-version":[{"id":1215,"href":"https:\/\/bitesofpleasure.com\/cs\/wp-json\/wp\/v2\/pages\/1214\/revisions\/1215"}],"wp:attachment":[{"href":"https:\/\/bitesofpleasure.com\/cs\/wp-json\/wp\/v2\/media?parent=1214"}],"curies":[{"name":"wp","href":"https:\/\/api.w.org\/{rel}","templated":true}]}}